{"id":23333,"date":"2024-12-27T21:27:55","date_gmt":"2024-12-27T21:27:55","guid":{"rendered":"https:\/\/posana.com\/?post_type=product&#038;p=23333"},"modified":"2024-12-28T17:20:02","modified_gmt":"2024-12-28T17:20:02","slug":"icone-01-slanted-liquid-liner-brush","status":"publish","type":"product","link":"https:\/\/posana.com\/fr\/produit\/icone-01-slanted-liquid-liner-brush\/","title":{"rendered":"iCONE 01 LIQUIDE LIQUIDE LIQUIDE BRUSH"},"content":{"rendered":"<p>Brosse \u00e0 cou courb\u00e9 de conception ergonomique fournit des applications de eye-liner liquide de pr\u00e9cision-parfait et sans effort avec une stabilit\u00e9 in\u00e9gal\u00e9e. Cr\u00e9ez des looks personnalis\u00e9s, pr\u00eats \u00e0 la cam\u00e9ra avec n'importe quel eyeliner liquide ou gel.<\/p>\n<p><strong>COMMENT UTILISER<\/strong><\/p>\n<p>Plongez la t\u00eate de brosse propre dans le produit et balayez soigneusement la doublure \u00e0 travers la doublure des cils en partant du coin int\u00e9rieur et en travaillant vers le coin ext\u00e9rieur. R\u00e9p\u00e9tez jusqu'\u00e0 ce que l'effet souhait\u00e9 soit atteint.<\/p>","protected":false},"excerpt":{"rendered":"<p>Ergonomically-designed bent-neck brush provides precision-perfect and effortless liquid eyeliner applications with unsurpassed stability. Create customized, camera-ready looks with any liquid or gel eyeliner. HOW TO USE Dip clean brush head into product and carefully sweep liner across lash liner starting from inner corner and working towards outer corner. Repeat until desired effect is achieved.<\/p>","protected":false},"featured_media":23429,"comment_status":"open","ping_status":"closed","template":"","meta":{"om_disable_all_campaigns":false,"_monsterinsights_skip_tracking":false,"_monsterinsights_sitenote_active":false,"_monsterinsights_sitenote_note":"","_monsterinsights_sitenote_category":0},"product_brand":[],"product_cat":[63],"product_tag":[],"mwb_booking_cost":[],"mwb_booking_service":[],"class_list":{"0":"post-23333","1":"product","2":"type-product","3":"status-publish","4":"has-post-thumbnail","6":"product_cat-beauty-essentials","9":"instock","10":"shipping-taxable","11":"purchasable","12":"product-type-simple","13":"product-grid-view"},"aioseo_notices":[],"_links":{"self":[{"href":"https:\/\/posana.com\/fr\/wp-json\/wp\/v2\/product\/23333","targetHints":{"allow":["GET"]}}],"collection":[{"href":"https:\/\/posana.com\/fr\/wp-json\/wp\/v2\/product"}],"about":[{"href":"https:\/\/posana.com\/fr\/wp-json\/wp\/v2\/types\/product"}],"replies":[{"embeddable":true,"href":"https:\/\/posana.com\/fr\/wp-json\/wp\/v2\/comments?post=23333"}],"version-history":[{"count":2,"href":"https:\/\/posana.com\/fr\/wp-json\/wp\/v2\/product\/23333\/revisions"}],"predecessor-version":[{"id":23430,"href":"https:\/\/posana.com\/fr\/wp-json\/wp\/v2\/product\/23333\/revisions\/23430"}],"wp:featuredmedia":[{"embeddable":true,"href":"https:\/\/posana.com\/fr\/wp-json\/wp\/v2\/media\/23429"}],"wp:attachment":[{"href":"https:\/\/posana.com\/fr\/wp-json\/wp\/v2\/media?parent=23333"}],"wp:term":[{"taxonomy":"product_brand","embeddable":true,"href":"https:\/\/posana.com\/fr\/wp-json\/wp\/v2\/product_brand?post=23333"},{"taxonomy":"product_cat","embeddable":true,"href":"https:\/\/posana.com\/fr\/wp-json\/wp\/v2\/product_cat?post=23333"},{"taxonomy":"product_tag","embeddable":true,"href":"https:\/\/posana.com\/fr\/wp-json\/wp\/v2\/product_tag?post=23333"},{"taxonomy":"mwb_booking_cost","embeddable":true,"href":"https:\/\/posana.com\/fr\/wp-json\/wp\/v2\/mwb_booking_cost?post=23333"},{"taxonomy":"mwb_booking_service","embeddable":true,"href":"https:\/\/posana.com\/fr\/wp-json\/wp\/v2\/mwb_booking_service?post=23333"}],"curies":[{"name":"wp","href":"https:\/\/api.w.org\/{rel}","templated":true}]}}