{"id":23331,"date":"2024-12-27T21:27:55","date_gmt":"2024-12-27T21:27:55","guid":{"rendered":"https:\/\/posana.com\/?post_type=product&#038;p=23331"},"modified":"2025-01-08T14:42:58","modified_gmt":"2025-01-08T14:42:58","slug":"vivifying-cream-50ml","status":"publish","type":"product","link":"https:\/\/posana.com\/fr\/produit\/vivifying-cream-50ml\/","title":{"rendered":"Cr\u00e8me Vivifiante 50ml"},"content":{"rendered":"<p>Traiter la cr\u00e8me pour la peau d\u00e9shydrat\u00e9e, terne et endommag\u00e9e par le soleil Fournit la solution parfaite pour la peau manquant de vitalit\u00e9 et ayant besoin d'un coup de pouce. Revitalise et r\u00e9g\u00e9n\u00e8re l'\u00e9piderme favorisant le processus naturel du renouvellement cellulaire. L\u2019application r\u00e9guli\u00e8re fournit \u00e0 la peau de l\u2019\u00e9nergie et de la vitalit\u00e9.<\/p>","protected":false},"excerpt":{"rendered":"<p>Traiter la cr\u00e8me pour la peau d\u00e9shydrat\u00e9e, terne et endommag\u00e9e par le soleil Fournit la solution parfaite pour la peau manquant de vitalit\u00e9 et ayant besoin d'un coup de pouce. Revitalise et r\u00e9g\u00e9n\u00e8re l'\u00e9piderme favorisant le processus naturel du renouvellement cellulaire. L\u2019application r\u00e9guli\u00e8re fournit \u00e0 la peau de l\u2019\u00e9nergie et de la vitalit\u00e9.<\/p>","protected":false},"featured_media":23425,"comment_status":"open","ping_status":"closed","template":"","meta":{"om_disable_all_campaigns":false,"_monsterinsights_skip_tracking":false,"_monsterinsights_sitenote_active":false,"_monsterinsights_sitenote_note":"","_monsterinsights_sitenote_category":0},"product_brand":[],"product_cat":[133,61],"product_tag":[],"mwb_booking_cost":[],"mwb_booking_service":[],"class_list":{"0":"post-23331","1":"product","2":"type-product","3":"status-publish","4":"has-post-thumbnail","6":"product_cat-emulsions","7":"product_cat-skin-care-products","10":"instock","11":"shipping-taxable","12":"purchasable","13":"product-type-simple","14":"product-grid-view"},"aioseo_notices":[],"_links":{"self":[{"href":"https:\/\/posana.com\/fr\/wp-json\/wp\/v2\/product\/23331","targetHints":{"allow":["GET"]}}],"collection":[{"href":"https:\/\/posana.com\/fr\/wp-json\/wp\/v2\/product"}],"about":[{"href":"https:\/\/posana.com\/fr\/wp-json\/wp\/v2\/types\/product"}],"replies":[{"embeddable":true,"href":"https:\/\/posana.com\/fr\/wp-json\/wp\/v2\/comments?post=23331"}],"version-history":[{"count":2,"href":"https:\/\/posana.com\/fr\/wp-json\/wp\/v2\/product\/23331\/revisions"}],"predecessor-version":[{"id":23426,"href":"https:\/\/posana.com\/fr\/wp-json\/wp\/v2\/product\/23331\/revisions\/23426"}],"wp:featuredmedia":[{"embeddable":true,"href":"https:\/\/posana.com\/fr\/wp-json\/wp\/v2\/media\/23425"}],"wp:attachment":[{"href":"https:\/\/posana.com\/fr\/wp-json\/wp\/v2\/media?parent=23331"}],"wp:term":[{"taxonomy":"product_brand","embeddable":true,"href":"https:\/\/posana.com\/fr\/wp-json\/wp\/v2\/product_brand?post=23331"},{"taxonomy":"product_cat","embeddable":true,"href":"https:\/\/posana.com\/fr\/wp-json\/wp\/v2\/product_cat?post=23331"},{"taxonomy":"product_tag","embeddable":true,"href":"https:\/\/posana.com\/fr\/wp-json\/wp\/v2\/product_tag?post=23331"},{"taxonomy":"mwb_booking_cost","embeddable":true,"href":"https:\/\/posana.com\/fr\/wp-json\/wp\/v2\/mwb_booking_cost?post=23331"},{"taxonomy":"mwb_booking_service","embeddable":true,"href":"https:\/\/posana.com\/fr\/wp-json\/wp\/v2\/mwb_booking_service?post=23331"}],"curies":[{"name":"wp","href":"https:\/\/api.w.org\/{rel}","templated":true}]}}