{"id":23330,"date":"2024-12-27T21:27:55","date_gmt":"2024-12-27T21:27:55","guid":{"rendered":"https:\/\/posana.com\/?post_type=product&#038;p=23330"},"modified":"2024-12-28T17:12:02","modified_gmt":"2024-12-28T17:12:02","slug":"vivifying-cream-200ml","status":"publish","type":"product","link":"https:\/\/posana.com\/fr\/produit\/vivifying-cream-200ml\/","title":{"rendered":"Cr\u00e8me Vivifiante 200ml"},"content":{"rendered":"<p>Fournit la solution parfaite pour la peau manquant de vitalit\u00e9 et ayant besoin d'un coup de pouce. Revitalise et r\u00e9g\u00e9n\u00e8re l'\u00e9piderme favorisant le processus naturel du renouvellement cellulaire. L\u2019application r\u00e9guli\u00e8re fournit \u00e0 la peau de l\u2019\u00e9nergie et de la vitalit\u00e9.<\/p>","protected":false},"excerpt":{"rendered":"<p>Fournit la solution parfaite pour la peau manquant de vitalit\u00e9 et ayant besoin d'un coup de pouce. Revitalise et r\u00e9g\u00e9n\u00e8re l'\u00e9piderme favorisant le processus naturel du renouvellement cellulaire. L\u2019application r\u00e9guli\u00e8re fournit \u00e0 la peau de l\u2019\u00e9nergie et de la vitalit\u00e9.<\/p>","protected":false},"featured_media":23424,"comment_status":"open","ping_status":"closed","template":"","meta":{"om_disable_all_campaigns":false,"_monsterinsights_skip_tracking":false,"_monsterinsights_sitenote_active":false,"_monsterinsights_sitenote_note":"","_monsterinsights_sitenote_category":0},"product_brand":[],"product_cat":[61],"product_tag":[],"mwb_booking_cost":[],"mwb_booking_service":[],"class_list":{"0":"post-23330","1":"product","2":"type-product","3":"status-publish","4":"has-post-thumbnail","6":"product_cat-skin-care-products","9":"instock","10":"shipping-taxable","11":"purchasable","12":"product-type-simple","13":"product-grid-view"},"aioseo_notices":[],"_links":{"self":[{"href":"https:\/\/posana.com\/fr\/wp-json\/wp\/v2\/product\/23330","targetHints":{"allow":["GET"]}}],"collection":[{"href":"https:\/\/posana.com\/fr\/wp-json\/wp\/v2\/product"}],"about":[{"href":"https:\/\/posana.com\/fr\/wp-json\/wp\/v2\/types\/product"}],"replies":[{"embeddable":true,"href":"https:\/\/posana.com\/fr\/wp-json\/wp\/v2\/comments?post=23330"}],"version-history":[{"count":1,"href":"https:\/\/posana.com\/fr\/wp-json\/wp\/v2\/product\/23330\/revisions"}],"predecessor-version":[{"id":23360,"href":"https:\/\/posana.com\/fr\/wp-json\/wp\/v2\/product\/23330\/revisions\/23360"}],"wp:featuredmedia":[{"embeddable":true,"href":"https:\/\/posana.com\/fr\/wp-json\/wp\/v2\/media\/23424"}],"wp:attachment":[{"href":"https:\/\/posana.com\/fr\/wp-json\/wp\/v2\/media?parent=23330"}],"wp:term":[{"taxonomy":"product_brand","embeddable":true,"href":"https:\/\/posana.com\/fr\/wp-json\/wp\/v2\/product_brand?post=23330"},{"taxonomy":"product_cat","embeddable":true,"href":"https:\/\/posana.com\/fr\/wp-json\/wp\/v2\/product_cat?post=23330"},{"taxonomy":"product_tag","embeddable":true,"href":"https:\/\/posana.com\/fr\/wp-json\/wp\/v2\/product_tag?post=23330"},{"taxonomy":"mwb_booking_cost","embeddable":true,"href":"https:\/\/posana.com\/fr\/wp-json\/wp\/v2\/mwb_booking_cost?post=23330"},{"taxonomy":"mwb_booking_service","embeddable":true,"href":"https:\/\/posana.com\/fr\/wp-json\/wp\/v2\/mwb_booking_service?post=23330"}],"curies":[{"name":"wp","href":"https:\/\/api.w.org\/{rel}","templated":true}]}}