{"id":23329,"date":"2024-12-27T21:27:55","date_gmt":"2024-12-27T21:27:55","guid":{"rendered":"https:\/\/posana.com\/?post_type=product&#038;p=23329"},"modified":"2024-12-28T17:09:41","modified_gmt":"2024-12-28T17:09:41","slug":"vergetyl-restructuring-skin-100ml","status":"publish","type":"product","link":"https:\/\/posana.com\/fr\/produit\/vergetyl-restructuring-skin-100ml\/","title":{"rendered":"Vergetyl \u2013 Restructuration de la peau 100ml"},"content":{"rendered":"<p>Traitement contre la cellulite Cette cr\u00e8me est riche en extraits v\u00e9g\u00e9taux micro-encapsul\u00e9s restructurants et r\u00e9g\u00e9n\u00e9rants. Il restaurera l'\u00e9lasticit\u00e9 de la peau. Les vergetures vont s'estomper.<\/p>","protected":false},"excerpt":{"rendered":"<p>Traitement contre la cellulite Cette cr\u00e8me est riche en extraits v\u00e9g\u00e9taux micro-encapsul\u00e9s restructurants et r\u00e9g\u00e9n\u00e9rants. Il restaurera l'\u00e9lasticit\u00e9 de la peau. Les vergetures vont s'estomper.<\/p>","protected":false},"featured_media":23422,"comment_status":"open","ping_status":"closed","template":"","meta":{"om_disable_all_campaigns":false,"_monsterinsights_skip_tracking":false,"_monsterinsights_sitenote_active":false,"_monsterinsights_sitenote_note":"","_monsterinsights_sitenote_category":0},"product_brand":[],"product_cat":[102],"product_tag":[],"mwb_booking_cost":[],"mwb_booking_service":[],"class_list":{"0":"post-23329","1":"product","2":"type-product","3":"status-publish","4":"has-post-thumbnail","6":"product_cat-skin-care-products-body-care-products","9":"instock","10":"shipping-taxable","11":"purchasable","12":"product-type-simple","13":"product-grid-view"},"aioseo_notices":[],"_links":{"self":[{"href":"https:\/\/posana.com\/fr\/wp-json\/wp\/v2\/product\/23329","targetHints":{"allow":["GET"]}}],"collection":[{"href":"https:\/\/posana.com\/fr\/wp-json\/wp\/v2\/product"}],"about":[{"href":"https:\/\/posana.com\/fr\/wp-json\/wp\/v2\/types\/product"}],"replies":[{"embeddable":true,"href":"https:\/\/posana.com\/fr\/wp-json\/wp\/v2\/comments?post=23329"}],"version-history":[{"count":2,"href":"https:\/\/posana.com\/fr\/wp-json\/wp\/v2\/product\/23329\/revisions"}],"predecessor-version":[{"id":23423,"href":"https:\/\/posana.com\/fr\/wp-json\/wp\/v2\/product\/23329\/revisions\/23423"}],"wp:featuredmedia":[{"embeddable":true,"href":"https:\/\/posana.com\/fr\/wp-json\/wp\/v2\/media\/23422"}],"wp:attachment":[{"href":"https:\/\/posana.com\/fr\/wp-json\/wp\/v2\/media?parent=23329"}],"wp:term":[{"taxonomy":"product_brand","embeddable":true,"href":"https:\/\/posana.com\/fr\/wp-json\/wp\/v2\/product_brand?post=23329"},{"taxonomy":"product_cat","embeddable":true,"href":"https:\/\/posana.com\/fr\/wp-json\/wp\/v2\/product_cat?post=23329"},{"taxonomy":"product_tag","embeddable":true,"href":"https:\/\/posana.com\/fr\/wp-json\/wp\/v2\/product_tag?post=23329"},{"taxonomy":"mwb_booking_cost","embeddable":true,"href":"https:\/\/posana.com\/fr\/wp-json\/wp\/v2\/mwb_booking_cost?post=23329"},{"taxonomy":"mwb_booking_service","embeddable":true,"href":"https:\/\/posana.com\/fr\/wp-json\/wp\/v2\/mwb_booking_service?post=23329"}],"curies":[{"name":"wp","href":"https:\/\/api.w.org\/{rel}","templated":true}]}}