{"id":23287,"date":"2024-12-27T21:27:51","date_gmt":"2024-12-27T21:27:51","guid":{"rendered":"https:\/\/posana.com\/?post_type=product&#038;p=23287"},"modified":"2024-12-28T19:25:50","modified_gmt":"2024-12-28T19:25:50","slug":"toning-stimulating-bath-oil-tm-400ml","status":"publish","type":"product","link":"https:\/\/posana.com\/fr\/produit\/toning-stimulating-bath-oil-tm-400ml\/","title":{"rendered":"Huile de bain stimulante tonifiante TM 400ml"},"content":{"rendered":"<p>Bain tonifiant et \u00e9nergisant Effets stimulants et raffermissants instantan\u00e9s am\u00e9liorant l\u2019\u00e9lasticit\u00e9 de la peau. Fournit la sensation d'un nouveau d\u00e9part et une sensation de bien-\u00eatre. Pour de meilleurs r\u00e9sultats, utilisez le matin. Pour un coup de pouce \u00e9nergisant imm\u00e9diat avant une soir\u00e9e. Pour des tissus sans vie, d\u00e9vitalis\u00e9s et l\u00e2ches et un faible niveau d'\u00e9nergie. Excellent pour jetlag.Skin Types \u0095 Visage: Recommand\u00e9 dans le bain pour la peau sans vie, d\u00e9vitalis\u00e9e et l\u00e2che. Corps: peau flasque, perte d'\u00e9nergie, fatigue g\u00e9n\u00e9rale et manque de tonus.<\/p>","protected":false},"excerpt":{"rendered":"<p>Tonifying and energizing bath Instant stimulating and firming effects improving the skin&#8217;s elasticity. Provides the sensation of a fresh start and a feeling of well being. For best results, use in the morning. For an immediate energizing boost before a night out. For lifeless, devitalized and loose tissues and low energy level. Excellent for jetlag.Skin [&hellip;]<\/p>\n","protected":false},"featured_media":23442,"comment_status":"open","ping_status":"closed","template":"","meta":{"om_disable_all_campaigns":false,"_monsterinsights_skip_tracking":false,"_monsterinsights_sitenote_active":false,"_monsterinsights_sitenote_note":"","_monsterinsights_sitenote_category":0},"product_brand":[],"product_cat":[61],"product_tag":[],"mwb_booking_cost":[],"mwb_booking_service":[],"class_list":{"0":"post-23287","1":"product","2":"type-product","3":"status-publish","4":"has-post-thumbnail","6":"product_cat-skin-care-products","9":"instock","10":"shipping-taxable","11":"purchasable","12":"product-type-simple","13":"product-grid-view"},"aioseo_notices":[],"_links":{"self":[{"href":"https:\/\/posana.com\/fr\/wp-json\/wp\/v2\/product\/23287","targetHints":{"allow":["GET"]}}],"collection":[{"href":"https:\/\/posana.com\/fr\/wp-json\/wp\/v2\/product"}],"about":[{"href":"https:\/\/posana.com\/fr\/wp-json\/wp\/v2\/types\/product"}],"replies":[{"embeddable":true,"href":"https:\/\/posana.com\/fr\/wp-json\/wp\/v2\/comments?post=23287"}],"version-history":[{"count":2,"href":"https:\/\/posana.com\/fr\/wp-json\/wp\/v2\/product\/23287\/revisions"}],"predecessor-version":[{"id":23443,"href":"https:\/\/posana.com\/fr\/wp-json\/wp\/v2\/product\/23287\/revisions\/23443"}],"wp:featuredmedia":[{"embeddable":true,"href":"https:\/\/posana.com\/fr\/wp-json\/wp\/v2\/media\/23442"}],"wp:attachment":[{"href":"https:\/\/posana.com\/fr\/wp-json\/wp\/v2\/media?parent=23287"}],"wp:term":[{"taxonomy":"product_brand","embeddable":true,"href":"https:\/\/posana.com\/fr\/wp-json\/wp\/v2\/product_brand?post=23287"},{"taxonomy":"product_cat","embeddable":true,"href":"https:\/\/posana.com\/fr\/wp-json\/wp\/v2\/product_cat?post=23287"},{"taxonomy":"product_tag","embeddable":true,"href":"https:\/\/posana.com\/fr\/wp-json\/wp\/v2\/product_tag?post=23287"},{"taxonomy":"mwb_booking_cost","embeddable":true,"href":"https:\/\/posana.com\/fr\/wp-json\/wp\/v2\/mwb_booking_cost?post=23287"},{"taxonomy":"mwb_booking_service","embeddable":true,"href":"https:\/\/posana.com\/fr\/wp-json\/wp\/v2\/mwb_booking_service?post=23287"}],"curies":[{"name":"wp","href":"https:\/\/api.w.org\/{rel}","templated":true}]}}