{"id":23285,"date":"2024-12-27T21:27:51","date_gmt":"2024-12-27T21:27:51","guid":{"rendered":"https:\/\/posana.com\/?post_type=product&#038;p=23285"},"modified":"2025-02-21T14:22:35","modified_gmt":"2025-02-21T14:22:35","slug":"tonifying-bioarome-tm-50ml","status":"publish","type":"product","link":"https:\/\/posana.com\/fr\/produit\/tonifying-bioarome-tm-50ml\/","title":{"rendered":"Tonifiant Bioarome TM 50ml"},"content":{"rendered":"<p>S\u00e9rum pour peau fatigu\u00e9e et sans tonus et cou l\u00e2che S\u00e9rum d\u2019action ferme qui tonifie la structure de la peau et stimule l\u2019\u00e9lasticit\u00e9. Tige les pores et restaure la jeunesse et la vitalit\u00e9 de la peau. Id\u00e9al pour les tissus l\u00e2ches et la zone du cou.Types de peau \u0095 Toneless, fatigu\u00e9, flasque peau. \u0095 Ouvre les pores. \u0095 Id\u00e9al pour un cou l\u00e2che. Corps: peau flasque, manque de tonus \u00e0 l'int\u00e9rieur des cuisses, du buste, des bras, etc.<\/p>","protected":false},"excerpt":{"rendered":"<p>Serum for tired, toneless skin and loose neck Firming action serum that tones the skin&#8217;s structure and stimulates elasticity. Tightens pores and restores youth and vitality to the skin. Ideal for loose tissues and neck area.Skin Types \u0095 Toneless, tired, flaccid skin. \u0095 Open pores. \u0095 Ideal for a loose neck. \u0095 Body: Flaccid skin, [&hellip;]<\/p>\n","protected":false},"featured_media":0,"comment_status":"open","ping_status":"closed","template":"","meta":{"om_disable_all_campaigns":false,"_monsterinsights_skip_tracking":false,"_monsterinsights_sitenote_active":false,"_monsterinsights_sitenote_note":"","_monsterinsights_sitenote_category":0},"product_brand":[],"product_cat":[132,61],"product_tag":[],"mwb_booking_cost":[],"mwb_booking_service":[],"class_list":{"0":"post-23285","1":"product","2":"type-product","3":"status-publish","5":"product_cat-serums","6":"product_cat-skin-care-products","9":"instock","10":"shipping-taxable","11":"purchasable","12":"product-type-simple","13":"product-grid-view"},"aioseo_notices":[],"_links":{"self":[{"href":"https:\/\/posana.com\/fr\/wp-json\/wp\/v2\/product\/23285","targetHints":{"allow":["GET"]}}],"collection":[{"href":"https:\/\/posana.com\/fr\/wp-json\/wp\/v2\/product"}],"about":[{"href":"https:\/\/posana.com\/fr\/wp-json\/wp\/v2\/types\/product"}],"replies":[{"embeddable":true,"href":"https:\/\/posana.com\/fr\/wp-json\/wp\/v2\/comments?post=23285"}],"version-history":[{"count":3,"href":"https:\/\/posana.com\/fr\/wp-json\/wp\/v2\/product\/23285\/revisions"}],"predecessor-version":[{"id":24781,"href":"https:\/\/posana.com\/fr\/wp-json\/wp\/v2\/product\/23285\/revisions\/24781"}],"wp:attachment":[{"href":"https:\/\/posana.com\/fr\/wp-json\/wp\/v2\/media?parent=23285"}],"wp:term":[{"taxonomy":"product_brand","embeddable":true,"href":"https:\/\/posana.com\/fr\/wp-json\/wp\/v2\/product_brand?post=23285"},{"taxonomy":"product_cat","embeddable":true,"href":"https:\/\/posana.com\/fr\/wp-json\/wp\/v2\/product_cat?post=23285"},{"taxonomy":"product_tag","embeddable":true,"href":"https:\/\/posana.com\/fr\/wp-json\/wp\/v2\/product_tag?post=23285"},{"taxonomy":"mwb_booking_cost","embeddable":true,"href":"https:\/\/posana.com\/fr\/wp-json\/wp\/v2\/mwb_booking_cost?post=23285"},{"taxonomy":"mwb_booking_service","embeddable":true,"href":"https:\/\/posana.com\/fr\/wp-json\/wp\/v2\/mwb_booking_service?post=23285"}],"curies":[{"name":"wp","href":"https:\/\/api.w.org\/{rel}","templated":true}]}}