{"id":23284,"date":"2024-12-27T21:27:51","date_gmt":"2024-12-27T21:27:51","guid":{"rendered":"https:\/\/posana.com\/?post_type=product&#038;p=23284"},"modified":"2025-02-21T14:20:41","modified_gmt":"2025-02-21T14:20:41","slug":"tonifying-bioarome-tm-15ml","status":"publish","type":"product","link":"https:\/\/posana.com\/fr\/produit\/tonifying-bioarome-tm-15ml\/","title":{"rendered":"Tonifiant Bioarome (TM) 15 ml"},"content":{"rendered":"<p>S\u00e9rum pour peau fatigu\u00e9e et sans tonus et cou l\u00e2che S\u00e9rum d\u2019action ferme qui tonifie la structure de la peau et stimule l\u2019\u00e9lasticit\u00e9. Tige les pores et restaure la jeunesse et la vitalit\u00e9 de la peau. Id\u00e9al pour les tissus l\u00e2ches et la zone du cou.<\/p>","protected":false},"excerpt":{"rendered":"<p>S\u00e9rum pour peau fatigu\u00e9e et sans tonus et cou l\u00e2che S\u00e9rum d\u2019action ferme qui tonifie la structure de la peau et stimule l\u2019\u00e9lasticit\u00e9. Tige les pores et restaure la jeunesse et la vitalit\u00e9 de la peau. Id\u00e9al pour les tissus l\u00e2ches et la zone du cou.<\/p>","protected":false},"featured_media":0,"comment_status":"open","ping_status":"closed","template":"","meta":{"om_disable_all_campaigns":false,"_monsterinsights_skip_tracking":false,"_monsterinsights_sitenote_active":false,"_monsterinsights_sitenote_note":"","_monsterinsights_sitenote_category":0},"product_brand":[],"product_cat":[132,61],"product_tag":[],"mwb_booking_cost":[],"mwb_booking_service":[],"class_list":{"0":"post-23284","1":"product","2":"type-product","3":"status-publish","5":"product_cat-serums","6":"product_cat-skin-care-products","9":"instock","10":"shipping-taxable","11":"purchasable","12":"product-type-simple","13":"product-grid-view"},"aioseo_notices":[],"_links":{"self":[{"href":"https:\/\/posana.com\/fr\/wp-json\/wp\/v2\/product\/23284","targetHints":{"allow":["GET"]}}],"collection":[{"href":"https:\/\/posana.com\/fr\/wp-json\/wp\/v2\/product"}],"about":[{"href":"https:\/\/posana.com\/fr\/wp-json\/wp\/v2\/types\/product"}],"replies":[{"embeddable":true,"href":"https:\/\/posana.com\/fr\/wp-json\/wp\/v2\/comments?post=23284"}],"version-history":[{"count":3,"href":"https:\/\/posana.com\/fr\/wp-json\/wp\/v2\/product\/23284\/revisions"}],"predecessor-version":[{"id":24780,"href":"https:\/\/posana.com\/fr\/wp-json\/wp\/v2\/product\/23284\/revisions\/24780"}],"wp:attachment":[{"href":"https:\/\/posana.com\/fr\/wp-json\/wp\/v2\/media?parent=23284"}],"wp:term":[{"taxonomy":"product_brand","embeddable":true,"href":"https:\/\/posana.com\/fr\/wp-json\/wp\/v2\/product_brand?post=23284"},{"taxonomy":"product_cat","embeddable":true,"href":"https:\/\/posana.com\/fr\/wp-json\/wp\/v2\/product_cat?post=23284"},{"taxonomy":"product_tag","embeddable":true,"href":"https:\/\/posana.com\/fr\/wp-json\/wp\/v2\/product_tag?post=23284"},{"taxonomy":"mwb_booking_cost","embeddable":true,"href":"https:\/\/posana.com\/fr\/wp-json\/wp\/v2\/mwb_booking_cost?post=23284"},{"taxonomy":"mwb_booking_service","embeddable":true,"href":"https:\/\/posana.com\/fr\/wp-json\/wp\/v2\/mwb_booking_service?post=23284"}],"curies":[{"name":"wp","href":"https:\/\/api.w.org\/{rel}","templated":true}]}}