{"id":23283,"date":"2024-12-27T21:27:51","date_gmt":"2024-12-27T21:27:51","guid":{"rendered":"https:\/\/posana.com\/?post_type=product&#038;p=23283"},"modified":"2025-02-21T15:45:50","modified_gmt":"2025-02-21T15:45:50","slug":"toner-cream-200ml","status":"publish","type":"product","link":"https:\/\/posana.com\/fr\/produit\/toner-cream-200ml\/","title":{"rendered":"Cr\u00e8me de Toner 200ml"},"content":{"rendered":"<p>Cr\u00e8me de traitement pour la peau affaiss\u00e9e sans tonus<br \/>\nCette cr\u00e8me de traitement intensive, riche en prot\u00e9ines \u00e9lastiques, aidera \u00e0 renforcer et \u00e0 dynamiser la peau. L'application r\u00e9guli\u00e8re restaurera la fermet\u00e9 et le tonus \u00e0 la peau affaiss\u00e9e. Id\u00e9al pour la peau qui a perdu de la force en raison des ann\u00e9es d'exposition au soleil.Types de peau<br \/>\nFlaccide, sans tonus, peau l\u00e2che<br \/>\nNeck: Sagging, peau flasque<br \/>\nCorps: Sagging, peau sans tonalit\u00e9 sur les bras, l'estomac, les cuisses, le sein; \u00e9galement bon pour les vergetures. Cellulite.<\/p>","protected":false},"excerpt":{"rendered":"<p>Treating cream for toneless sagging skin This intensive treatment cream, rich in elastic proteins, will help to strengthen and energize the skin. Regular application will restore firmness and tone to sagging skin. Ideal for skin that has lost strength due to years of sun exposure.Skin Types \u0095 Flaccid, toneless, loose skin \u0095 Neck: Sagging, flaccid [&hellip;]<\/p>\n","protected":false},"featured_media":0,"comment_status":"open","ping_status":"closed","template":"","meta":{"om_disable_all_campaigns":false,"_monsterinsights_skip_tracking":false,"_monsterinsights_sitenote_active":false,"_monsterinsights_sitenote_note":"","_monsterinsights_sitenote_category":0},"product_brand":[],"product_cat":[133,61],"product_tag":[],"mwb_booking_cost":[],"mwb_booking_service":[],"class_list":{"0":"post-23283","1":"product","2":"type-product","3":"status-publish","5":"product_cat-emulsions","6":"product_cat-skin-care-products","9":"instock","10":"shipping-taxable","11":"purchasable","12":"product-type-simple","13":"product-grid-view"},"aioseo_notices":[],"_links":{"self":[{"href":"https:\/\/posana.com\/fr\/wp-json\/wp\/v2\/product\/23283","targetHints":{"allow":["GET"]}}],"collection":[{"href":"https:\/\/posana.com\/fr\/wp-json\/wp\/v2\/product"}],"about":[{"href":"https:\/\/posana.com\/fr\/wp-json\/wp\/v2\/types\/product"}],"replies":[{"embeddable":true,"href":"https:\/\/posana.com\/fr\/wp-json\/wp\/v2\/comments?post=23283"}],"version-history":[{"count":3,"href":"https:\/\/posana.com\/fr\/wp-json\/wp\/v2\/product\/23283\/revisions"}],"predecessor-version":[{"id":24786,"href":"https:\/\/posana.com\/fr\/wp-json\/wp\/v2\/product\/23283\/revisions\/24786"}],"wp:attachment":[{"href":"https:\/\/posana.com\/fr\/wp-json\/wp\/v2\/media?parent=23283"}],"wp:term":[{"taxonomy":"product_brand","embeddable":true,"href":"https:\/\/posana.com\/fr\/wp-json\/wp\/v2\/product_brand?post=23283"},{"taxonomy":"product_cat","embeddable":true,"href":"https:\/\/posana.com\/fr\/wp-json\/wp\/v2\/product_cat?post=23283"},{"taxonomy":"product_tag","embeddable":true,"href":"https:\/\/posana.com\/fr\/wp-json\/wp\/v2\/product_tag?post=23283"},{"taxonomy":"mwb_booking_cost","embeddable":true,"href":"https:\/\/posana.com\/fr\/wp-json\/wp\/v2\/mwb_booking_cost?post=23283"},{"taxonomy":"mwb_booking_service","embeddable":true,"href":"https:\/\/posana.com\/fr\/wp-json\/wp\/v2\/mwb_booking_service?post=23283"}],"curies":[{"name":"wp","href":"https:\/\/api.w.org\/{rel}","templated":true}]}}