{"id":23278,"date":"2024-12-27T21:27:51","date_gmt":"2024-12-27T21:27:51","guid":{"rendered":"https:\/\/posana.com\/?post_type=product&#038;p=23278"},"modified":"2025-02-21T15:15:21","modified_gmt":"2025-02-21T15:15:21","slug":"the-regenerating-organic-duetto","status":"publish","type":"product","link":"https:\/\/posana.com\/fr\/produit\/the-regenerating-organic-duetto\/","title":{"rendered":"Le Duetto Bio r\u00e9g\u00e9n\u00e9rant"},"content":{"rendered":"<p>Massage lymphatique du corps et du visage effectu\u00e9 avec une synergie de cr\u00e8mes et d\u2019huiles sp\u00e9cifiques \u00e0 votre morphologie et besoins.<\/p>","protected":false},"excerpt":{"rendered":"<p>Massage lymphatique du corps et du visage effectu\u00e9 avec une synergie de cr\u00e8mes et d\u2019huiles sp\u00e9cifiques \u00e0 votre morphologie et besoins.<\/p>","protected":false},"featured_media":0,"comment_status":"open","ping_status":"closed","template":"","meta":{"om_disable_all_campaigns":false,"_monsterinsights_skip_tracking":false,"_monsterinsights_sitenote_active":false,"_monsterinsights_sitenote_note":"","_monsterinsights_sitenote_category":0},"product_brand":[],"product_cat":[113],"product_tag":[],"mwb_booking_cost":[],"mwb_booking_service":[],"class_list":{"0":"post-23278","1":"product","2":"type-product","3":"status-publish","5":"product_cat-other-products","8":"instock","9":"shipping-taxable","10":"purchasable","11":"product-type-simple","12":"product-grid-view"},"aioseo_notices":[],"_links":{"self":[{"href":"https:\/\/posana.com\/fr\/wp-json\/wp\/v2\/product\/23278","targetHints":{"allow":["GET"]}}],"collection":[{"href":"https:\/\/posana.com\/fr\/wp-json\/wp\/v2\/product"}],"about":[{"href":"https:\/\/posana.com\/fr\/wp-json\/wp\/v2\/types\/product"}],"replies":[{"embeddable":true,"href":"https:\/\/posana.com\/fr\/wp-json\/wp\/v2\/comments?post=23278"}],"version-history":[{"count":3,"href":"https:\/\/posana.com\/fr\/wp-json\/wp\/v2\/product\/23278\/revisions"}],"predecessor-version":[{"id":24785,"href":"https:\/\/posana.com\/fr\/wp-json\/wp\/v2\/product\/23278\/revisions\/24785"}],"wp:attachment":[{"href":"https:\/\/posana.com\/fr\/wp-json\/wp\/v2\/media?parent=23278"}],"wp:term":[{"taxonomy":"product_brand","embeddable":true,"href":"https:\/\/posana.com\/fr\/wp-json\/wp\/v2\/product_brand?post=23278"},{"taxonomy":"product_cat","embeddable":true,"href":"https:\/\/posana.com\/fr\/wp-json\/wp\/v2\/product_cat?post=23278"},{"taxonomy":"product_tag","embeddable":true,"href":"https:\/\/posana.com\/fr\/wp-json\/wp\/v2\/product_tag?post=23278"},{"taxonomy":"mwb_booking_cost","embeddable":true,"href":"https:\/\/posana.com\/fr\/wp-json\/wp\/v2\/mwb_booking_cost?post=23278"},{"taxonomy":"mwb_booking_service","embeddable":true,"href":"https:\/\/posana.com\/fr\/wp-json\/wp\/v2\/mwb_booking_service?post=23278"}],"curies":[{"name":"wp","href":"https:\/\/api.w.org\/{rel}","templated":true}]}}