{"id":23277,"date":"2024-12-27T21:27:51","date_gmt":"2024-12-27T21:27:51","guid":{"rendered":"https:\/\/posana.com\/?post_type=product&#038;p=23277"},"modified":"2024-12-28T17:29:36","modified_gmt":"2024-12-28T17:29:36","slug":"the-slimming-cellulite-duo","status":"publish","type":"product","link":"https:\/\/posana.com\/fr\/produit\/the-slimming-cellulite-duo\/","title":{"rendered":"Le duo Slimming &amp; Cellulite"},"content":{"rendered":"<p>Pr\u00e9sentation du duo Slimming et Cellulite pour une silhouette plus lisse et plus tonique.<\/p>\n<div><\/div>\n<div>Cr\u00e8me 3D de Gel de Cellulite: Ce gel-cr\u00e8me se m\u00e9lange sans couture avec la peau pour r\u00e9duire l'apparence de la cellulite. Ciblant les d\u00e9p\u00f4ts gras et les liquides exc\u00e9dentaires, sa formule brevet\u00e9e, enrichie en Algoslim \u00ae, caf\u00e9ine et glaucine, fonctionne de mani\u00e8re persistante pour une peau plus ferme et plus lisse.<\/div>\n<div><\/div>\n<div>Wrap amincissant et raffermissant: Ce m\u00e9lange granulaire concentr\u00e9 sert un double objectif: remodeler la silhouette et am\u00e9liorer la fermet\u00e9 de la peau avec du silicium marin. Sa lib\u00e9ration chronom\u00e9tr\u00e9e assure un soutien amincissant 24 heures sur 24.<\/div>\n<div><\/div>\n<div>Discover our Slimming and Cellulite Duo today for visible, lasting results.<\/div>","protected":false},"excerpt":{"rendered":"<p>Introducing the Slimming and Cellulite Duo for a smoother, more toned silhouette. Focus Cellulite 3D Gel-Cream: This gel-cream seamlessly blends with the skin to reduce the appearance of cellulite. Targeting fatty deposits and excess fluids, its patented formula, enriched with Algoslim\u00ae, caffeine, and glaucine, works persistently for firmer, smoother skin. Slimming &amp; Firming Wrap: This [&hellip;]<\/p>\n","protected":false},"featured_media":23437,"comment_status":"open","ping_status":"closed","template":"","meta":{"om_disable_all_campaigns":false,"_monsterinsights_skip_tracking":false,"_monsterinsights_sitenote_active":false,"_monsterinsights_sitenote_note":"","_monsterinsights_sitenote_category":0},"product_brand":[],"product_cat":[113],"product_tag":[],"mwb_booking_cost":[],"mwb_booking_service":[],"class_list":{"0":"post-23277","1":"product","2":"type-product","3":"status-publish","4":"has-post-thumbnail","6":"product_cat-other-products","9":"instock","10":"shipping-taxable","11":"purchasable","12":"product-type-simple","13":"product-grid-view"},"aioseo_notices":[],"_links":{"self":[{"href":"https:\/\/posana.com\/fr\/wp-json\/wp\/v2\/product\/23277","targetHints":{"allow":["GET"]}}],"collection":[{"href":"https:\/\/posana.com\/fr\/wp-json\/wp\/v2\/product"}],"about":[{"href":"https:\/\/posana.com\/fr\/wp-json\/wp\/v2\/types\/product"}],"replies":[{"embeddable":true,"href":"https:\/\/posana.com\/fr\/wp-json\/wp\/v2\/comments?post=23277"}],"version-history":[{"count":2,"href":"https:\/\/posana.com\/fr\/wp-json\/wp\/v2\/product\/23277\/revisions"}],"predecessor-version":[{"id":23438,"href":"https:\/\/posana.com\/fr\/wp-json\/wp\/v2\/product\/23277\/revisions\/23438"}],"wp:featuredmedia":[{"embeddable":true,"href":"https:\/\/posana.com\/fr\/wp-json\/wp\/v2\/media\/23437"}],"wp:attachment":[{"href":"https:\/\/posana.com\/fr\/wp-json\/wp\/v2\/media?parent=23277"}],"wp:term":[{"taxonomy":"product_brand","embeddable":true,"href":"https:\/\/posana.com\/fr\/wp-json\/wp\/v2\/product_brand?post=23277"},{"taxonomy":"product_cat","embeddable":true,"href":"https:\/\/posana.com\/fr\/wp-json\/wp\/v2\/product_cat?post=23277"},{"taxonomy":"product_tag","embeddable":true,"href":"https:\/\/posana.com\/fr\/wp-json\/wp\/v2\/product_tag?post=23277"},{"taxonomy":"mwb_booking_cost","embeddable":true,"href":"https:\/\/posana.com\/fr\/wp-json\/wp\/v2\/mwb_booking_cost?post=23277"},{"taxonomy":"mwb_booking_service","embeddable":true,"href":"https:\/\/posana.com\/fr\/wp-json\/wp\/v2\/mwb_booking_service?post=23277"}],"curies":[{"name":"wp","href":"https:\/\/api.w.org\/{rel}","templated":true}]}}