{"id":23276,"date":"2024-12-27T21:27:51","date_gmt":"2024-12-27T21:27:51","guid":{"rendered":"https:\/\/posana.com\/?post_type=product&#038;p=23276"},"modified":"2025-01-20T19:09:27","modified_gmt":"2025-01-20T19:09:27","slug":"the-remineralizing-trio-thalion","status":"publish","type":"product","link":"https:\/\/posana.com\/fr\/produit\/the-remineralizing-trio-thalion\/","title":{"rendered":"Le Trio Thalion Remineralizing"},"content":{"rendered":"<p>Revitalisez votre peau avec le trio Remineralizing de THALION \u2013 avec le Booster Mineral, le Booster Magn\u00e9sium et la Lotion Exfoliante pour le corps.<\/p>\n<p>Booster min\u00e9ral: Laissez-vous tenter par cet \u00e9lixir anti-fatigue. Emball\u00e9 d'eau de mer et d'oligo-\u00e9l\u00e9ments, il hydrate et \u00e9nergise, laissant votre peau lisse et radieuse.<\/p>\n<p>Booster de magn\u00e9sium: Plongez dans les avantages r\u00e9\u00e9quilibrants du magn\u00e9sium marin. Ce gel ultra-sensoriel assure un bien-\u00eatre quotidien, laissant votre peau rafra\u00eechie, hydrat\u00e9e et magnifiquement \u00e9quilibr\u00e9e.<\/p>\n<p>Exfoliant Body Lotion: Luxuriate dans les cristaux de gel polysaccharides marins. Exfolier doucement pour une touche de velours, \u00e9liminant les impuret\u00e9s et laissant votre peau avec un parfum frais et revitalisant.<\/p>\n<p>D\u00e9couvrez le Trio Remineralizing \u2013 votre raccourci vers un teint radieux et souple avec THALION.<\/p>","protected":false},"excerpt":{"rendered":"<p>Revitalize your skin with THALION&#8217;s Remineralizing Trio \u2013 featuring the Mineral Booster, Magnesium Booster, and Exfoliating Body Lotion. Mineral Booster: Indulge in oceanic bliss with this anti-fatigue elixir. Packed with sea water and trace elements, it moisturizes and energizes, leaving your skin smooth and radiant. Magnesium Booster: Immerse yourself in the rebalancing benefits of marine [&hellip;]<\/p>\n","protected":false},"featured_media":23435,"comment_status":"open","ping_status":"closed","template":"","meta":{"om_disable_all_campaigns":false,"_monsterinsights_skip_tracking":false,"_monsterinsights_sitenote_active":false,"_monsterinsights_sitenote_note":"","_monsterinsights_sitenote_category":0},"product_brand":[],"product_cat":[113],"product_tag":[175],"mwb_booking_cost":[],"mwb_booking_service":[],"class_list":{"0":"post-23276","1":"product","2":"type-product","3":"status-publish","4":"has-post-thumbnail","6":"product_cat-other-products","7":"product_tag-thalion","10":"instock","11":"shipping-taxable","12":"purchasable","13":"product-type-simple","14":"product-grid-view"},"aioseo_notices":[],"_links":{"self":[{"href":"https:\/\/posana.com\/fr\/wp-json\/wp\/v2\/product\/23276","targetHints":{"allow":["GET"]}}],"collection":[{"href":"https:\/\/posana.com\/fr\/wp-json\/wp\/v2\/product"}],"about":[{"href":"https:\/\/posana.com\/fr\/wp-json\/wp\/v2\/types\/product"}],"replies":[{"embeddable":true,"href":"https:\/\/posana.com\/fr\/wp-json\/wp\/v2\/comments?post=23276"}],"version-history":[{"count":2,"href":"https:\/\/posana.com\/fr\/wp-json\/wp\/v2\/product\/23276\/revisions"}],"predecessor-version":[{"id":23436,"href":"https:\/\/posana.com\/fr\/wp-json\/wp\/v2\/product\/23276\/revisions\/23436"}],"wp:featuredmedia":[{"embeddable":true,"href":"https:\/\/posana.com\/fr\/wp-json\/wp\/v2\/media\/23435"}],"wp:attachment":[{"href":"https:\/\/posana.com\/fr\/wp-json\/wp\/v2\/media?parent=23276"}],"wp:term":[{"taxonomy":"product_brand","embeddable":true,"href":"https:\/\/posana.com\/fr\/wp-json\/wp\/v2\/product_brand?post=23276"},{"taxonomy":"product_cat","embeddable":true,"href":"https:\/\/posana.com\/fr\/wp-json\/wp\/v2\/product_cat?post=23276"},{"taxonomy":"product_tag","embeddable":true,"href":"https:\/\/posana.com\/fr\/wp-json\/wp\/v2\/product_tag?post=23276"},{"taxonomy":"mwb_booking_cost","embeddable":true,"href":"https:\/\/posana.com\/fr\/wp-json\/wp\/v2\/mwb_booking_cost?post=23276"},{"taxonomy":"mwb_booking_service","embeddable":true,"href":"https:\/\/posana.com\/fr\/wp-json\/wp\/v2\/mwb_booking_service?post=23276"}],"curies":[{"name":"wp","href":"https:\/\/api.w.org\/{rel}","templated":true}]}}