{"id":23275,"date":"2024-12-27T21:27:50","date_gmt":"2024-12-27T21:27:50","guid":{"rendered":"https:\/\/posana.com\/?post_type=product&#038;p=23275"},"modified":"2025-01-29T21:00:23","modified_gmt":"2025-01-29T21:00:23","slug":"the-liberating-treatment","status":"publish","type":"product","link":"https:\/\/posana.com\/fr\/produit\/the-liberating-treatment\/","title":{"rendered":"Le soin Le lib\u00e9rateur"},"content":{"rendered":"<p>Le Traitement lib\u00e9rateur vous lib\u00e9rera de toute tension stock\u00e9e dans votre corps afin que vous vous sentiez l\u00e9ger et libre.<\/p>\n<ul>\n<li>Massage th\u00e9rapeutique du dos avec les perles exfoliantes de Thallion, formul\u00e9 avec des algues et de la carnitine (Dur\u00e9e: 30 minutes).<\/li>\n<li>Massage de la t\u00eate et du cou. Notre cou et notre cr\u00e2ne stockent de nombreuses tensions lorsque nous sommes stress\u00e9s dans nos vies quotidiennes.<\/li>\n<li>Massage physio-tonifiant du visage. Chacun des muscles du visage est desserr\u00e9 avec des coups l\u00e9gers mais pr\u00e9cis, pour un effet rajeunissant.<\/li>\n<li>Bas\u00e9 sur la m\u00e9decine traditionnelle chinoise, des points d'acupression sont effectu\u00e9s sur le visage pour lib\u00e9rer certains m\u00e9ridiens. Cette \u00e9tape peut avoir un effet positif sur la digestion, le sommeil et les crampes menstruelles.<\/li>\n<li>Le traitement est compl\u00e9t\u00e9 par l\u2019application d\u2019une cr\u00e8me adapt\u00e9e \u00e0 votre propre morphologie.<\/li>\n<\/ul>","protected":false},"excerpt":{"rendered":"<p>The Liberating Treatment will free you of every tension stored in your body so that you&#8217;ll feel light and free. Therapeutic back massage with Thallion&#8217;s exfoliating pearls, formulated with seaweed and carnitine (Duration: 30 minutes). Head and neck massage. Our neck and skull store many tensions when we&#8217;re stressed in our day-to-day lives. Physio-toning face [&hellip;]<\/p>\n","protected":false},"featured_media":23463,"comment_status":"open","ping_status":"closed","template":"","meta":{"om_disable_all_campaigns":false,"_monsterinsights_skip_tracking":false,"_monsterinsights_sitenote_active":false,"_monsterinsights_sitenote_note":"","_monsterinsights_sitenote_category":0},"product_brand":[],"product_cat":[139,142],"product_tag":[],"mwb_booking_cost":[],"mwb_booking_service":[],"class_list":{"0":"post-23275","1":"product","2":"type-product","3":"status-publish","4":"has-post-thumbnail","6":"product_cat-services","7":"product_cat-skin-care-treatment","10":"instock","11":"shipping-taxable","12":"purchasable","13":"product-type-simple","14":"product-grid-view"},"aioseo_notices":[],"_links":{"self":[{"href":"https:\/\/posana.com\/fr\/wp-json\/wp\/v2\/product\/23275","targetHints":{"allow":["GET"]}}],"collection":[{"href":"https:\/\/posana.com\/fr\/wp-json\/wp\/v2\/product"}],"about":[{"href":"https:\/\/posana.com\/fr\/wp-json\/wp\/v2\/types\/product"}],"replies":[{"embeddable":true,"href":"https:\/\/posana.com\/fr\/wp-json\/wp\/v2\/comments?post=23275"}],"version-history":[{"count":2,"href":"https:\/\/posana.com\/fr\/wp-json\/wp\/v2\/product\/23275\/revisions"}],"predecessor-version":[{"id":23464,"href":"https:\/\/posana.com\/fr\/wp-json\/wp\/v2\/product\/23275\/revisions\/23464"}],"wp:featuredmedia":[{"embeddable":true,"href":"https:\/\/posana.com\/fr\/wp-json\/wp\/v2\/media\/23463"}],"wp:attachment":[{"href":"https:\/\/posana.com\/fr\/wp-json\/wp\/v2\/media?parent=23275"}],"wp:term":[{"taxonomy":"product_brand","embeddable":true,"href":"https:\/\/posana.com\/fr\/wp-json\/wp\/v2\/product_brand?post=23275"},{"taxonomy":"product_cat","embeddable":true,"href":"https:\/\/posana.com\/fr\/wp-json\/wp\/v2\/product_cat?post=23275"},{"taxonomy":"product_tag","embeddable":true,"href":"https:\/\/posana.com\/fr\/wp-json\/wp\/v2\/product_tag?post=23275"},{"taxonomy":"mwb_booking_cost","embeddable":true,"href":"https:\/\/posana.com\/fr\/wp-json\/wp\/v2\/mwb_booking_cost?post=23275"},{"taxonomy":"mwb_booking_service","embeddable":true,"href":"https:\/\/posana.com\/fr\/wp-json\/wp\/v2\/mwb_booking_service?post=23275"}],"curies":[{"name":"wp","href":"https:\/\/api.w.org\/{rel}","templated":true}]}}