{"id":23273,"date":"2024-12-27T21:27:50","date_gmt":"2024-12-27T21:27:50","guid":{"rendered":"https:\/\/posana.com\/?post_type=product&#038;p=23273"},"modified":"2025-01-20T19:10:43","modified_gmt":"2025-01-20T19:10:43","slug":"thatso-sun-makeup-125-ml","status":"publish","type":"product","link":"https:\/\/posana.com\/fr\/produit\/thatso-sun-makeup-125-ml\/","title":{"rendered":"Maquillage That'so Sun \u2013 125 ml"},"content":{"rendered":"<p>Lotion de pulv\u00e9risation de bronzage sombre sans soleil. Fournit un teint naturellement tann\u00e9 \u00e0 la premi\u00e8re application.<\/p>","protected":false},"excerpt":{"rendered":"<p>Lotion de pulv\u00e9risation de bronzage sombre sans soleil. Fournit un teint naturellement tann\u00e9 \u00e0 la premi\u00e8re application.<\/p>","protected":false},"featured_media":23461,"comment_status":"open","ping_status":"closed","template":"","meta":{"om_disable_all_campaigns":false,"_monsterinsights_skip_tracking":false,"_monsterinsights_sitenote_active":false,"_monsterinsights_sitenote_note":"","_monsterinsights_sitenote_category":0},"product_brand":[],"product_cat":[102],"product_tag":[171],"mwb_booking_cost":[],"mwb_booking_service":[],"class_list":{"0":"post-23273","1":"product","2":"type-product","3":"status-publish","4":"has-post-thumbnail","6":"product_cat-skin-care-products-body-care-products","7":"product_tag-thatso","10":"instock","11":"shipping-taxable","12":"purchasable","13":"product-type-simple","14":"product-grid-view"},"aioseo_notices":[],"_links":{"self":[{"href":"https:\/\/posana.com\/fr\/wp-json\/wp\/v2\/product\/23273","targetHints":{"allow":["GET"]}}],"collection":[{"href":"https:\/\/posana.com\/fr\/wp-json\/wp\/v2\/product"}],"about":[{"href":"https:\/\/posana.com\/fr\/wp-json\/wp\/v2\/types\/product"}],"replies":[{"embeddable":true,"href":"https:\/\/posana.com\/fr\/wp-json\/wp\/v2\/comments?post=23273"}],"version-history":[{"count":1,"href":"https:\/\/posana.com\/fr\/wp-json\/wp\/v2\/product\/23273\/revisions"}],"predecessor-version":[{"id":23303,"href":"https:\/\/posana.com\/fr\/wp-json\/wp\/v2\/product\/23273\/revisions\/23303"}],"wp:featuredmedia":[{"embeddable":true,"href":"https:\/\/posana.com\/fr\/wp-json\/wp\/v2\/media\/23461"}],"wp:attachment":[{"href":"https:\/\/posana.com\/fr\/wp-json\/wp\/v2\/media?parent=23273"}],"wp:term":[{"taxonomy":"product_brand","embeddable":true,"href":"https:\/\/posana.com\/fr\/wp-json\/wp\/v2\/product_brand?post=23273"},{"taxonomy":"product_cat","embeddable":true,"href":"https:\/\/posana.com\/fr\/wp-json\/wp\/v2\/product_cat?post=23273"},{"taxonomy":"product_tag","embeddable":true,"href":"https:\/\/posana.com\/fr\/wp-json\/wp\/v2\/product_tag?post=23273"},{"taxonomy":"mwb_booking_cost","embeddable":true,"href":"https:\/\/posana.com\/fr\/wp-json\/wp\/v2\/mwb_booking_cost?post=23273"},{"taxonomy":"mwb_booking_service","embeddable":true,"href":"https:\/\/posana.com\/fr\/wp-json\/wp\/v2\/mwb_booking_service?post=23273"}],"curies":[{"name":"wp","href":"https:\/\/api.w.org\/{rel}","templated":true}]}}