{"id":23272,"date":"2024-12-27T21:27:50","date_gmt":"2024-12-27T21:27:50","guid":{"rendered":"https:\/\/posana.com\/?post_type=product&#038;p=23272"},"modified":"2025-03-03T21:10:46","modified_gmt":"2025-03-03T21:10:46","slug":"thatso-tan-accellerator-refreshing-water","status":"publish","type":"product","link":"https:\/\/posana.com\/fr\/produit\/thatso-tan-accellerator-refreshing-water\/","title":{"rendered":"Eau rafra\u00eechissante acc\u00e9l\u00e9ratrice de bronzage That'so Tan"},"content":{"rendered":"<p>Vaporiser de l'eau de bronzage avec effet \u00e9tincelant GLOW FILTECH. La formule contient UNIPERTAN VEG -242, un biocomplexe qui acc\u00e9l\u00e8re les processus de bronzage. Enrichi en extrait d'Aloe Vera utile pour l'hydratation de la peau et Menthol avec un effet rafra\u00eechissant.<\/p>\n<p>Comment utiliser:<\/p>\n<p>Secouer tr\u00e8s bien avant utilisation. Vaporiser \u00e0 partir d'environ 10cm, puis r\u00e9partir uniform\u00e9ment sur la peau. Utilisation externe. \u00c9vitez le contact avec les yeux.<\/p>","protected":false},"excerpt":{"rendered":"<p>Spray tanning water with GLOW FILTER TECH sparkling effect. The formula contains UNIPERTAN VEG -242, a bio-complex that accelerates the tanning processes. Enriched with Aloe Vera extract useful for skin hydration and Menthol with a refreshing effect. How to use: Shake very well before use. Spray from about 10cm and then spread evenly on the [&hellip;]<\/p>\n","protected":false},"featured_media":23459,"comment_status":"open","ping_status":"closed","template":"","meta":{"om_disable_all_campaigns":false,"_monsterinsights_skip_tracking":false,"_monsterinsights_sitenote_active":false,"_monsterinsights_sitenote_note":"","_monsterinsights_sitenote_category":0},"product_brand":[194],"product_cat":[113],"product_tag":[171],"mwb_booking_cost":[],"mwb_booking_service":[],"class_list":{"0":"post-23272","1":"product","2":"type-product","3":"status-publish","4":"has-post-thumbnail","6":"product_brand-thatso","7":"product_cat-other-products","8":"product_tag-thatso","11":"instock","12":"shipping-taxable","13":"purchasable","14":"product-type-simple","15":"product-grid-view"},"aioseo_notices":[],"_links":{"self":[{"href":"https:\/\/posana.com\/fr\/wp-json\/wp\/v2\/product\/23272","targetHints":{"allow":["GET"]}}],"collection":[{"href":"https:\/\/posana.com\/fr\/wp-json\/wp\/v2\/product"}],"about":[{"href":"https:\/\/posana.com\/fr\/wp-json\/wp\/v2\/types\/product"}],"replies":[{"embeddable":true,"href":"https:\/\/posana.com\/fr\/wp-json\/wp\/v2\/comments?post=23272"}],"version-history":[{"count":2,"href":"https:\/\/posana.com\/fr\/wp-json\/wp\/v2\/product\/23272\/revisions"}],"predecessor-version":[{"id":23460,"href":"https:\/\/posana.com\/fr\/wp-json\/wp\/v2\/product\/23272\/revisions\/23460"}],"wp:featuredmedia":[{"embeddable":true,"href":"https:\/\/posana.com\/fr\/wp-json\/wp\/v2\/media\/23459"}],"wp:attachment":[{"href":"https:\/\/posana.com\/fr\/wp-json\/wp\/v2\/media?parent=23272"}],"wp:term":[{"taxonomy":"product_brand","embeddable":true,"href":"https:\/\/posana.com\/fr\/wp-json\/wp\/v2\/product_brand?post=23272"},{"taxonomy":"product_cat","embeddable":true,"href":"https:\/\/posana.com\/fr\/wp-json\/wp\/v2\/product_cat?post=23272"},{"taxonomy":"product_tag","embeddable":true,"href":"https:\/\/posana.com\/fr\/wp-json\/wp\/v2\/product_tag?post=23272"},{"taxonomy":"mwb_booking_cost","embeddable":true,"href":"https:\/\/posana.com\/fr\/wp-json\/wp\/v2\/mwb_booking_cost?post=23272"},{"taxonomy":"mwb_booking_service","embeddable":true,"href":"https:\/\/posana.com\/fr\/wp-json\/wp\/v2\/mwb_booking_service?post=23272"}],"curies":[{"name":"wp","href":"https:\/\/api.w.org\/{rel}","templated":true}]}}