{"id":23270,"date":"2024-12-27T21:27:50","date_gmt":"2024-12-27T21:27:50","guid":{"rendered":"https:\/\/posana.com\/?post_type=product&#038;p=23270"},"modified":"2025-01-20T19:11:33","modified_gmt":"2025-01-20T19:11:33","slug":"thatso-glowy-shimmering-luxury-oil-bronze","status":"publish","type":"product","link":"https:\/\/posana.com\/fr\/produit\/thatso-glowy-shimmering-luxury-oil-bronze\/","title":{"rendered":"That&#8217;so Glowy Shimmering Luxury Oil Bronze"},"content":{"rendered":"<p>Le corps infus\u00e9 \u00e0 l'huile brille pour vous faire briller toute la journ\u00e9e et toute la nuit! Emball\u00e9 plein de chanvre et d'huile de riz qu'il nourrit votre peau avec toute la bont\u00e9 om\u00e9ga et un parfum divin. Le produit est vegan.<\/p>","protected":false},"excerpt":{"rendered":"<p>Le corps infus\u00e9 \u00e0 l'huile brille pour vous faire briller toute la journ\u00e9e et toute la nuit! Emball\u00e9 plein de chanvre et d'huile de riz qu'il nourrit votre peau avec toute la bont\u00e9 om\u00e9ga et un parfum divin. Le produit est vegan.<\/p>","protected":false},"featured_media":23455,"comment_status":"open","ping_status":"closed","template":"","meta":{"om_disable_all_campaigns":false,"_monsterinsights_skip_tracking":false,"_monsterinsights_sitenote_active":false,"_monsterinsights_sitenote_note":"","_monsterinsights_sitenote_category":0},"product_brand":[],"product_cat":[113],"product_tag":[171],"mwb_booking_cost":[],"mwb_booking_service":[],"class_list":{"0":"post-23270","1":"product","2":"type-product","3":"status-publish","4":"has-post-thumbnail","6":"product_cat-other-products","7":"product_tag-thatso","10":"instock","11":"shipping-taxable","12":"purchasable","13":"product-type-simple","14":"product-grid-view"},"aioseo_notices":[],"_links":{"self":[{"href":"https:\/\/posana.com\/fr\/wp-json\/wp\/v2\/product\/23270","targetHints":{"allow":["GET"]}}],"collection":[{"href":"https:\/\/posana.com\/fr\/wp-json\/wp\/v2\/product"}],"about":[{"href":"https:\/\/posana.com\/fr\/wp-json\/wp\/v2\/types\/product"}],"replies":[{"embeddable":true,"href":"https:\/\/posana.com\/fr\/wp-json\/wp\/v2\/comments?post=23270"}],"version-history":[{"count":2,"href":"https:\/\/posana.com\/fr\/wp-json\/wp\/v2\/product\/23270\/revisions"}],"predecessor-version":[{"id":23456,"href":"https:\/\/posana.com\/fr\/wp-json\/wp\/v2\/product\/23270\/revisions\/23456"}],"wp:featuredmedia":[{"embeddable":true,"href":"https:\/\/posana.com\/fr\/wp-json\/wp\/v2\/media\/23455"}],"wp:attachment":[{"href":"https:\/\/posana.com\/fr\/wp-json\/wp\/v2\/media?parent=23270"}],"wp:term":[{"taxonomy":"product_brand","embeddable":true,"href":"https:\/\/posana.com\/fr\/wp-json\/wp\/v2\/product_brand?post=23270"},{"taxonomy":"product_cat","embeddable":true,"href":"https:\/\/posana.com\/fr\/wp-json\/wp\/v2\/product_cat?post=23270"},{"taxonomy":"product_tag","embeddable":true,"href":"https:\/\/posana.com\/fr\/wp-json\/wp\/v2\/product_tag?post=23270"},{"taxonomy":"mwb_booking_cost","embeddable":true,"href":"https:\/\/posana.com\/fr\/wp-json\/wp\/v2\/mwb_booking_cost?post=23270"},{"taxonomy":"mwb_booking_service","embeddable":true,"href":"https:\/\/posana.com\/fr\/wp-json\/wp\/v2\/mwb_booking_service?post=23270"}],"curies":[{"name":"wp","href":"https:\/\/api.w.org\/{rel}","templated":true}]}}