{"id":23268,"date":"2024-12-27T21:27:50","date_gmt":"2024-12-27T21:27:50","guid":{"rendered":"https:\/\/posana.com\/?post_type=product&#038;p=23268"},"modified":"2025-01-20T19:11:50","modified_gmt":"2025-01-20T19:11:50","slug":"thatso-face-up-beautyfilter","status":"publish","type":"product","link":"https:\/\/posana.com\/fr\/produit\/thatso-face-up-beautyfilter\/","title":{"rendered":"C\u2019est ainsi Face-Up Beautyfilter"},"content":{"rendered":"<p>Beaut\u00e9 naturelle toujours \u00e0 port\u00e9e de main! Pulv\u00e9risateur de maquillage innovant sans maquillage \u00e0 effet nu et Beauty Filter Technology: une poudre soft-focus avec une action photor\u00e9fl\u00e9chissante. Le pr\u00e9cieux m\u00e9lange de pigments hautement performants rend la texture l\u00e9g\u00e8re et<\/p>\n<p>silky. R\u00e9duit la visibilit\u00e9 des petites imperfections du visage et, gr\u00e2ce \u00e0 la pr\u00e9sence du peptide CG-TGP2, favorise une apparence plus claire et plus uniforme.<br \/>\nShade: light-medium-dark nude. PERFUME: Almond, Cherry &amp; Vanilla.<\/p>\n<p>Comment utiliser: Agissez-le avant chaque utilisation. Vaporiser directement sur la peau en continu<br \/>\net mouvement uniforme, en gardant le spray \u00e0 environ 30 cm du visage. Pour un r\u00e9sultat totalement impeccable et naturel, nous vous recommandons d\u2019utiliser un pinceau pour affiner<br \/>\nle ton de la peau. Fermer les yeux et les l\u00e8vres pendant l'application. Ne pas inhaler.<\/p>","protected":false},"excerpt":{"rendered":"<p>Natural beauty always at your fingertips! Innovative No-Makeup Makeup spray with nude effect and Beauty Filter Technology: a soft-focus powder with a photoreflective action. The precious blend of highly performing pigments makes the texture light and silky. Reduces the visibility of small facial imperfections and, thanks to the presence of the CG-TGP2 peptide, promotes a [&hellip;]<\/p>\n","protected":false},"featured_media":23451,"comment_status":"open","ping_status":"closed","template":"","meta":{"om_disable_all_campaigns":false,"_monsterinsights_skip_tracking":false,"_monsterinsights_sitenote_active":false,"_monsterinsights_sitenote_note":"","_monsterinsights_sitenote_category":0},"product_brand":[],"product_cat":[113],"product_tag":[171],"mwb_booking_cost":[],"mwb_booking_service":[],"class_list":{"0":"post-23268","1":"product","2":"type-product","3":"status-publish","4":"has-post-thumbnail","6":"product_cat-other-products","7":"product_tag-thatso","10":"instock","11":"shipping-taxable","12":"purchasable","13":"product-type-simple","14":"product-grid-view"},"aioseo_notices":[],"_links":{"self":[{"href":"https:\/\/posana.com\/fr\/wp-json\/wp\/v2\/product\/23268","targetHints":{"allow":["GET"]}}],"collection":[{"href":"https:\/\/posana.com\/fr\/wp-json\/wp\/v2\/product"}],"about":[{"href":"https:\/\/posana.com\/fr\/wp-json\/wp\/v2\/types\/product"}],"replies":[{"embeddable":true,"href":"https:\/\/posana.com\/fr\/wp-json\/wp\/v2\/comments?post=23268"}],"version-history":[{"count":2,"href":"https:\/\/posana.com\/fr\/wp-json\/wp\/v2\/product\/23268\/revisions"}],"predecessor-version":[{"id":23452,"href":"https:\/\/posana.com\/fr\/wp-json\/wp\/v2\/product\/23268\/revisions\/23452"}],"wp:featuredmedia":[{"embeddable":true,"href":"https:\/\/posana.com\/fr\/wp-json\/wp\/v2\/media\/23451"}],"wp:attachment":[{"href":"https:\/\/posana.com\/fr\/wp-json\/wp\/v2\/media?parent=23268"}],"wp:term":[{"taxonomy":"product_brand","embeddable":true,"href":"https:\/\/posana.com\/fr\/wp-json\/wp\/v2\/product_brand?post=23268"},{"taxonomy":"product_cat","embeddable":true,"href":"https:\/\/posana.com\/fr\/wp-json\/wp\/v2\/product_cat?post=23268"},{"taxonomy":"product_tag","embeddable":true,"href":"https:\/\/posana.com\/fr\/wp-json\/wp\/v2\/product_tag?post=23268"},{"taxonomy":"mwb_booking_cost","embeddable":true,"href":"https:\/\/posana.com\/fr\/wp-json\/wp\/v2\/mwb_booking_cost?post=23268"},{"taxonomy":"mwb_booking_service","embeddable":true,"href":"https:\/\/posana.com\/fr\/wp-json\/wp\/v2\/mwb_booking_service?post=23268"}],"curies":[{"name":"wp","href":"https:\/\/api.w.org\/{rel}","templated":true}]}}