{"id":23267,"date":"2024-12-27T21:27:50","date_gmt":"2024-12-27T21:27:50","guid":{"rendered":"https:\/\/posana.com\/?post_type=product&#038;p=23267"},"modified":"2025-02-11T16:19:20","modified_gmt":"2025-02-11T16:19:20","slug":"thalion-ocean-bath-crystals","status":"publish","type":"product","link":"https:\/\/posana.com\/fr\/produit\/thalion-ocean-bath-crystals\/","title":{"rendered":"Thalion- Cristaux de bain de l'oc\u00e9an"},"content":{"rendered":"<p>Plongez dans les cristaux de bain de Thalion Ocean, hautement concentr\u00e9s dans les extraits marins pour remin\u00e9raliser et revitaliser votre corps. Soulagez le stress, la tension et la fatigue pendant que vous profitez d'un moment de d\u00e9tente et de bien-\u00eatre d\u00e9licieux. Plongez dans le luxe et \u00e9mergent rafra\u00eechi avec Thalion Ocean Bath Crystals.<\/p>","protected":false},"excerpt":{"rendered":"<p>Plongez dans les cristaux de bain de Thalion Ocean, hautement concentr\u00e9s dans les extraits marins pour remin\u00e9raliser et revitaliser votre corps. Soulagez le stress, la tension et la fatigue pendant que vous profitez d'un moment de d\u00e9tente et de bien-\u00eatre d\u00e9licieux. Plongez dans le luxe et \u00e9mergent rafra\u00eechi avec Thalion Ocean Bath Crystals.<\/p>","protected":false},"featured_media":24736,"comment_status":"open","ping_status":"closed","template":"","meta":{"om_disable_all_campaigns":false,"_monsterinsights_skip_tracking":false,"_monsterinsights_sitenote_active":false,"_monsterinsights_sitenote_note":"","_monsterinsights_sitenote_category":0},"product_brand":[],"product_cat":[113],"product_tag":[175],"mwb_booking_cost":[],"mwb_booking_service":[],"class_list":{"0":"post-23267","1":"product","2":"type-product","3":"status-publish","4":"has-post-thumbnail","6":"product_cat-other-products","7":"product_tag-thalion","10":"instock","11":"shipping-taxable","12":"purchasable","13":"product-type-simple","14":"product-grid-view"},"aioseo_notices":[],"_links":{"self":[{"href":"https:\/\/posana.com\/fr\/wp-json\/wp\/v2\/product\/23267","targetHints":{"allow":["GET"]}}],"collection":[{"href":"https:\/\/posana.com\/fr\/wp-json\/wp\/v2\/product"}],"about":[{"href":"https:\/\/posana.com\/fr\/wp-json\/wp\/v2\/types\/product"}],"replies":[{"embeddable":true,"href":"https:\/\/posana.com\/fr\/wp-json\/wp\/v2\/comments?post=23267"}],"version-history":[{"count":2,"href":"https:\/\/posana.com\/fr\/wp-json\/wp\/v2\/product\/23267\/revisions"}],"predecessor-version":[{"id":24382,"href":"https:\/\/posana.com\/fr\/wp-json\/wp\/v2\/product\/23267\/revisions\/24382"}],"wp:featuredmedia":[{"embeddable":true,"href":"https:\/\/posana.com\/fr\/wp-json\/wp\/v2\/media\/24736"}],"wp:attachment":[{"href":"https:\/\/posana.com\/fr\/wp-json\/wp\/v2\/media?parent=23267"}],"wp:term":[{"taxonomy":"product_brand","embeddable":true,"href":"https:\/\/posana.com\/fr\/wp-json\/wp\/v2\/product_brand?post=23267"},{"taxonomy":"product_cat","embeddable":true,"href":"https:\/\/posana.com\/fr\/wp-json\/wp\/v2\/product_cat?post=23267"},{"taxonomy":"product_tag","embeddable":true,"href":"https:\/\/posana.com\/fr\/wp-json\/wp\/v2\/product_tag?post=23267"},{"taxonomy":"mwb_booking_cost","embeddable":true,"href":"https:\/\/posana.com\/fr\/wp-json\/wp\/v2\/mwb_booking_cost?post=23267"},{"taxonomy":"mwb_booking_service","embeddable":true,"href":"https:\/\/posana.com\/fr\/wp-json\/wp\/v2\/mwb_booking_service?post=23267"}],"curies":[{"name":"wp","href":"https:\/\/api.w.org\/{rel}","templated":true}]}}