{"id":23266,"date":"2024-12-27T21:27:50","date_gmt":"2024-12-27T21:27:50","guid":{"rendered":"https:\/\/posana.com\/?post_type=product&#038;p=23266"},"modified":"2025-01-20T19:09:35","modified_gmt":"2025-01-20T19:09:35","slug":"thalion-invigorating-shower-gel","status":"publish","type":"product","link":"https:\/\/posana.com\/fr\/produit\/thalion-invigorating-shower-gel\/","title":{"rendered":"Thalion- Invigorant Gel de douche"},"content":{"rendered":"<p>D\u00e9couvrez Thalion Invigorating Shower Gel: un m\u00e9lange revitalisant riche en min\u00e9raux et oligo-\u00e9l\u00e9ments. Nettoyez doucement, en laissant la peau douce et tonique. Avec Laminaria digitata pour acc\u00e9l\u00e9rer l'\u00e9change cellulaire et l'huile de magn\u00e9sium marine pour vitaliser la fra\u00eecheur. Transformez votre douche en un rituel rajeunissant.<\/p>","protected":false},"excerpt":{"rendered":"<p>D\u00e9couvrez Thalion Invigorating Shower Gel: un m\u00e9lange revitalisant riche en min\u00e9raux et oligo-\u00e9l\u00e9ments. Nettoyez doucement, en laissant la peau douce et tonique. Avec Laminaria digitata pour acc\u00e9l\u00e9rer l'\u00e9change cellulaire et l'huile de magn\u00e9sium marine pour vitaliser la fra\u00eecheur. Transformez votre douche en un rituel rajeunissant.<\/p>","protected":false},"featured_media":23448,"comment_status":"open","ping_status":"closed","template":"","meta":{"om_disable_all_campaigns":false,"_monsterinsights_skip_tracking":false,"_monsterinsights_sitenote_active":false,"_monsterinsights_sitenote_note":"","_monsterinsights_sitenote_category":0},"product_brand":[],"product_cat":[113],"product_tag":[175],"mwb_booking_cost":[],"mwb_booking_service":[],"class_list":{"0":"post-23266","1":"product","2":"type-product","3":"status-publish","4":"has-post-thumbnail","6":"product_cat-other-products","7":"product_tag-thalion","10":"instock","11":"shipping-taxable","12":"purchasable","13":"product-type-simple","14":"product-grid-view"},"aioseo_notices":[],"_links":{"self":[{"href":"https:\/\/posana.com\/fr\/wp-json\/wp\/v2\/product\/23266","targetHints":{"allow":["GET"]}}],"collection":[{"href":"https:\/\/posana.com\/fr\/wp-json\/wp\/v2\/product"}],"about":[{"href":"https:\/\/posana.com\/fr\/wp-json\/wp\/v2\/types\/product"}],"replies":[{"embeddable":true,"href":"https:\/\/posana.com\/fr\/wp-json\/wp\/v2\/comments?post=23266"}],"version-history":[{"count":2,"href":"https:\/\/posana.com\/fr\/wp-json\/wp\/v2\/product\/23266\/revisions"}],"predecessor-version":[{"id":23449,"href":"https:\/\/posana.com\/fr\/wp-json\/wp\/v2\/product\/23266\/revisions\/23449"}],"wp:featuredmedia":[{"embeddable":true,"href":"https:\/\/posana.com\/fr\/wp-json\/wp\/v2\/media\/23448"}],"wp:attachment":[{"href":"https:\/\/posana.com\/fr\/wp-json\/wp\/v2\/media?parent=23266"}],"wp:term":[{"taxonomy":"product_brand","embeddable":true,"href":"https:\/\/posana.com\/fr\/wp-json\/wp\/v2\/product_brand?post=23266"},{"taxonomy":"product_cat","embeddable":true,"href":"https:\/\/posana.com\/fr\/wp-json\/wp\/v2\/product_cat?post=23266"},{"taxonomy":"product_tag","embeddable":true,"href":"https:\/\/posana.com\/fr\/wp-json\/wp\/v2\/product_tag?post=23266"},{"taxonomy":"mwb_booking_cost","embeddable":true,"href":"https:\/\/posana.com\/fr\/wp-json\/wp\/v2\/mwb_booking_cost?post=23266"},{"taxonomy":"mwb_booking_service","embeddable":true,"href":"https:\/\/posana.com\/fr\/wp-json\/wp\/v2\/mwb_booking_service?post=23266"}],"curies":[{"name":"wp","href":"https:\/\/api.w.org\/{rel}","templated":true}]}}