{"id":23235,"date":"2024-12-27T21:27:46","date_gmt":"2024-12-27T21:27:46","guid":{"rendered":"https:\/\/posana.com\/?post_type=product&#038;p=23235"},"modified":"2025-01-20T19:09:11","modified_gmt":"2025-01-20T19:09:11","slug":"thalion-marine-magnesium-oil-100ml","status":"publish","type":"product","link":"https:\/\/posana.com\/fr\/produit\/thalion-marine-magnesium-oil-100ml\/","title":{"rendered":"Huile de magn\u00e9sium marine de Thalion \u2013 100 ml"},"content":{"rendered":"<p>Ocean Magn\u00e9sium, 100% naturel, d\u00e9riv\u00e9 de l'eau de mer, est une formule sp\u00e9cifique qui d\u00e9livre directement \u00e0 travers la peau les avantages du magn\u00e9sium.<\/p>\n<div>Ocean Magn\u00e9sium est une solution \u00e0 base d'eau, 100% naturelle \u00e0 base d'eau de mer. Satur\u00e9e en chlorure de magn\u00e9sium, elle offre une touche incroyable d\u2019huile s\u00e8che.<\/div>\n<p>&nbsp;<\/p>\n<ul>\n<li>Compensation des carences en magn\u00e9sium,<\/li>\n<li>Pr\u00e9serve l'\u00e9quilibre nerveux en r\u00e9duisant la lib\u00e9ration d'adr\u00e9naline g\u00e9n\u00e9r\u00e9e par le stress,<\/li>\n<li>Combattre les douleurs musculaires et les crampes,<\/li>\n<li>Am\u00e9liore le sommeil,<\/li>\n<li>R\u00e9gule le m\u00e9tabolisme \u00e9nerg\u00e9tique,<\/li>\n<li>Aide \u00e0 \u00e9liminer les toxines,<\/li>\n<li>Contribue \u00e0 une meilleure liaison du calcium, d'o\u00f9 son r\u00f4le cl\u00e9 dans la sant\u00e9 osseuse,<\/li>\n<li>R\u00e9parer la barri\u00e8re cutan\u00e9e.<\/li>\n<\/ul>","protected":false},"excerpt":{"rendered":"<p>Ocean Magnesium, 100% natural, derived from sea water, is a specific formula that delivers directly through the skin the benefits of magnesium. Ocean Magnesium is a water-based solution, 100% natural made of seawater. Saturated in magnesium chloride, it offers an amazing &#8220;dry oil\u201d touch. &nbsp; Compensates for deficiencies in magnesium, Preserves the nervous balance by [&hellip;]<\/p>\n","protected":false},"featured_media":23482,"comment_status":"open","ping_status":"closed","template":"","meta":{"om_disable_all_campaigns":false,"_monsterinsights_skip_tracking":false,"_monsterinsights_sitenote_active":false,"_monsterinsights_sitenote_note":"","_monsterinsights_sitenote_category":0},"product_brand":[],"product_cat":[113],"product_tag":[175],"mwb_booking_cost":[],"mwb_booking_service":[],"class_list":{"0":"post-23235","1":"product","2":"type-product","3":"status-publish","4":"has-post-thumbnail","6":"product_cat-other-products","7":"product_tag-thalion","10":"instock","11":"shipping-taxable","12":"purchasable","13":"product-type-simple","14":"product-grid-view"},"aioseo_notices":[],"_links":{"self":[{"href":"https:\/\/posana.com\/fr\/wp-json\/wp\/v2\/product\/23235","targetHints":{"allow":["GET"]}}],"collection":[{"href":"https:\/\/posana.com\/fr\/wp-json\/wp\/v2\/product"}],"about":[{"href":"https:\/\/posana.com\/fr\/wp-json\/wp\/v2\/types\/product"}],"replies":[{"embeddable":true,"href":"https:\/\/posana.com\/fr\/wp-json\/wp\/v2\/comments?post=23235"}],"version-history":[{"count":2,"href":"https:\/\/posana.com\/fr\/wp-json\/wp\/v2\/product\/23235\/revisions"}],"predecessor-version":[{"id":23483,"href":"https:\/\/posana.com\/fr\/wp-json\/wp\/v2\/product\/23235\/revisions\/23483"}],"wp:featuredmedia":[{"embeddable":true,"href":"https:\/\/posana.com\/fr\/wp-json\/wp\/v2\/media\/23482"}],"wp:attachment":[{"href":"https:\/\/posana.com\/fr\/wp-json\/wp\/v2\/media?parent=23235"}],"wp:term":[{"taxonomy":"product_brand","embeddable":true,"href":"https:\/\/posana.com\/fr\/wp-json\/wp\/v2\/product_brand?post=23235"},{"taxonomy":"product_cat","embeddable":true,"href":"https:\/\/posana.com\/fr\/wp-json\/wp\/v2\/product_cat?post=23235"},{"taxonomy":"product_tag","embeddable":true,"href":"https:\/\/posana.com\/fr\/wp-json\/wp\/v2\/product_tag?post=23235"},{"taxonomy":"mwb_booking_cost","embeddable":true,"href":"https:\/\/posana.com\/fr\/wp-json\/wp\/v2\/mwb_booking_cost?post=23235"},{"taxonomy":"mwb_booking_service","embeddable":true,"href":"https:\/\/posana.com\/fr\/wp-json\/wp\/v2\/mwb_booking_service?post=23235"}],"curies":[{"name":"wp","href":"https:\/\/api.w.org\/{rel}","templated":true}]}}