{"id":23234,"date":"2024-12-27T21:27:46","date_gmt":"2024-12-27T21:27:46","guid":{"rendered":"https:\/\/posana.com\/?post_type=product&#038;p=23234"},"modified":"2025-01-20T19:09:05","modified_gmt":"2025-01-20T19:09:05","slug":"thalion-magnesium-booster-rebalancing-marine-gel-100-ml","status":"publish","type":"product","link":"https:\/\/posana.com\/fr\/produit\/thalion-magnesium-booster-rebalancing-marine-gel-100-ml\/","title":{"rendered":"Thalion Magn\u00e9sium Booster Re\u00e9quilibrage Marine Gel \u2013 100 ml"},"content":{"rendered":"<p>Ce gel ultra-sensoriel, concentr\u00e9 en magn\u00e9sium marin et oligo-\u00e9l\u00e9ments, offre tous les avantages de r\u00e9\u00e9quilibrage de l\u2019eau de mer pour la peau.<\/p>\n<p>Une dose authentique de bien-\u00eatre quotidien.<\/p>\n<p>98,2% d'ingr\u00e9dients d'origine naturelle.<\/p>\n<p>&nbsp;<\/p>\n<ul>\n<li>Apport de magn\u00e9sium marin, d'oligo-\u00e9l\u00e9ments et de min\u00e9raux dans un gel sensoriel.<\/li>\n<li>Compensats pour les carences en magn\u00e9sium responsables des maux quotidiens: sensation de stress, fatigue, irritabilit\u00e9, tension musculaire, troubles du sommeil\u2026<\/li>\n<li>Recharge le corps jour apr\u00e8s jour.<\/li>\n<\/ul>","protected":false},"excerpt":{"rendered":"<p>This ultra-sensory gel, concentrated in marine magnesium and trace-elements, offers all the rebalancing benefits of seawater to skin. A genuine dose of daily well-being. 98,2% of ingredients of natural origin. &nbsp; Marine magnesium, trace elements and minerals intake in a sensory gel. Compensates for magnesium deficiencies responsible for daily ailments: feeling of stress, fatigue, irritability, [&hellip;]<\/p>\n","protected":false},"featured_media":23480,"comment_status":"open","ping_status":"closed","template":"","meta":{"om_disable_all_campaigns":false,"_monsterinsights_skip_tracking":false,"_monsterinsights_sitenote_active":false,"_monsterinsights_sitenote_note":"","_monsterinsights_sitenote_category":0},"product_brand":[],"product_cat":[113],"product_tag":[175],"mwb_booking_cost":[],"mwb_booking_service":[],"class_list":{"0":"post-23234","1":"product","2":"type-product","3":"status-publish","4":"has-post-thumbnail","6":"product_cat-other-products","7":"product_tag-thalion","10":"instock","11":"shipping-taxable","12":"purchasable","13":"product-type-simple","14":"product-grid-view"},"aioseo_notices":[],"_links":{"self":[{"href":"https:\/\/posana.com\/fr\/wp-json\/wp\/v2\/product\/23234","targetHints":{"allow":["GET"]}}],"collection":[{"href":"https:\/\/posana.com\/fr\/wp-json\/wp\/v2\/product"}],"about":[{"href":"https:\/\/posana.com\/fr\/wp-json\/wp\/v2\/types\/product"}],"replies":[{"embeddable":true,"href":"https:\/\/posana.com\/fr\/wp-json\/wp\/v2\/comments?post=23234"}],"version-history":[{"count":2,"href":"https:\/\/posana.com\/fr\/wp-json\/wp\/v2\/product\/23234\/revisions"}],"predecessor-version":[{"id":23481,"href":"https:\/\/posana.com\/fr\/wp-json\/wp\/v2\/product\/23234\/revisions\/23481"}],"wp:featuredmedia":[{"embeddable":true,"href":"https:\/\/posana.com\/fr\/wp-json\/wp\/v2\/media\/23480"}],"wp:attachment":[{"href":"https:\/\/posana.com\/fr\/wp-json\/wp\/v2\/media?parent=23234"}],"wp:term":[{"taxonomy":"product_brand","embeddable":true,"href":"https:\/\/posana.com\/fr\/wp-json\/wp\/v2\/product_brand?post=23234"},{"taxonomy":"product_cat","embeddable":true,"href":"https:\/\/posana.com\/fr\/wp-json\/wp\/v2\/product_cat?post=23234"},{"taxonomy":"product_tag","embeddable":true,"href":"https:\/\/posana.com\/fr\/wp-json\/wp\/v2\/product_tag?post=23234"},{"taxonomy":"mwb_booking_cost","embeddable":true,"href":"https:\/\/posana.com\/fr\/wp-json\/wp\/v2\/mwb_booking_cost?post=23234"},{"taxonomy":"mwb_booking_service","embeddable":true,"href":"https:\/\/posana.com\/fr\/wp-json\/wp\/v2\/mwb_booking_service?post=23234"}],"curies":[{"name":"wp","href":"https:\/\/api.w.org\/{rel}","templated":true}]}}