{"id":23233,"date":"2024-12-27T21:27:46","date_gmt":"2024-12-27T21:27:46","guid":{"rendered":"https:\/\/posana.com\/?post_type=product&#038;p=23233"},"modified":"2025-01-20T19:08:57","modified_gmt":"2025-01-20T19:08:57","slug":"thalion-exfoliating-body-lotion-with-marine-salts-200-ml","status":"publish","type":"product","link":"https:\/\/posana.com\/fr\/produit\/thalion-exfoliating-body-lotion-with-marine-salts-200-ml\/","title":{"rendered":"Lotion pour corps exfoliants Thalion avec sels marins \u2013 200 ml"},"content":{"rendered":"<p>Les cristaux de ce gel polysaccharides marins parfaitement exfoli\u00e9s et offrent \u00e0 votre peau une touche de velours unique.<\/p>\n<p>&nbsp;<\/p>\n<ul>\n<li>\u00c9limine les impuret\u00e9s et les cellules mortes de la peau,<\/li>\n<li>Fournit \u00e0 la peau les min\u00e9raux et oligo-\u00e9l\u00e9ments n\u00e9cessaires \u00e0 son \u00e9clat et \u00e0 sa souplesse,<\/li>\n<li>Parfum frais et revitalisant.<\/li>\n<\/ul>","protected":false},"excerpt":{"rendered":"<p>The crystals of this marine polysaccharides gel perfectly exfoliate and offer your skin a unique velvet touch. &nbsp; Eliminates impurities and dead skin cells, Provides the skin with the minerals and trace elements necessary to its radiance and suppleness, Fresh and revitalizing fragrance.<\/p>","protected":false},"featured_media":23478,"comment_status":"open","ping_status":"closed","template":"","meta":{"om_disable_all_campaigns":false,"_monsterinsights_skip_tracking":false,"_monsterinsights_sitenote_active":false,"_monsterinsights_sitenote_note":"","_monsterinsights_sitenote_category":0},"product_brand":[],"product_cat":[113],"product_tag":[175],"mwb_booking_cost":[],"mwb_booking_service":[],"class_list":{"0":"post-23233","1":"product","2":"type-product","3":"status-publish","4":"has-post-thumbnail","6":"product_cat-other-products","7":"product_tag-thalion","10":"instock","11":"shipping-taxable","12":"purchasable","13":"product-type-simple","14":"product-grid-view"},"aioseo_notices":[],"_links":{"self":[{"href":"https:\/\/posana.com\/fr\/wp-json\/wp\/v2\/product\/23233","targetHints":{"allow":["GET"]}}],"collection":[{"href":"https:\/\/posana.com\/fr\/wp-json\/wp\/v2\/product"}],"about":[{"href":"https:\/\/posana.com\/fr\/wp-json\/wp\/v2\/types\/product"}],"replies":[{"embeddable":true,"href":"https:\/\/posana.com\/fr\/wp-json\/wp\/v2\/comments?post=23233"}],"version-history":[{"count":2,"href":"https:\/\/posana.com\/fr\/wp-json\/wp\/v2\/product\/23233\/revisions"}],"predecessor-version":[{"id":23479,"href":"https:\/\/posana.com\/fr\/wp-json\/wp\/v2\/product\/23233\/revisions\/23479"}],"wp:featuredmedia":[{"embeddable":true,"href":"https:\/\/posana.com\/fr\/wp-json\/wp\/v2\/media\/23478"}],"wp:attachment":[{"href":"https:\/\/posana.com\/fr\/wp-json\/wp\/v2\/media?parent=23233"}],"wp:term":[{"taxonomy":"product_brand","embeddable":true,"href":"https:\/\/posana.com\/fr\/wp-json\/wp\/v2\/product_brand?post=23233"},{"taxonomy":"product_cat","embeddable":true,"href":"https:\/\/posana.com\/fr\/wp-json\/wp\/v2\/product_cat?post=23233"},{"taxonomy":"product_tag","embeddable":true,"href":"https:\/\/posana.com\/fr\/wp-json\/wp\/v2\/product_tag?post=23233"},{"taxonomy":"mwb_booking_cost","embeddable":true,"href":"https:\/\/posana.com\/fr\/wp-json\/wp\/v2\/mwb_booking_cost?post=23233"},{"taxonomy":"mwb_booking_service","embeddable":true,"href":"https:\/\/posana.com\/fr\/wp-json\/wp\/v2\/mwb_booking_service?post=23233"}],"curies":[{"name":"wp","href":"https:\/\/api.w.org\/{rel}","templated":true}]}}