{"id":23230,"date":"2024-12-27T21:27:46","date_gmt":"2024-12-27T21:27:46","guid":{"rendered":"https:\/\/posana.com\/?post_type=product&#038;p=23230"},"modified":"2025-03-04T11:14:51","modified_gmt":"2025-03-04T11:14:51","slug":"toning-emulsion","status":"publish","type":"product","link":"https:\/\/posana.com\/fr\/produit\/toning-emulsion\/","title":{"rendered":"\u00c9mulsion Tonifiante 50ml"},"content":{"rendered":"<p><strong>Application:<\/strong><br \/>\nApr\u00e8s avoir nettoy\u00e9 le visage, appliquez l\u2019Emulsion Tonifiante sur l\u2019ensemble du visage et du cou. Pour un r\u00e9sultat optimal, appliquer en synergie avec, selon les cas, le Concentr\u00e9 Essentiel Hydro-Tonifiant, l\u2019Oligo-Element Essentiel ou le Bioarome TM.<\/p>\n<p>&nbsp;<\/p>\n<p><strong>Avantages :<\/strong> (1) Hydrate, tonifie et raffermit la peau, (2) Redonne une meilleure coh\u00e9sion \u00e0 la peau, (3) Red\u00e9finit le contour du visage, (4) Aide \u00e0 retrouver une peau lisse et ferme.<\/p>\n<p>&nbsp;<\/p>\n<p><strong>Ingredients<\/strong>:<\/p>\n<p>Aqua (Water), Cetearyl Ethylhexanoate, Squalane, Glycerin, Borago Officinalis Seed Oil, Dimethicone, Ethylhexyl Methoxycinnamate, Polyacrylamide, Steareth-100, Butyrospermum Parkii (Shea) Butter, Sesamum Indicum (Sesame) Seed Oil, Tocopheryl Acetate, Cetearyl Alcohol, Cetyl Alcohol, Stearyl Alcohol, Hamamelis Virginiana (Witch Hazel) Leaf Extract, Polyquaternium-51, Yeast Extract, Methylglucoside Phosphate, Copper Lysinate\/Prolinate, Alpha-Glucan Oligosaccharide, Echinacea Purpurea Root Extract, Equisetum Arvense Extract, Panax Ginseng Root Extract, Ginkgo Biloba Leaf Extract, Centella Asiatica Leaf Extract, Rahnella\/Soy Protein Ferment, Palmitoyl Hexapeptide-12, Palmitoyl Tripeptide-1, Glyceryl Acrylate\/Acrylic Acid Copolymer, Aloe Barbadensis Leaf Juice, PPG-10 Methyl Glucose Ether, TEA-Lactate, Sodium Lactate, Lactic Acid, Sorbitol, Serine, Urea, Allantoin, Lecithin, Propylene Glycol Stearate, Polysorbate 20, Sorbitan Laurate, Propylene Glycol Laurate, Polymethyl Methacrylate, C13-14 Isoparaffin, Laureth-7, Citrus Limon (Lemon) Peel Oil, Retinyl Palmitate, Sodium Hyaluronate, Xanthan Gum, Disodium EDTA, Caprylhydroxamic Acid, Phenoxyethanol, Ethylhexylglycerin, Potassium Sorbate, Sodium Benzoate, 1,2-Hexanediol, Butylene Glycol, Citric Acid, Propylene Glycol, Propyl Gallate, Hydrogenated Starch Hydrolysate, Helianthus Annuus (Sunflower) Seed Oil, BHT, Sodium Phosphate, Tocopherol, Parfum (Fragrance), Amyl Cinnamal, Citral, Hydroxycitronellal, Benzyl Salicylate, Hydroxyisohexyl 3-Cyclohexene Carboxaldehyde, Butylphenyl Methylpropional, Linalool, Benzyl Benzoate, Hexyl Cinnamal, Alpha-Isomethyl Ionone, Cinnamyl Alcohol, Citronellol, Eugenol, Benzyl Alcohol, Geraniol, Limonene.<\/p>\n<p>*Nos formules pouvant \u00eatre amen\u00e9es \u00e0 \u00e9voluer, veuillez vous reporter \u00e9galement \u00e0 la liste d\u2019ingr\u00e9dients figurant sur l\u2019emballage du produit et faisant seule foi.<\/p>","protected":false},"excerpt":{"rendered":"<p><strong>Loose skin, lacking firmness. Tightens skin and restores elasticity.<\/strong><\/p>\n<p>Intensive care emulsion for toneless skin. Helps to densify skin texture to create an appearance of redefined face contour. Also suitable for flaccid neck and necklines.<\/p>\n<p>[ 50 ml ]<\/p>\n","protected":false},"featured_media":23474,"comment_status":"open","ping_status":"closed","template":"","meta":{"om_disable_all_campaigns":false,"_monsterinsights_skip_tracking":false,"_monsterinsights_sitenote_active":false,"_monsterinsights_sitenote_note":"","_monsterinsights_sitenote_category":0},"product_brand":[186],"product_cat":[133,61],"product_tag":[170],"mwb_booking_cost":[],"mwb_booking_service":[],"class_list":{"0":"post-23230","1":"product","2":"type-product","3":"status-publish","4":"has-post-thumbnail","6":"product_brand-physiodermie","7":"product_cat-emulsions","8":"product_cat-skin-care-products","9":"product_tag-physiodermie","12":"instock","13":"shipping-taxable","14":"purchasable","15":"product-type-simple","16":"product-grid-view"},"aioseo_notices":[],"_links":{"self":[{"href":"https:\/\/posana.com\/fr\/wp-json\/wp\/v2\/product\/23230","targetHints":{"allow":["GET"]}}],"collection":[{"href":"https:\/\/posana.com\/fr\/wp-json\/wp\/v2\/product"}],"about":[{"href":"https:\/\/posana.com\/fr\/wp-json\/wp\/v2\/types\/product"}],"replies":[{"embeddable":true,"href":"https:\/\/posana.com\/fr\/wp-json\/wp\/v2\/comments?post=23230"}],"version-history":[{"count":7,"href":"https:\/\/posana.com\/fr\/wp-json\/wp\/v2\/product\/23230\/revisions"}],"predecessor-version":[{"id":24811,"href":"https:\/\/posana.com\/fr\/wp-json\/wp\/v2\/product\/23230\/revisions\/24811"}],"wp:featuredmedia":[{"embeddable":true,"href":"https:\/\/posana.com\/fr\/wp-json\/wp\/v2\/media\/23474"}],"wp:attachment":[{"href":"https:\/\/posana.com\/fr\/wp-json\/wp\/v2\/media?parent=23230"}],"wp:term":[{"taxonomy":"product_brand","embeddable":true,"href":"https:\/\/posana.com\/fr\/wp-json\/wp\/v2\/product_brand?post=23230"},{"taxonomy":"product_cat","embeddable":true,"href":"https:\/\/posana.com\/fr\/wp-json\/wp\/v2\/product_cat?post=23230"},{"taxonomy":"product_tag","embeddable":true,"href":"https:\/\/posana.com\/fr\/wp-json\/wp\/v2\/product_tag?post=23230"},{"taxonomy":"mwb_booking_cost","embeddable":true,"href":"https:\/\/posana.com\/fr\/wp-json\/wp\/v2\/mwb_booking_cost?post=23230"},{"taxonomy":"mwb_booking_service","embeddable":true,"href":"https:\/\/posana.com\/fr\/wp-json\/wp\/v2\/mwb_booking_service?post=23230"}],"curies":[{"name":"wp","href":"https:\/\/api.w.org\/{rel}","templated":true}]}}