{"id":23228,"date":"2024-12-27T21:27:46","date_gmt":"2024-12-27T21:27:46","guid":{"rendered":"https:\/\/posana.com\/?post_type=product&#038;p=23228"},"modified":"2024-12-28T20:29:29","modified_gmt":"2024-12-28T20:29:29","slug":"thalisens-nature-divine-scrub","status":"publish","type":"product","link":"https:\/\/posana.com\/fr\/produit\/thalisens-nature-divine-scrub\/","title":{"rendered":"THALISENS nature - Scrub Divin"},"content":{"rendered":"<p>D\u00e9gustez la nature luxueuse de THALISENS \u2013 Scrub Divin, con\u00e7u pour vous transporter avec son m\u00e9lange divin d\u2019ingr\u00e9dients 100% naturels. Infus\u00e9e d'un noyau marin r\u00e9\u00e9quilibrant et l'essence nourrissante de la fleur de Tiare, sa texture fondante adoucit doucement la peau, la laissant orn\u00e9e de notes sensuelles et ensoleill\u00e9es. Offrez-vous une exp\u00e9rience indulgente comme spa et embrassez une peau radiante et soyeuse lisse \u00e0 chaque utilisation.<\/p>","protected":false},"excerpt":{"rendered":"<p>Indulge in the luxurious THALISENS nature &#8211; Divine Scrub, crafted to transport you with its divine blend of 100% natural ingredients. Infused with a rebalancing marine core and the nourishing essence of Tiare flower, its melting texture gently softens the skin, leaving it adorned with sensual and sun-kissed notes. Treat yourself to an indulgent spa-like [&hellip;]<\/p>\n","protected":false},"featured_media":23469,"comment_status":"open","ping_status":"closed","template":"","meta":{"om_disable_all_campaigns":false,"_monsterinsights_skip_tracking":false,"_monsterinsights_sitenote_active":false,"_monsterinsights_sitenote_note":"","_monsterinsights_sitenote_category":0},"product_brand":[],"product_cat":[113],"product_tag":[],"mwb_booking_cost":[],"mwb_booking_service":[],"class_list":{"0":"post-23228","1":"product","2":"type-product","3":"status-publish","4":"has-post-thumbnail","6":"product_cat-other-products","9":"instock","10":"shipping-taxable","11":"purchasable","12":"product-type-simple","13":"product-grid-view"},"aioseo_notices":[],"_links":{"self":[{"href":"https:\/\/posana.com\/fr\/wp-json\/wp\/v2\/product\/23228","targetHints":{"allow":["GET"]}}],"collection":[{"href":"https:\/\/posana.com\/fr\/wp-json\/wp\/v2\/product"}],"about":[{"href":"https:\/\/posana.com\/fr\/wp-json\/wp\/v2\/types\/product"}],"replies":[{"embeddable":true,"href":"https:\/\/posana.com\/fr\/wp-json\/wp\/v2\/comments?post=23228"}],"version-history":[{"count":2,"href":"https:\/\/posana.com\/fr\/wp-json\/wp\/v2\/product\/23228\/revisions"}],"predecessor-version":[{"id":23470,"href":"https:\/\/posana.com\/fr\/wp-json\/wp\/v2\/product\/23228\/revisions\/23470"}],"wp:featuredmedia":[{"embeddable":true,"href":"https:\/\/posana.com\/fr\/wp-json\/wp\/v2\/media\/23469"}],"wp:attachment":[{"href":"https:\/\/posana.com\/fr\/wp-json\/wp\/v2\/media?parent=23228"}],"wp:term":[{"taxonomy":"product_brand","embeddable":true,"href":"https:\/\/posana.com\/fr\/wp-json\/wp\/v2\/product_brand?post=23228"},{"taxonomy":"product_cat","embeddable":true,"href":"https:\/\/posana.com\/fr\/wp-json\/wp\/v2\/product_cat?post=23228"},{"taxonomy":"product_tag","embeddable":true,"href":"https:\/\/posana.com\/fr\/wp-json\/wp\/v2\/product_tag?post=23228"},{"taxonomy":"mwb_booking_cost","embeddable":true,"href":"https:\/\/posana.com\/fr\/wp-json\/wp\/v2\/mwb_booking_cost?post=23228"},{"taxonomy":"mwb_booking_service","embeddable":true,"href":"https:\/\/posana.com\/fr\/wp-json\/wp\/v2\/mwb_booking_service?post=23228"}],"curies":[{"name":"wp","href":"https:\/\/api.w.org\/{rel}","templated":true}]}}