{"id":23227,"date":"2024-12-27T21:27:46","date_gmt":"2024-12-27T21:27:46","guid":{"rendered":"https:\/\/posana.com\/?post_type=product&#038;p=23227"},"modified":"2024-12-28T20:21:00","modified_gmt":"2024-12-28T20:21:00","slug":"synergies-for-diffusers","status":"publish","type":"product","link":"https:\/\/posana.com\/fr\/produit\/synergies-for-diffusers\/","title":{"rendered":"Synergies pour diffuseurs"},"content":{"rendered":"<p>Cette synergie faite de vraie lavande, lavandine super, romarin, sauge clary et basilic, est calmante, euphorique et s\u00e9dative, rappelant les douces odeurs de la douce Provence.<\/p>\n<p>Id\u00e9alement plac\u00e9 dans le diffuseur ou m\u00eame dans le massage local, mais dilu\u00e9 dans 90% d\u2019huile v\u00e9g\u00e9tale au premier pressage \u00e0 froid, il apaise le syst\u00e8me nerveux et facilite la relaxation musculaire et nerveuse.<\/p>","protected":false},"excerpt":{"rendered":"<p>This synergy made of real lavender, lavandin super, rosemary , clary sage and basil, is calming, euphoric and sedative, reminiscent of the sweet smells of sweet Provence. Ideally placed in the diffuser or even in local massage, but diluted in 90% of vegetable oil at first cold pressing, it soothes the nervous system and facilitates [&hellip;]<\/p>\n","protected":false},"featured_media":23467,"comment_status":"open","ping_status":"closed","template":"","meta":{"om_disable_all_campaigns":false,"_monsterinsights_skip_tracking":false,"_monsterinsights_sitenote_active":false,"_monsterinsights_sitenote_note":"","_monsterinsights_sitenote_category":0},"product_brand":[],"product_cat":[113],"product_tag":[],"mwb_booking_cost":[],"mwb_booking_service":[],"class_list":{"0":"post-23227","1":"product","2":"type-product","3":"status-publish","4":"has-post-thumbnail","6":"product_cat-other-products","9":"instock","10":"shipping-taxable","11":"purchasable","12":"product-type-simple","13":"product-grid-view"},"aioseo_notices":[],"_links":{"self":[{"href":"https:\/\/posana.com\/fr\/wp-json\/wp\/v2\/product\/23227","targetHints":{"allow":["GET"]}}],"collection":[{"href":"https:\/\/posana.com\/fr\/wp-json\/wp\/v2\/product"}],"about":[{"href":"https:\/\/posana.com\/fr\/wp-json\/wp\/v2\/types\/product"}],"replies":[{"embeddable":true,"href":"https:\/\/posana.com\/fr\/wp-json\/wp\/v2\/comments?post=23227"}],"version-history":[{"count":2,"href":"https:\/\/posana.com\/fr\/wp-json\/wp\/v2\/product\/23227\/revisions"}],"predecessor-version":[{"id":23468,"href":"https:\/\/posana.com\/fr\/wp-json\/wp\/v2\/product\/23227\/revisions\/23468"}],"wp:featuredmedia":[{"embeddable":true,"href":"https:\/\/posana.com\/fr\/wp-json\/wp\/v2\/media\/23467"}],"wp:attachment":[{"href":"https:\/\/posana.com\/fr\/wp-json\/wp\/v2\/media?parent=23227"}],"wp:term":[{"taxonomy":"product_brand","embeddable":true,"href":"https:\/\/posana.com\/fr\/wp-json\/wp\/v2\/product_brand?post=23227"},{"taxonomy":"product_cat","embeddable":true,"href":"https:\/\/posana.com\/fr\/wp-json\/wp\/v2\/product_cat?post=23227"},{"taxonomy":"product_tag","embeddable":true,"href":"https:\/\/posana.com\/fr\/wp-json\/wp\/v2\/product_tag?post=23227"},{"taxonomy":"mwb_booking_cost","embeddable":true,"href":"https:\/\/posana.com\/fr\/wp-json\/wp\/v2\/mwb_booking_cost?post=23227"},{"taxonomy":"mwb_booking_service","embeddable":true,"href":"https:\/\/posana.com\/fr\/wp-json\/wp\/v2\/mwb_booking_service?post=23227"}],"curies":[{"name":"wp","href":"https:\/\/api.w.org\/{rel}","templated":true}]}}