{"id":23226,"date":"2024-12-27T21:27:46","date_gmt":"2024-12-27T21:27:46","guid":{"rendered":"https:\/\/posana.com\/?post_type=product&#038;p=23226"},"modified":"2025-02-09T13:23:26","modified_gmt":"2025-02-09T13:23:26","slug":"sublimatrice-cream-medium-dark-30ml","status":"publish","type":"product","link":"https:\/\/posana.com\/fr\/produit\/sublimatrice-cream-medium-dark-30ml\/","title":{"rendered":"Sublimaterice cr\u00e8me-Medium\/Dark 30ml"},"content":{"rendered":"<p>Tous les types de peau. Unification et lissage des soins teint\u00e9s.<\/p>\n<p>Cr\u00e8me teint\u00e9e double effet: corrige imm\u00e9diatement les rides et les imperfections aspect ainsi que l'effet anti-vieillissement. Pr\u00e9sent\u00e9e avec la combinaison exclusive de trois diff\u00e9rents types de pigments et avec une forte concentration d'extrait d'algues bleues, qui est connue pour sa puissante propri\u00e9t\u00e9 lissante, cette cr\u00e8me est con\u00e7ue pour sublimer le teint naturel pour une peau instantan\u00e9ment raffin\u00e9e, plus saine et plus jeune.<\/p>\n<p>30 ml | 1.01 fl.oz<\/p>","protected":false},"excerpt":{"rendered":"<p>All skin types. Unifying and smoothing tinted care. Double-effect tinted cream: immediately corrects wrinkles and blemishes aspect along with anti-aging effect. Featured with exclusive combination of three different kinds of pigments and with high concentration of Blue Algae extract, which is known for its powerful smoothing property, this cream is designed to sublimate natural complexion [&hellip;]<\/p>\n","protected":false},"featured_media":23465,"comment_status":"open","ping_status":"closed","template":"","meta":{"om_disable_all_campaigns":false,"_monsterinsights_skip_tracking":false,"_monsterinsights_sitenote_active":false,"_monsterinsights_sitenote_note":"","_monsterinsights_sitenote_category":0},"product_brand":[186],"product_cat":[160,165,158,61],"product_tag":[],"mwb_booking_cost":[],"mwb_booking_service":[],"class_list":{"0":"post-23226","1":"product","2":"type-product","3":"status-publish","4":"has-post-thumbnail","6":"product_brand-physiodermie","7":"product_cat-glow","8":"product_cat-pigmentation","9":"product_cat-routines","10":"product_cat-skin-care-products","13":"instock","14":"shipping-taxable","15":"purchasable","16":"product-type-simple","17":"product-grid-view"},"aioseo_notices":[],"_links":{"self":[{"href":"https:\/\/posana.com\/fr\/wp-json\/wp\/v2\/product\/23226","targetHints":{"allow":["GET"]}}],"collection":[{"href":"https:\/\/posana.com\/fr\/wp-json\/wp\/v2\/product"}],"about":[{"href":"https:\/\/posana.com\/fr\/wp-json\/wp\/v2\/types\/product"}],"replies":[{"embeddable":true,"href":"https:\/\/posana.com\/fr\/wp-json\/wp\/v2\/comments?post=23226"}],"version-history":[{"count":2,"href":"https:\/\/posana.com\/fr\/wp-json\/wp\/v2\/product\/23226\/revisions"}],"predecessor-version":[{"id":23466,"href":"https:\/\/posana.com\/fr\/wp-json\/wp\/v2\/product\/23226\/revisions\/23466"}],"wp:featuredmedia":[{"embeddable":true,"href":"https:\/\/posana.com\/fr\/wp-json\/wp\/v2\/media\/23465"}],"wp:attachment":[{"href":"https:\/\/posana.com\/fr\/wp-json\/wp\/v2\/media?parent=23226"}],"wp:term":[{"taxonomy":"product_brand","embeddable":true,"href":"https:\/\/posana.com\/fr\/wp-json\/wp\/v2\/product_brand?post=23226"},{"taxonomy":"product_cat","embeddable":true,"href":"https:\/\/posana.com\/fr\/wp-json\/wp\/v2\/product_cat?post=23226"},{"taxonomy":"product_tag","embeddable":true,"href":"https:\/\/posana.com\/fr\/wp-json\/wp\/v2\/product_tag?post=23226"},{"taxonomy":"mwb_booking_cost","embeddable":true,"href":"https:\/\/posana.com\/fr\/wp-json\/wp\/v2\/mwb_booking_cost?post=23226"},{"taxonomy":"mwb_booking_service","embeddable":true,"href":"https:\/\/posana.com\/fr\/wp-json\/wp\/v2\/mwb_booking_service?post=23226"}],"curies":[{"name":"wp","href":"https:\/\/api.w.org\/{rel}","templated":true}]}}