{"id":23225,"date":"2024-12-27T21:27:45","date_gmt":"2024-12-27T21:27:45","guid":{"rendered":"https:\/\/posana.com\/?post_type=product&#038;p=23225"},"modified":"2025-01-13T17:34:28","modified_gmt":"2025-01-13T17:34:28","slug":"stabilizing-lotion-ph-balancing-200ml","status":"publish","type":"product","link":"https:\/\/posana.com\/fr\/produit\/stabilizing-lotion-ph-balancing-200ml\/","title":{"rendered":"Stabilisation du pH de la lotion \u00e9quilibrage 200ml"},"content":{"rendered":"<p>Tous les types de peau. Hydratant, rafra\u00eechissant et \u00e9liminant les impuret\u00e9s.<\/p>\n<p>Une lotion micellaire toner riche en extrait de racine de ch\u00eane apaisant et purifiant laisse l'\u00e9piderme parfaitement frais et pur. La lotion stabilisatrice est id\u00e9ale pour \u00e9quilibrer la peau apr\u00e8s le nettoyage et l\u2019\u00e9limination du maquillage. Peut \u00e9galement \u00eatre utilis\u00e9 comme compresse apaisante sur un coton.<\/p>\n<p>200 ml | 6,67 fl.oz<\/p>","protected":false},"excerpt":{"rendered":"<p>All skin types. Hydrating, refreshing and removing impurities. A toner micellar lotion rich in soothing and purifying oak root extract leaves the epidermis perfectly fresh and pure. Stabilizing Lotion is ideal to balance the skin after cleansing and make-up removal. Can also be used as a soothing compress on a cotton pad. 200 ml | [&hellip;]<\/p>\n","protected":false},"featured_media":23497,"comment_status":"open","ping_status":"closed","template":"","meta":{"om_disable_all_campaigns":false,"_monsterinsights_skip_tracking":false,"_monsterinsights_sitenote_active":false,"_monsterinsights_sitenote_note":"","_monsterinsights_sitenote_category":0},"product_brand":[],"product_cat":[138,129,158,61],"product_tag":[170],"mwb_booking_cost":[],"mwb_booking_service":[],"class_list":{"0":"post-23225","1":"product","2":"type-product","3":"status-publish","4":"has-post-thumbnail","6":"product_cat-anti-aging","7":"product_cat-cleansers-lotions","8":"product_cat-routines","9":"product_cat-skin-care-products","10":"product_tag-physiodermie","13":"instock","14":"shipping-taxable","15":"purchasable","16":"product-type-simple","17":"product-grid-view"},"aioseo_notices":[],"_links":{"self":[{"href":"https:\/\/posana.com\/fr\/wp-json\/wp\/v2\/product\/23225","targetHints":{"allow":["GET"]}}],"collection":[{"href":"https:\/\/posana.com\/fr\/wp-json\/wp\/v2\/product"}],"about":[{"href":"https:\/\/posana.com\/fr\/wp-json\/wp\/v2\/types\/product"}],"replies":[{"embeddable":true,"href":"https:\/\/posana.com\/fr\/wp-json\/wp\/v2\/comments?post=23225"}],"version-history":[{"count":2,"href":"https:\/\/posana.com\/fr\/wp-json\/wp\/v2\/product\/23225\/revisions"}],"predecessor-version":[{"id":23498,"href":"https:\/\/posana.com\/fr\/wp-json\/wp\/v2\/product\/23225\/revisions\/23498"}],"wp:featuredmedia":[{"embeddable":true,"href":"https:\/\/posana.com\/fr\/wp-json\/wp\/v2\/media\/23497"}],"wp:attachment":[{"href":"https:\/\/posana.com\/fr\/wp-json\/wp\/v2\/media?parent=23225"}],"wp:term":[{"taxonomy":"product_brand","embeddable":true,"href":"https:\/\/posana.com\/fr\/wp-json\/wp\/v2\/product_brand?post=23225"},{"taxonomy":"product_cat","embeddable":true,"href":"https:\/\/posana.com\/fr\/wp-json\/wp\/v2\/product_cat?post=23225"},{"taxonomy":"product_tag","embeddable":true,"href":"https:\/\/posana.com\/fr\/wp-json\/wp\/v2\/product_tag?post=23225"},{"taxonomy":"mwb_booking_cost","embeddable":true,"href":"https:\/\/posana.com\/fr\/wp-json\/wp\/v2\/mwb_booking_cost?post=23225"},{"taxonomy":"mwb_booking_service","embeddable":true,"href":"https:\/\/posana.com\/fr\/wp-json\/wp\/v2\/mwb_booking_service?post=23225"}],"curies":[{"name":"wp","href":"https:\/\/api.w.org\/{rel}","templated":true}]}}