{"id":23224,"date":"2024-12-27T21:27:45","date_gmt":"2024-12-27T21:27:45","guid":{"rendered":"https:\/\/posana.com\/?post_type=product&#038;p=23224"},"modified":"2025-02-09T19:56:55","modified_gmt":"2025-02-09T19:56:55","slug":"stabilizing-lotion-ph-balancing-500ml","status":"publish","type":"product","link":"https:\/\/posana.com\/fr\/produit\/stabilizing-lotion-ph-balancing-500ml\/","title":{"rendered":"Compensateur Acide Lotion Equilibre pH\n 500ml"},"content":{"rendered":"<p>Une lotion micellaire toner riche en extrait de racine de ch\u00eane apaisant et purifiant laisse l'\u00e9piderme parfaitement frais et pur.<br \/>\nLa lotion stabilisatrice est id\u00e9ale pour \u00e9quilibrer la peau apr\u00e8s le nettoyage et l\u2019\u00e9limination du maquillage.<br \/>\nPeut \u00e9galement \u00eatre utilis\u00e9 comme compresse apaisante sur un coton.<\/p>\n<p>AVANTAGES<br \/>\nRemoves all traces of impurities and make up.<br \/>\nApaise la peau sensible.<br \/>\nAm\u00e9liore la diffusion d'autres produits.<br \/>\nPeut \u00e9galement \u00eatre utilis\u00e9 comme compresse calmante sur un coussin de coton.<br \/>\nSon effet frais unit et \u00e9claircit instantan\u00e9ment le ton de la peau.<br \/>\nCOMMENT UTILISER<br \/>\nApr\u00e8s le lait nettoyant profond ou les laits de douche. Saturer un coton avec la lotion stabilisatrice et essuyer doucement sur le visage; laisser p\u00e9n\u00e9trer et s\u00e9cher. Appliquer avant les cr\u00e8mes de traitement Physiodermie, deux fois par jour.<\/p>\n<p>INGR\u00c9DIENTS KEY<br \/>\nComplexe exclusif d'\u00e9quilibrage PCbG.<br \/>\nE.R. complex (oak root extract).<br \/>\nTECHNOLOGIES<br \/>\nMicellar toner lotion.<br \/>\nE3C concept Balancing, revitalizing, protecting.<\/p>","protected":false},"excerpt":{"rendered":"<p>A toner micellar lotion rich in soothing and purifying oak root extract leaves the epidermis perfectly fresh and pure. Stabilizing Lotion is ideal to balance the skin after cleansing and make-up removal. Can also be used as a soothing compress on a cotton pad. BENEFITS Removes all traces of impurities and make up. Soothes sensitive [&hellip;]<\/p>\n","protected":false},"featured_media":23496,"comment_status":"open","ping_status":"closed","template":"","meta":{"om_disable_all_campaigns":false,"_monsterinsights_skip_tracking":false,"_monsterinsights_sitenote_active":false,"_monsterinsights_sitenote_note":"","_monsterinsights_sitenote_category":0},"product_brand":[186],"product_cat":[165,162,158,108],"product_tag":[170],"mwb_booking_cost":[],"mwb_booking_service":[],"class_list":{"0":"post-23224","1":"product","2":"type-product","3":"status-publish","4":"has-post-thumbnail","6":"product_brand-physiodermie","7":"product_cat-pigmentation","8":"product_cat-pregnancy","9":"product_cat-routines","10":"product_cat-skin-care-products-toner","11":"product_tag-physiodermie","14":"instock","15":"shipping-taxable","16":"purchasable","17":"product-type-simple","18":"product-grid-view"},"aioseo_notices":[],"_links":{"self":[{"href":"https:\/\/posana.com\/fr\/wp-json\/wp\/v2\/product\/23224","targetHints":{"allow":["GET"]}}],"collection":[{"href":"https:\/\/posana.com\/fr\/wp-json\/wp\/v2\/product"}],"about":[{"href":"https:\/\/posana.com\/fr\/wp-json\/wp\/v2\/types\/product"}],"replies":[{"embeddable":true,"href":"https:\/\/posana.com\/fr\/wp-json\/wp\/v2\/comments?post=23224"}],"version-history":[{"count":2,"href":"https:\/\/posana.com\/fr\/wp-json\/wp\/v2\/product\/23224\/revisions"}],"predecessor-version":[{"id":24337,"href":"https:\/\/posana.com\/fr\/wp-json\/wp\/v2\/product\/23224\/revisions\/24337"}],"wp:featuredmedia":[{"embeddable":true,"href":"https:\/\/posana.com\/fr\/wp-json\/wp\/v2\/media\/23496"}],"wp:attachment":[{"href":"https:\/\/posana.com\/fr\/wp-json\/wp\/v2\/media?parent=23224"}],"wp:term":[{"taxonomy":"product_brand","embeddable":true,"href":"https:\/\/posana.com\/fr\/wp-json\/wp\/v2\/product_brand?post=23224"},{"taxonomy":"product_cat","embeddable":true,"href":"https:\/\/posana.com\/fr\/wp-json\/wp\/v2\/product_cat?post=23224"},{"taxonomy":"product_tag","embeddable":true,"href":"https:\/\/posana.com\/fr\/wp-json\/wp\/v2\/product_tag?post=23224"},{"taxonomy":"mwb_booking_cost","embeddable":true,"href":"https:\/\/posana.com\/fr\/wp-json\/wp\/v2\/mwb_booking_cost?post=23224"},{"taxonomy":"mwb_booking_service","embeddable":true,"href":"https:\/\/posana.com\/fr\/wp-json\/wp\/v2\/mwb_booking_service?post=23224"}],"curies":[{"name":"wp","href":"https:\/\/api.w.org\/{rel}","templated":true}]}}