{"id":23223,"date":"2024-12-27T21:27:45","date_gmt":"2024-12-27T21:27:45","guid":{"rendered":"https:\/\/posana.com\/?post_type=product&#038;p=23223"},"modified":"2025-02-09T19:57:38","modified_gmt":"2025-02-09T19:57:38","slug":"specific-physio-tonifying-facial","status":"publish","type":"product","link":"https:\/\/posana.com\/fr\/produit\/specific-physio-tonifying-facial\/","title":{"rendered":"Visage physio-tonifiant sp\u00e9cifique"},"content":{"rendered":"<p>Le visage physio-tonifiant de Physiodermie est un traitement europ\u00e9en complet (visage et d\u00e9collet\u00e9) qui pr\u00f4ne une approche globale tout en prenant soin de respecter l\u2019apparence de la peau et la morphologie de chaque individu. La peau est nettoy\u00e9e, exfoli\u00e9e et r\u00e9\u00e9quilibr\u00e9e. Par la suite, un massage tonifiant de tous les muscles de la peau et un drainage lymphatique y sont pratiqu\u00e9s. Suivi d'un masque et d'une cr\u00e8me de finition.<\/p>","protected":false},"excerpt":{"rendered":"<p>The Physio-Tonifying facial from Physiodermie is a complete European treatment (face and d\u00e9collet\u00e9) which advocates a global approach while taking care to respect the appearance of the skin and the morphology of each individual. The skin is cleansed, exfoliated and rebalanced. Thereafter, a toning massage of all the skin muscles and lymphatic drainage are practiced [&hellip;]<\/p>\n","protected":false},"featured_media":0,"comment_status":"open","ping_status":"closed","template":"","meta":{"om_disable_all_campaigns":false,"_monsterinsights_skip_tracking":false,"_monsterinsights_sitenote_active":false,"_monsterinsights_sitenote_note":"","_monsterinsights_sitenote_category":0},"product_brand":[186],"product_cat":[109],"product_tag":[170],"mwb_booking_cost":[],"mwb_booking_service":[],"class_list":{"0":"post-23223","1":"product","2":"type-product","3":"status-publish","5":"product_brand-physiodermie","6":"product_cat-services-skin-care","7":"product_tag-physiodermie","10":"instock","11":"shipping-taxable","12":"purchasable","13":"product-type-simple","14":"product-grid-view"},"aioseo_notices":[],"_links":{"self":[{"href":"https:\/\/posana.com\/fr\/wp-json\/wp\/v2\/product\/23223","targetHints":{"allow":["GET"]}}],"collection":[{"href":"https:\/\/posana.com\/fr\/wp-json\/wp\/v2\/product"}],"about":[{"href":"https:\/\/posana.com\/fr\/wp-json\/wp\/v2\/types\/product"}],"replies":[{"embeddable":true,"href":"https:\/\/posana.com\/fr\/wp-json\/wp\/v2\/comments?post=23223"}],"version-history":[{"count":1,"href":"https:\/\/posana.com\/fr\/wp-json\/wp\/v2\/product\/23223\/revisions"}],"predecessor-version":[{"id":23253,"href":"https:\/\/posana.com\/fr\/wp-json\/wp\/v2\/product\/23223\/revisions\/23253"}],"wp:attachment":[{"href":"https:\/\/posana.com\/fr\/wp-json\/wp\/v2\/media?parent=23223"}],"wp:term":[{"taxonomy":"product_brand","embeddable":true,"href":"https:\/\/posana.com\/fr\/wp-json\/wp\/v2\/product_brand?post=23223"},{"taxonomy":"product_cat","embeddable":true,"href":"https:\/\/posana.com\/fr\/wp-json\/wp\/v2\/product_cat?post=23223"},{"taxonomy":"product_tag","embeddable":true,"href":"https:\/\/posana.com\/fr\/wp-json\/wp\/v2\/product_tag?post=23223"},{"taxonomy":"mwb_booking_cost","embeddable":true,"href":"https:\/\/posana.com\/fr\/wp-json\/wp\/v2\/mwb_booking_cost?post=23223"},{"taxonomy":"mwb_booking_service","embeddable":true,"href":"https:\/\/posana.com\/fr\/wp-json\/wp\/v2\/mwb_booking_service?post=23223"}],"curies":[{"name":"wp","href":"https:\/\/api.w.org\/{rel}","templated":true}]}}