{"id":23220,"date":"2024-12-27T21:27:45","date_gmt":"2024-12-27T21:27:45","guid":{"rendered":"https:\/\/posana.com\/?post_type=product&#038;p=23220"},"modified":"2024-12-29T10:31:59","modified_gmt":"2024-12-29T10:31:59","slug":"soothing-bioarome-cn-50ml","status":"publish","type":"product","link":"https:\/\/posana.com\/fr\/produit\/soothing-bioarome-cn-50ml\/","title":{"rendered":"Bioarome apaisant (CN) 50ml"},"content":{"rendered":"<p>S\u00e9rum pour peau sensible Avec son complexe hautement actif, ce s\u00e9rum de traitement apaise doucement les peaux irrit\u00e9es et sensibles, laissant une sensation de bien-\u00eatre plus d\u00e9tendue. L'utilisation r\u00e9guli\u00e8re augmente le niveau de tol\u00e9rance de la peau sensible. Recommand\u00e9 pour la peau sensible, congestionn\u00e9e, irrit\u00e9e. Appliquer sur les zones tendues du visage, du corps et du clivage.Types de peau \u0095 Sensible, rosac\u00e9e, congestionn\u00e9e, irrit\u00e9e, plaie. Peau qui provoque une sensation d'inconfort \/ douleur; coups de soleil. \u0095 Post-chirurgie, post-microdermabrasion, post-\u00e9lectrolyse\/laser\/cire, ou sur une cicatrice douloureuse. Corps: Sur toutes les zones tendues, cellulite douloureuse, pieds douloureux, cou, etc.<\/p>","protected":false},"excerpt":{"rendered":"<p>Serum for sensitive skin With its highly active ingredient complex, this treatment serum gently soothes irritated and sensitive skin leaving a more relaxed feeling of well-being. Regular use increases the tolerance level of sensitive skin. Recommended for sensitive, congested, irritated skin. Apply on tensed areas of the face, body and cleavage.Skin Types \u0095 Sensitive, rosacea, [&hellip;]<\/p>\n","protected":false},"featured_media":23494,"comment_status":"open","ping_status":"closed","template":"","meta":{"om_disable_all_campaigns":false,"_monsterinsights_skip_tracking":false,"_monsterinsights_sitenote_active":false,"_monsterinsights_sitenote_note":"","_monsterinsights_sitenote_category":0},"product_brand":[],"product_cat":[61],"product_tag":[],"mwb_booking_cost":[],"mwb_booking_service":[],"class_list":{"0":"post-23220","1":"product","2":"type-product","3":"status-publish","4":"has-post-thumbnail","6":"product_cat-skin-care-products","9":"instock","10":"shipping-taxable","11":"purchasable","12":"product-type-simple","13":"product-grid-view"},"aioseo_notices":[],"_links":{"self":[{"href":"https:\/\/posana.com\/fr\/wp-json\/wp\/v2\/product\/23220","targetHints":{"allow":["GET"]}}],"collection":[{"href":"https:\/\/posana.com\/fr\/wp-json\/wp\/v2\/product"}],"about":[{"href":"https:\/\/posana.com\/fr\/wp-json\/wp\/v2\/types\/product"}],"replies":[{"embeddable":true,"href":"https:\/\/posana.com\/fr\/wp-json\/wp\/v2\/comments?post=23220"}],"version-history":[{"count":2,"href":"https:\/\/posana.com\/fr\/wp-json\/wp\/v2\/product\/23220\/revisions"}],"predecessor-version":[{"id":23495,"href":"https:\/\/posana.com\/fr\/wp-json\/wp\/v2\/product\/23220\/revisions\/23495"}],"wp:featuredmedia":[{"embeddable":true,"href":"https:\/\/posana.com\/fr\/wp-json\/wp\/v2\/media\/23494"}],"wp:attachment":[{"href":"https:\/\/posana.com\/fr\/wp-json\/wp\/v2\/media?parent=23220"}],"wp:term":[{"taxonomy":"product_brand","embeddable":true,"href":"https:\/\/posana.com\/fr\/wp-json\/wp\/v2\/product_brand?post=23220"},{"taxonomy":"product_cat","embeddable":true,"href":"https:\/\/posana.com\/fr\/wp-json\/wp\/v2\/product_cat?post=23220"},{"taxonomy":"product_tag","embeddable":true,"href":"https:\/\/posana.com\/fr\/wp-json\/wp\/v2\/product_tag?post=23220"},{"taxonomy":"mwb_booking_cost","embeddable":true,"href":"https:\/\/posana.com\/fr\/wp-json\/wp\/v2\/mwb_booking_cost?post=23220"},{"taxonomy":"mwb_booking_service","embeddable":true,"href":"https:\/\/posana.com\/fr\/wp-json\/wp\/v2\/mwb_booking_service?post=23220"}],"curies":[{"name":"wp","href":"https:\/\/api.w.org\/{rel}","templated":true}]}}