{"id":23219,"date":"2024-12-27T21:27:45","date_gmt":"2024-12-27T21:27:45","guid":{"rendered":"https:\/\/posana.com\/?post_type=product&#038;p=23219"},"modified":"2025-01-07T20:59:46","modified_gmt":"2025-01-07T20:59:46","slug":"soothing-bioarome-cn-15ml","status":"publish","type":"product","link":"https:\/\/posana.com\/fr\/produit\/soothing-bioarome-cn-15ml\/","title":{"rendered":"Bioarome apaisant (CN) 15ml"},"content":{"rendered":"<p>S\u00e9rum pour peau sensible Avec son complexe hautement actif, ce s\u00e9rum de traitement apaise doucement les peaux irrit\u00e9es et sensibles, laissant une sensation de bien-\u00eatre plus d\u00e9tendue. L'utilisation r\u00e9guli\u00e8re augmente le niveau de tol\u00e9rance de la peau sensible. Recommand\u00e9 pour la peau sensible, congestionn\u00e9e, irrit\u00e9e. Appliquer sur les zones tendues du visage, du corps et du clivage.<\/p>","protected":false},"excerpt":{"rendered":"<p>S\u00e9rum pour peau sensible Avec son complexe hautement actif, ce s\u00e9rum de traitement apaise doucement les peaux irrit\u00e9es et sensibles, laissant une sensation de bien-\u00eatre plus d\u00e9tendue. L'utilisation r\u00e9guli\u00e8re augmente le niveau de tol\u00e9rance de la peau sensible. Recommand\u00e9 pour la peau sensible, congestionn\u00e9e, irrit\u00e9e. Appliquer sur les zones tendues du visage, du corps et du clivage.<\/p>","protected":false},"featured_media":23492,"comment_status":"open","ping_status":"closed","template":"","meta":{"om_disable_all_campaigns":false,"_monsterinsights_skip_tracking":false,"_monsterinsights_sitenote_active":false,"_monsterinsights_sitenote_note":"","_monsterinsights_sitenote_category":0},"product_brand":[],"product_cat":[132,61],"product_tag":[],"mwb_booking_cost":[],"mwb_booking_service":[],"class_list":{"0":"post-23219","1":"product","2":"type-product","3":"status-publish","4":"has-post-thumbnail","6":"product_cat-serums","7":"product_cat-skin-care-products","10":"instock","11":"shipping-taxable","12":"purchasable","13":"product-type-simple","14":"product-grid-view"},"aioseo_notices":[],"_links":{"self":[{"href":"https:\/\/posana.com\/fr\/wp-json\/wp\/v2\/product\/23219","targetHints":{"allow":["GET"]}}],"collection":[{"href":"https:\/\/posana.com\/fr\/wp-json\/wp\/v2\/product"}],"about":[{"href":"https:\/\/posana.com\/fr\/wp-json\/wp\/v2\/types\/product"}],"replies":[{"embeddable":true,"href":"https:\/\/posana.com\/fr\/wp-json\/wp\/v2\/comments?post=23219"}],"version-history":[{"count":2,"href":"https:\/\/posana.com\/fr\/wp-json\/wp\/v2\/product\/23219\/revisions"}],"predecessor-version":[{"id":23493,"href":"https:\/\/posana.com\/fr\/wp-json\/wp\/v2\/product\/23219\/revisions\/23493"}],"wp:featuredmedia":[{"embeddable":true,"href":"https:\/\/posana.com\/fr\/wp-json\/wp\/v2\/media\/23492"}],"wp:attachment":[{"href":"https:\/\/posana.com\/fr\/wp-json\/wp\/v2\/media?parent=23219"}],"wp:term":[{"taxonomy":"product_brand","embeddable":true,"href":"https:\/\/posana.com\/fr\/wp-json\/wp\/v2\/product_brand?post=23219"},{"taxonomy":"product_cat","embeddable":true,"href":"https:\/\/posana.com\/fr\/wp-json\/wp\/v2\/product_cat?post=23219"},{"taxonomy":"product_tag","embeddable":true,"href":"https:\/\/posana.com\/fr\/wp-json\/wp\/v2\/product_tag?post=23219"},{"taxonomy":"mwb_booking_cost","embeddable":true,"href":"https:\/\/posana.com\/fr\/wp-json\/wp\/v2\/mwb_booking_cost?post=23219"},{"taxonomy":"mwb_booking_service","embeddable":true,"href":"https:\/\/posana.com\/fr\/wp-json\/wp\/v2\/mwb_booking_service?post=23219"}],"curies":[{"name":"wp","href":"https:\/\/api.w.org\/{rel}","templated":true}]}}