{"id":23214,"date":"2024-12-27T21:27:45","date_gmt":"2024-12-27T21:27:45","guid":{"rendered":"https:\/\/posana.com\/?post_type=product&#038;p=23214"},"modified":"2024-12-29T10:27:34","modified_gmt":"2024-12-29T10:27:34","slug":"slimming-bath-oil-ds-400ml","status":"publish","type":"product","link":"https:\/\/posana.com\/fr\/produit\/slimming-bath-oil-ds-400ml\/","title":{"rendered":"Huile de bain minceur (DS) 400ml"},"content":{"rendered":"<p>Bain de traitement de la cellulite Bain de contournement du corps pour fa\u00e7onner une nouvelle silhouette. Brise les cellules graisseuses polym\u00e9ris\u00e9es, \u00e9liminant la cellulite. Excellente aide dans la remodelage du corps.Types de peau Cellulite (peau pelure d'orange) D\u00e9p\u00f4ts gras<\/p>","protected":false},"excerpt":{"rendered":"<p>Bain de traitement de la cellulite Bain de contournement du corps pour fa\u00e7onner une nouvelle silhouette. Brise les cellules graisseuses polym\u00e9ris\u00e9es, \u00e9liminant la cellulite. Excellente aide dans la remodelage du corps.Types de peau Cellulite (peau pelure d'orange) D\u00e9p\u00f4ts gras<\/p>","protected":false},"featured_media":23490,"comment_status":"open","ping_status":"closed","template":"","meta":{"om_disable_all_campaigns":false,"_monsterinsights_skip_tracking":false,"_monsterinsights_sitenote_active":false,"_monsterinsights_sitenote_note":"","_monsterinsights_sitenote_category":0},"product_brand":[],"product_cat":[100],"product_tag":[],"mwb_booking_cost":[],"mwb_booking_service":[],"class_list":{"0":"post-23214","1":"product","2":"type-product","3":"status-publish","4":"has-post-thumbnail","6":"product_cat-other-therapeutic-synergies","9":"instock","10":"shipping-taxable","11":"purchasable","12":"product-type-simple","13":"product-grid-view"},"aioseo_notices":[],"_links":{"self":[{"href":"https:\/\/posana.com\/fr\/wp-json\/wp\/v2\/product\/23214","targetHints":{"allow":["GET"]}}],"collection":[{"href":"https:\/\/posana.com\/fr\/wp-json\/wp\/v2\/product"}],"about":[{"href":"https:\/\/posana.com\/fr\/wp-json\/wp\/v2\/types\/product"}],"replies":[{"embeddable":true,"href":"https:\/\/posana.com\/fr\/wp-json\/wp\/v2\/comments?post=23214"}],"version-history":[{"count":2,"href":"https:\/\/posana.com\/fr\/wp-json\/wp\/v2\/product\/23214\/revisions"}],"predecessor-version":[{"id":23491,"href":"https:\/\/posana.com\/fr\/wp-json\/wp\/v2\/product\/23214\/revisions\/23491"}],"wp:featuredmedia":[{"embeddable":true,"href":"https:\/\/posana.com\/fr\/wp-json\/wp\/v2\/media\/23490"}],"wp:attachment":[{"href":"https:\/\/posana.com\/fr\/wp-json\/wp\/v2\/media?parent=23214"}],"wp:term":[{"taxonomy":"product_brand","embeddable":true,"href":"https:\/\/posana.com\/fr\/wp-json\/wp\/v2\/product_brand?post=23214"},{"taxonomy":"product_cat","embeddable":true,"href":"https:\/\/posana.com\/fr\/wp-json\/wp\/v2\/product_cat?post=23214"},{"taxonomy":"product_tag","embeddable":true,"href":"https:\/\/posana.com\/fr\/wp-json\/wp\/v2\/product_tag?post=23214"},{"taxonomy":"mwb_booking_cost","embeddable":true,"href":"https:\/\/posana.com\/fr\/wp-json\/wp\/v2\/mwb_booking_cost?post=23214"},{"taxonomy":"mwb_booking_service","embeddable":true,"href":"https:\/\/posana.com\/fr\/wp-json\/wp\/v2\/mwb_booking_service?post=23214"}],"curies":[{"name":"wp","href":"https:\/\/api.w.org\/{rel}","templated":true}]}}