{"id":23210,"date":"2024-12-27T21:27:45","date_gmt":"2024-12-27T21:27:45","guid":{"rendered":"https:\/\/posana.com\/?post_type=product&#038;p=23210"},"modified":"2025-03-09T21:31:16","modified_gmt":"2025-03-09T21:31:16","slug":"shower-hydrating-milk-nb-oily-500ml","status":"publish","type":"product","link":"https:\/\/posana.com\/fr\/produit\/shower-hydrating-milk-nb-oily-500ml\/","title":{"rendered":"Shower Hydrating Milk (NB) (Oily) 500ml"},"content":{"rendered":"<p>Nettoyant \u00e0 la latence pour l'hygi\u00e8ne du visage, du cou et du corps. Sp\u00e9cifiquement formul\u00e9 pour la peau normale \u00e0 grasse. Nettoie et prot\u00e8ge la peau contre les bact\u00e9ries, la laissant douce et hydrat\u00e9e. Peut \u00eatre utilis\u00e9 avec une brosse faciale ou du bout des doigts.<\/p>","protected":false},"excerpt":{"rendered":"<p>Nettoyant \u00e0 la latence pour l'hygi\u00e8ne du visage, du cou et du corps. Sp\u00e9cifiquement formul\u00e9 pour la peau normale \u00e0 grasse. Nettoie et prot\u00e8ge la peau contre les bact\u00e9ries, la laissant douce et hydrat\u00e9e. Peut \u00eatre utilis\u00e9 avec une brosse faciale ou du bout des doigts.<\/p>","protected":false},"featured_media":23486,"comment_status":"open","ping_status":"closed","template":"","meta":{"om_disable_all_campaigns":false,"_monsterinsights_skip_tracking":false,"_monsterinsights_sitenote_active":false,"_monsterinsights_sitenote_note":"","_monsterinsights_sitenote_category":0},"product_brand":[186],"product_cat":[137,61],"product_tag":[],"mwb_booking_cost":[],"mwb_booking_service":[],"class_list":{"0":"post-23210","1":"product","2":"type-product","3":"status-publish","4":"has-post-thumbnail","6":"product_brand-physiodermie","7":"product_cat-men-care","8":"product_cat-skin-care-products","11":"instock","12":"shipping-taxable","13":"purchasable","14":"product-type-simple","15":"product-grid-view"},"aioseo_notices":[],"_links":{"self":[{"href":"https:\/\/posana.com\/fr\/wp-json\/wp\/v2\/product\/23210","targetHints":{"allow":["GET"]}}],"collection":[{"href":"https:\/\/posana.com\/fr\/wp-json\/wp\/v2\/product"}],"about":[{"href":"https:\/\/posana.com\/fr\/wp-json\/wp\/v2\/types\/product"}],"replies":[{"embeddable":true,"href":"https:\/\/posana.com\/fr\/wp-json\/wp\/v2\/comments?post=23210"}],"version-history":[{"count":1,"href":"https:\/\/posana.com\/fr\/wp-json\/wp\/v2\/product\/23210\/revisions"}],"predecessor-version":[{"id":23240,"href":"https:\/\/posana.com\/fr\/wp-json\/wp\/v2\/product\/23210\/revisions\/23240"}],"wp:featuredmedia":[{"embeddable":true,"href":"https:\/\/posana.com\/fr\/wp-json\/wp\/v2\/media\/23486"}],"wp:attachment":[{"href":"https:\/\/posana.com\/fr\/wp-json\/wp\/v2\/media?parent=23210"}],"wp:term":[{"taxonomy":"product_brand","embeddable":true,"href":"https:\/\/posana.com\/fr\/wp-json\/wp\/v2\/product_brand?post=23210"},{"taxonomy":"product_cat","embeddable":true,"href":"https:\/\/posana.com\/fr\/wp-json\/wp\/v2\/product_cat?post=23210"},{"taxonomy":"product_tag","embeddable":true,"href":"https:\/\/posana.com\/fr\/wp-json\/wp\/v2\/product_tag?post=23210"},{"taxonomy":"mwb_booking_cost","embeddable":true,"href":"https:\/\/posana.com\/fr\/wp-json\/wp\/v2\/mwb_booking_cost?post=23210"},{"taxonomy":"mwb_booking_service","embeddable":true,"href":"https:\/\/posana.com\/fr\/wp-json\/wp\/v2\/mwb_booking_service?post=23210"}],"curies":[{"name":"wp","href":"https:\/\/api.w.org\/{rel}","templated":true}]}}