{"id":23207,"date":"2024-12-27T21:27:44","date_gmt":"2024-12-27T21:27:44","guid":{"rendered":"https:\/\/posana.com\/?post_type=product&#038;p=23207"},"modified":"2024-12-29T10:46:16","modified_gmt":"2024-12-29T10:46:16","slug":"shaving-cream-care-for-men-200ml","status":"publish","type":"product","link":"https:\/\/posana.com\/fr\/produit\/shaving-cream-care-for-men-200ml\/","title":{"rendered":"Soin de cr\u00e8me de rasage pour hommes 200ml"},"content":{"rendered":"<p>Pour les hommes La cr\u00e8me de soin de rasage pour la peau sensible est un composant essentiel pour le rasage humide de la peau masculine. Sa formulation exclusive originale repr\u00e9sente un soin moderne de rasage, sp\u00e9cifiquement pour la peau masculine. Riche en ingr\u00e9dients sp\u00e9cifiques pour adoucir les cheveux et traiter la peau, il aide \u00e0 donner une exp\u00e9rience de rasage extr\u00eame confortable. Aide \u00e0 pr\u00e9venir les \u00e9ruptions cutan\u00e9es et les \u00e9tirements de la peau. Avec une utilisation quotidienne, la peau retrouve son apparence jeune, fra\u00eeche et naturelle.<\/p>","protected":false},"excerpt":{"rendered":"<p>For Men The sensitive skin Shaving Care Cream is an essential component for wet shaving of male of male skin. Its original exclusive formulation represents a modern shaving care, specifically for male skin. Rich in specific ingredients for softening the hair and treating the skin, it helps to give an extreme comfortable shaving experience. Helps [&hellip;]<\/p>\n","protected":false},"featured_media":23501,"comment_status":"open","ping_status":"closed","template":"","meta":{"om_disable_all_campaigns":false,"_monsterinsights_skip_tracking":false,"_monsterinsights_sitenote_active":false,"_monsterinsights_sitenote_note":"","_monsterinsights_sitenote_category":0},"product_brand":[],"product_cat":[61],"product_tag":[],"mwb_booking_cost":[],"mwb_booking_service":[],"class_list":{"0":"post-23207","1":"product","2":"type-product","3":"status-publish","4":"has-post-thumbnail","6":"product_cat-skin-care-products","9":"instock","10":"shipping-taxable","11":"purchasable","12":"product-type-simple","13":"product-grid-view"},"aioseo_notices":[],"_links":{"self":[{"href":"https:\/\/posana.com\/fr\/wp-json\/wp\/v2\/product\/23207","targetHints":{"allow":["GET"]}}],"collection":[{"href":"https:\/\/posana.com\/fr\/wp-json\/wp\/v2\/product"}],"about":[{"href":"https:\/\/posana.com\/fr\/wp-json\/wp\/v2\/types\/product"}],"replies":[{"embeddable":true,"href":"https:\/\/posana.com\/fr\/wp-json\/wp\/v2\/comments?post=23207"}],"version-history":[{"count":2,"href":"https:\/\/posana.com\/fr\/wp-json\/wp\/v2\/product\/23207\/revisions"}],"predecessor-version":[{"id":23502,"href":"https:\/\/posana.com\/fr\/wp-json\/wp\/v2\/product\/23207\/revisions\/23502"}],"wp:featuredmedia":[{"embeddable":true,"href":"https:\/\/posana.com\/fr\/wp-json\/wp\/v2\/media\/23501"}],"wp:attachment":[{"href":"https:\/\/posana.com\/fr\/wp-json\/wp\/v2\/media?parent=23207"}],"wp:term":[{"taxonomy":"product_brand","embeddable":true,"href":"https:\/\/posana.com\/fr\/wp-json\/wp\/v2\/product_brand?post=23207"},{"taxonomy":"product_cat","embeddable":true,"href":"https:\/\/posana.com\/fr\/wp-json\/wp\/v2\/product_cat?post=23207"},{"taxonomy":"product_tag","embeddable":true,"href":"https:\/\/posana.com\/fr\/wp-json\/wp\/v2\/product_tag?post=23207"},{"taxonomy":"mwb_booking_cost","embeddable":true,"href":"https:\/\/posana.com\/fr\/wp-json\/wp\/v2\/mwb_booking_cost?post=23207"},{"taxonomy":"mwb_booking_service","embeddable":true,"href":"https:\/\/posana.com\/fr\/wp-json\/wp\/v2\/mwb_booking_service?post=23207"}],"curies":[{"name":"wp","href":"https:\/\/api.w.org\/{rel}","templated":true}]}}