{"id":23206,"date":"2024-12-27T21:27:44","date_gmt":"2024-12-27T21:27:44","guid":{"rendered":"https:\/\/posana.com\/?post_type=product&#038;p=23206"},"modified":"2024-12-29T10:44:43","modified_gmt":"2024-12-29T10:44:43","slug":"serum-bioacne","status":"publish","type":"product","link":"https:\/\/posana.com\/fr\/produit\/serum-bioacne\/","title":{"rendered":"Serum BioAcne"},"content":{"rendered":"<p>Traitement cibl\u00e9 id\u00e9al pour les imperfections localis\u00e9es de la peau sujette \u00e0 l'acn\u00e9, telles que les papules et les pustules. Contient une synergie d'ingr\u00e9dients anti-s\u00e9borrh\u00e9ique et k\u00e9ratolytiques qui aident \u00e0 s\u00e9cher les boutons tout en acc\u00e9l\u00e9rant leur gu\u00e9rison. Un produit de soin de la peau pratique et efficace \u00e0 transporter partout avec vous pour obtenir une peau impeccable.<\/p>","protected":false},"excerpt":{"rendered":"<p>Traitement cibl\u00e9 id\u00e9al pour les imperfections localis\u00e9es de la peau sujette \u00e0 l'acn\u00e9, telles que les papules et les pustules. Contient une synergie d'ingr\u00e9dients anti-s\u00e9borrh\u00e9ique et k\u00e9ratolytiques qui aident \u00e0 s\u00e9cher les boutons tout en acc\u00e9l\u00e9rant leur gu\u00e9rison. Un produit de soin de la peau pratique et efficace \u00e0 transporter partout avec vous pour obtenir une peau impeccable.<\/p>","protected":false},"featured_media":23499,"comment_status":"open","ping_status":"closed","template":"","meta":{"om_disable_all_campaigns":false,"_monsterinsights_skip_tracking":false,"_monsterinsights_sitenote_active":false,"_monsterinsights_sitenote_note":"","_monsterinsights_sitenote_category":0},"product_brand":[],"product_cat":[61],"product_tag":[],"mwb_booking_cost":[],"mwb_booking_service":[],"class_list":{"0":"post-23206","1":"product","2":"type-product","3":"status-publish","4":"has-post-thumbnail","6":"product_cat-skin-care-products","9":"instock","10":"shipping-taxable","11":"purchasable","12":"product-type-simple","13":"product-grid-view"},"aioseo_notices":[],"_links":{"self":[{"href":"https:\/\/posana.com\/fr\/wp-json\/wp\/v2\/product\/23206","targetHints":{"allow":["GET"]}}],"collection":[{"href":"https:\/\/posana.com\/fr\/wp-json\/wp\/v2\/product"}],"about":[{"href":"https:\/\/posana.com\/fr\/wp-json\/wp\/v2\/types\/product"}],"replies":[{"embeddable":true,"href":"https:\/\/posana.com\/fr\/wp-json\/wp\/v2\/comments?post=23206"}],"version-history":[{"count":2,"href":"https:\/\/posana.com\/fr\/wp-json\/wp\/v2\/product\/23206\/revisions"}],"predecessor-version":[{"id":23500,"href":"https:\/\/posana.com\/fr\/wp-json\/wp\/v2\/product\/23206\/revisions\/23500"}],"wp:featuredmedia":[{"embeddable":true,"href":"https:\/\/posana.com\/fr\/wp-json\/wp\/v2\/media\/23499"}],"wp:attachment":[{"href":"https:\/\/posana.com\/fr\/wp-json\/wp\/v2\/media?parent=23206"}],"wp:term":[{"taxonomy":"product_brand","embeddable":true,"href":"https:\/\/posana.com\/fr\/wp-json\/wp\/v2\/product_brand?post=23206"},{"taxonomy":"product_cat","embeddable":true,"href":"https:\/\/posana.com\/fr\/wp-json\/wp\/v2\/product_cat?post=23206"},{"taxonomy":"product_tag","embeddable":true,"href":"https:\/\/posana.com\/fr\/wp-json\/wp\/v2\/product_tag?post=23206"},{"taxonomy":"mwb_booking_cost","embeddable":true,"href":"https:\/\/posana.com\/fr\/wp-json\/wp\/v2\/mwb_booking_cost?post=23206"},{"taxonomy":"mwb_booking_service","embeddable":true,"href":"https:\/\/posana.com\/fr\/wp-json\/wp\/v2\/mwb_booking_service?post=23206"}],"curies":[{"name":"wp","href":"https:\/\/api.w.org\/{rel}","templated":true}]}}