{"id":23081,"date":"2024-12-25T19:24:55","date_gmt":"2024-12-25T19:24:55","guid":{"rendered":"https:\/\/posana.com\/?post_type=product&#038;p=23081"},"modified":"2025-01-27T13:17:54","modified_gmt":"2025-01-27T13:17:54","slug":"klapp-repagen-serum-50-ml","status":"publish","type":"product","link":"https:\/\/posana.com\/fr\/produit\/klapp-repagen-serum-50-ml\/","title":{"rendered":"Klapp Repagen Serum 50 ml"},"content":{"rendered":"<p>Un traitement luxueux et hautement concentr\u00e9 avec des ingr\u00e9dients actifs de haute technologie pour des r\u00e9sultats optimaux de raffermissement. Matri-XEM Platinum, Matrixyl \u2122 synth\u00e9tise\u20196 \u2122 et Tens\u2019Up \u2122 stimulent la synth\u00e8se de divers types de collag\u00e8ne dans le derme et l\u2019\u00e9piderme et laissent la peau avec un aspect visiblement plus lisse. Les rubybeads fins cr\u00e9ent cette sensation de luxe sp\u00e9ciale sur la peau.<\/p>","protected":false},"excerpt":{"rendered":"<p>Un traitement luxueux et hautement concentr\u00e9 avec des ingr\u00e9dients actifs de haute technologie pour des r\u00e9sultats optimaux de raffermissement. Matri-XEM Platinum, Matrixyl \u2122 synth\u00e9tise\u20196 \u2122 et Tens\u2019Up \u2122 stimulent la synth\u00e8se de divers types de collag\u00e8ne dans le derme et l\u2019\u00e9piderme et laissent la peau avec un aspect visiblement plus lisse. Les rubybeads fins cr\u00e9ent cette sensation de luxe sp\u00e9ciale sur la peau.<\/p>","protected":false},"featured_media":23102,"comment_status":"open","ping_status":"closed","template":"","meta":{"om_disable_all_campaigns":false,"_monsterinsights_skip_tracking":false,"_monsterinsights_sitenote_active":false,"_monsterinsights_sitenote_note":"","_monsterinsights_sitenote_category":0},"product_brand":[],"product_cat":[61],"product_tag":[172],"mwb_booking_cost":[],"mwb_booking_service":[],"class_list":{"0":"post-23081","1":"product","2":"type-product","3":"status-publish","4":"has-post-thumbnail","6":"product_cat-skin-care-products","7":"product_tag-klapp","10":"instock","11":"shipping-taxable","12":"purchasable","13":"product-type-simple","14":"product-grid-view"},"aioseo_notices":[],"_links":{"self":[{"href":"https:\/\/posana.com\/fr\/wp-json\/wp\/v2\/product\/23081","targetHints":{"allow":["GET"]}}],"collection":[{"href":"https:\/\/posana.com\/fr\/wp-json\/wp\/v2\/product"}],"about":[{"href":"https:\/\/posana.com\/fr\/wp-json\/wp\/v2\/types\/product"}],"replies":[{"embeddable":true,"href":"https:\/\/posana.com\/fr\/wp-json\/wp\/v2\/comments?post=23081"}],"version-history":[{"count":2,"href":"https:\/\/posana.com\/fr\/wp-json\/wp\/v2\/product\/23081\/revisions"}],"predecessor-version":[{"id":23103,"href":"https:\/\/posana.com\/fr\/wp-json\/wp\/v2\/product\/23081\/revisions\/23103"}],"wp:featuredmedia":[{"embeddable":true,"href":"https:\/\/posana.com\/fr\/wp-json\/wp\/v2\/media\/23102"}],"wp:attachment":[{"href":"https:\/\/posana.com\/fr\/wp-json\/wp\/v2\/media?parent=23081"}],"wp:term":[{"taxonomy":"product_brand","embeddable":true,"href":"https:\/\/posana.com\/fr\/wp-json\/wp\/v2\/product_brand?post=23081"},{"taxonomy":"product_cat","embeddable":true,"href":"https:\/\/posana.com\/fr\/wp-json\/wp\/v2\/product_cat?post=23081"},{"taxonomy":"product_tag","embeddable":true,"href":"https:\/\/posana.com\/fr\/wp-json\/wp\/v2\/product_tag?post=23081"},{"taxonomy":"mwb_booking_cost","embeddable":true,"href":"https:\/\/posana.com\/fr\/wp-json\/wp\/v2\/mwb_booking_cost?post=23081"},{"taxonomy":"mwb_booking_service","embeddable":true,"href":"https:\/\/posana.com\/fr\/wp-json\/wp\/v2\/mwb_booking_service?post=23081"}],"curies":[{"name":"wp","href":"https:\/\/api.w.org\/{rel}","templated":true}]}}