{"id":23080,"date":"2024-12-25T19:24:55","date_gmt":"2024-12-25T19:24:55","guid":{"rendered":"https:\/\/posana.com\/?post_type=product&#038;p=23080"},"modified":"2025-01-27T13:18:10","modified_gmt":"2025-01-27T13:18:10","slug":"klapp-repagen-global-anti-age-cream-50-ml","status":"publish","type":"product","link":"https:\/\/posana.com\/fr\/produit\/klapp-repagen-global-anti-age-cream-50-ml\/","title":{"rendered":"Klapp Repagen Global cr\u00e8me anti-\u00e2ge 50 ml"},"content":{"rendered":"<p>La combinaison d'actifs hautement efficaces de haute technologie donne \u00e0 cette cr\u00e8me son effet multiactif exceptionnel, global anti-vieillissement en s'attaquant aux diverses causes du vieillissement de la peau. Dans la combinaison innovante d'ingr\u00e9dient actif, un peptide li\u00e9 au platine stimule la synth\u00e8se du collag\u00e8ne et augmente l'\u00e9lasticit\u00e9 de la peau, pr\u00e9servant ainsi votre apparence jeune. D'autres ingr\u00e9dients actifs tr\u00e8s efficaces hydratent la peau, repulper les ridules et les petites rides de l'int\u00e9rieur et soutiennent la fermet\u00e9 optimale de la peau. Un peptide sp\u00e9cifique contribue \u00e9galement \u00e0 la r\u00e9duction des lignes d'expression. L'\u00e9lasticit\u00e9 et la fermet\u00e9 de la peau sont augment\u00e9es, et les ridules et les petites rides r\u00e9duites en profondeur et en volume pour une belle peau jeune et radieuse.<\/p>","protected":false},"excerpt":{"rendered":"<p>The combination of highly efficient high-tech active ingredients gives this cream its exceptional multi-active, global anti-aging effect by tackling the various causes of skin aging. Within the innovative active ingredient combination, a platinum-bound peptide boost the collagen synthesis and increases the elasticity of the skin, thus preserving your youthful appearance. Other highly effective active ingredients [&hellip;]<\/p>\n","protected":false},"featured_media":23100,"comment_status":"open","ping_status":"closed","template":"","meta":{"om_disable_all_campaigns":false,"_monsterinsights_skip_tracking":false,"_monsterinsights_sitenote_active":false,"_monsterinsights_sitenote_note":"","_monsterinsights_sitenote_category":0},"product_brand":[],"product_cat":[133,61],"product_tag":[172],"mwb_booking_cost":[],"mwb_booking_service":[],"class_list":{"0":"post-23080","1":"product","2":"type-product","3":"status-publish","4":"has-post-thumbnail","6":"product_cat-emulsions","7":"product_cat-skin-care-products","8":"product_tag-klapp","11":"instock","12":"shipping-taxable","13":"purchasable","14":"product-type-simple","15":"product-grid-view"},"aioseo_notices":[],"_links":{"self":[{"href":"https:\/\/posana.com\/fr\/wp-json\/wp\/v2\/product\/23080","targetHints":{"allow":["GET"]}}],"collection":[{"href":"https:\/\/posana.com\/fr\/wp-json\/wp\/v2\/product"}],"about":[{"href":"https:\/\/posana.com\/fr\/wp-json\/wp\/v2\/types\/product"}],"replies":[{"embeddable":true,"href":"https:\/\/posana.com\/fr\/wp-json\/wp\/v2\/comments?post=23080"}],"version-history":[{"count":2,"href":"https:\/\/posana.com\/fr\/wp-json\/wp\/v2\/product\/23080\/revisions"}],"predecessor-version":[{"id":23101,"href":"https:\/\/posana.com\/fr\/wp-json\/wp\/v2\/product\/23080\/revisions\/23101"}],"wp:featuredmedia":[{"embeddable":true,"href":"https:\/\/posana.com\/fr\/wp-json\/wp\/v2\/media\/23100"}],"wp:attachment":[{"href":"https:\/\/posana.com\/fr\/wp-json\/wp\/v2\/media?parent=23080"}],"wp:term":[{"taxonomy":"product_brand","embeddable":true,"href":"https:\/\/posana.com\/fr\/wp-json\/wp\/v2\/product_brand?post=23080"},{"taxonomy":"product_cat","embeddable":true,"href":"https:\/\/posana.com\/fr\/wp-json\/wp\/v2\/product_cat?post=23080"},{"taxonomy":"product_tag","embeddable":true,"href":"https:\/\/posana.com\/fr\/wp-json\/wp\/v2\/product_tag?post=23080"},{"taxonomy":"mwb_booking_cost","embeddable":true,"href":"https:\/\/posana.com\/fr\/wp-json\/wp\/v2\/mwb_booking_cost?post=23080"},{"taxonomy":"mwb_booking_service","embeddable":true,"href":"https:\/\/posana.com\/fr\/wp-json\/wp\/v2\/mwb_booking_service?post=23080"}],"curies":[{"name":"wp","href":"https:\/\/api.w.org\/{rel}","templated":true}]}}