{"id":23079,"date":"2024-12-25T19:24:55","date_gmt":"2024-12-25T19:24:55","guid":{"rendered":"https:\/\/posana.com\/?post_type=product&#038;p=23079"},"modified":"2025-01-27T13:18:28","modified_gmt":"2025-01-27T13:18:28","slug":"klapp-men-hangover-age-fight-serum-50-ml","status":"publish","type":"product","link":"https:\/\/posana.com\/fr\/produit\/klapp-men-hangover-age-fight-serum-50-ml\/","title":{"rendered":"Klapp Men Hangover \u2013 Age Fight Serum 50 ml"},"content":{"rendered":"<p>Slept petit, tir\u00e9 une nuit toute enti\u00e8re - le visage semble us\u00e9 et \u00e9puis\u00e9, est gonfl\u00e9, a des rides profondes et des joues affaiss\u00e9es et le cou: Le s\u00e9rum antiage avec du caf\u00e9 vert, de l'acide hyaluronique, de la s\u00e8ve de bouleau, de Kombuchka et de l'extrait de l'arbre Albizia Julibrissin offre un d\u00e9but turbo \u00e0 la journ\u00e9e, donne une peau stress\u00e9e un coup de pouce de fra\u00eecheur. Peut revitaliser la peau fatigu\u00e9e, lisser et tonifier la peau.<\/p>","protected":false},"excerpt":{"rendered":"<p>Slept little, pulled an all-nighter \u2013 the face looks worn out and exhausted, is swollen, has deep wrinkles and sagging cheeks and neck: The antiage serum with green coffee, hyaluronic acid, birch sap, Kombuchka and extract of the Albizia Julibrissin tree offers a turbo start to the day, gives stressed skin a boost of freshness. [&hellip;]<\/p>\n","protected":false},"featured_media":23098,"comment_status":"open","ping_status":"closed","template":"","meta":{"om_disable_all_campaigns":false,"_monsterinsights_skip_tracking":false,"_monsterinsights_sitenote_active":false,"_monsterinsights_sitenote_note":"","_monsterinsights_sitenote_category":0},"product_brand":[],"product_cat":[137,61],"product_tag":[172],"mwb_booking_cost":[],"mwb_booking_service":[],"class_list":{"0":"post-23079","1":"product","2":"type-product","3":"status-publish","4":"has-post-thumbnail","6":"product_cat-men-care","7":"product_cat-skin-care-products","8":"product_tag-klapp","11":"instock","12":"shipping-taxable","13":"purchasable","14":"product-type-simple","15":"product-grid-view"},"aioseo_notices":[],"_links":{"self":[{"href":"https:\/\/posana.com\/fr\/wp-json\/wp\/v2\/product\/23079","targetHints":{"allow":["GET"]}}],"collection":[{"href":"https:\/\/posana.com\/fr\/wp-json\/wp\/v2\/product"}],"about":[{"href":"https:\/\/posana.com\/fr\/wp-json\/wp\/v2\/types\/product"}],"replies":[{"embeddable":true,"href":"https:\/\/posana.com\/fr\/wp-json\/wp\/v2\/comments?post=23079"}],"version-history":[{"count":2,"href":"https:\/\/posana.com\/fr\/wp-json\/wp\/v2\/product\/23079\/revisions"}],"predecessor-version":[{"id":23099,"href":"https:\/\/posana.com\/fr\/wp-json\/wp\/v2\/product\/23079\/revisions\/23099"}],"wp:featuredmedia":[{"embeddable":true,"href":"https:\/\/posana.com\/fr\/wp-json\/wp\/v2\/media\/23098"}],"wp:attachment":[{"href":"https:\/\/posana.com\/fr\/wp-json\/wp\/v2\/media?parent=23079"}],"wp:term":[{"taxonomy":"product_brand","embeddable":true,"href":"https:\/\/posana.com\/fr\/wp-json\/wp\/v2\/product_brand?post=23079"},{"taxonomy":"product_cat","embeddable":true,"href":"https:\/\/posana.com\/fr\/wp-json\/wp\/v2\/product_cat?post=23079"},{"taxonomy":"product_tag","embeddable":true,"href":"https:\/\/posana.com\/fr\/wp-json\/wp\/v2\/product_tag?post=23079"},{"taxonomy":"mwb_booking_cost","embeddable":true,"href":"https:\/\/posana.com\/fr\/wp-json\/wp\/v2\/mwb_booking_cost?post=23079"},{"taxonomy":"mwb_booking_service","embeddable":true,"href":"https:\/\/posana.com\/fr\/wp-json\/wp\/v2\/mwb_booking_service?post=23079"}],"curies":[{"name":"wp","href":"https:\/\/api.w.org\/{rel}","templated":true}]}}