{"id":23077,"date":"2024-12-25T19:24:55","date_gmt":"2024-12-25T19:24:55","guid":{"rendered":"https:\/\/posana.com\/?post_type=product&#038;p=23077"},"modified":"2024-12-25T21:42:38","modified_gmt":"2024-12-25T21:42:38","slug":"klapp-glowing-kit-for-sensitve-skin","status":"publish","type":"product","link":"https:\/\/posana.com\/fr\/produit\/klapp-glowing-kit-for-sensitve-skin\/","title":{"rendered":"Kit Klapp Glowing pour peau sensuelle"},"content":{"rendered":"<p>Des ingr\u00e9dients actifs pr\u00e9cieux et hautement concentr\u00e9s apaisent la peau et lui fournissent une humidit\u00e9 intensive.<\/p>","protected":false},"excerpt":{"rendered":"<p>Des ingr\u00e9dients actifs pr\u00e9cieux et hautement concentr\u00e9s apaisent la peau et lui fournissent une humidit\u00e9 intensive.<\/p>","protected":false},"featured_media":23093,"comment_status":"open","ping_status":"closed","template":"","meta":{"om_disable_all_campaigns":false,"_monsterinsights_skip_tracking":false,"_monsterinsights_sitenote_active":false,"_monsterinsights_sitenote_note":"","_monsterinsights_sitenote_category":0},"product_brand":[],"product_cat":[61],"product_tag":[],"mwb_booking_cost":[],"mwb_booking_service":[],"class_list":{"0":"post-23077","1":"product","2":"type-product","3":"status-publish","4":"has-post-thumbnail","6":"product_cat-skin-care-products","9":"instock","10":"shipping-taxable","11":"purchasable","12":"product-type-simple","13":"product-grid-view"},"aioseo_notices":[],"_links":{"self":[{"href":"https:\/\/posana.com\/fr\/wp-json\/wp\/v2\/product\/23077","targetHints":{"allow":["GET"]}}],"collection":[{"href":"https:\/\/posana.com\/fr\/wp-json\/wp\/v2\/product"}],"about":[{"href":"https:\/\/posana.com\/fr\/wp-json\/wp\/v2\/types\/product"}],"replies":[{"embeddable":true,"href":"https:\/\/posana.com\/fr\/wp-json\/wp\/v2\/comments?post=23077"}],"version-history":[{"count":2,"href":"https:\/\/posana.com\/fr\/wp-json\/wp\/v2\/product\/23077\/revisions"}],"predecessor-version":[{"id":23094,"href":"https:\/\/posana.com\/fr\/wp-json\/wp\/v2\/product\/23077\/revisions\/23094"}],"wp:featuredmedia":[{"embeddable":true,"href":"https:\/\/posana.com\/fr\/wp-json\/wp\/v2\/media\/23093"}],"wp:attachment":[{"href":"https:\/\/posana.com\/fr\/wp-json\/wp\/v2\/media?parent=23077"}],"wp:term":[{"taxonomy":"product_brand","embeddable":true,"href":"https:\/\/posana.com\/fr\/wp-json\/wp\/v2\/product_brand?post=23077"},{"taxonomy":"product_cat","embeddable":true,"href":"https:\/\/posana.com\/fr\/wp-json\/wp\/v2\/product_cat?post=23077"},{"taxonomy":"product_tag","embeddable":true,"href":"https:\/\/posana.com\/fr\/wp-json\/wp\/v2\/product_tag?post=23077"},{"taxonomy":"mwb_booking_cost","embeddable":true,"href":"https:\/\/posana.com\/fr\/wp-json\/wp\/v2\/mwb_booking_cost?post=23077"},{"taxonomy":"mwb_booking_service","embeddable":true,"href":"https:\/\/posana.com\/fr\/wp-json\/wp\/v2\/mwb_booking_service?post=23077"}],"curies":[{"name":"wp","href":"https:\/\/api.w.org\/{rel}","templated":true}]}}