{"id":23042,"date":"2024-12-25T19:24:52","date_gmt":"2024-12-25T19:24:52","guid":{"rendered":"https:\/\/posana.com\/?post_type=product&#038;p=23042"},"modified":"2025-01-20T19:12:34","modified_gmt":"2025-01-20T19:12:34","slug":"kit-de-noel-anti-age-nelly-devuyst-toujours-jeune","status":"publish","type":"product","link":"https:\/\/posana.com\/fr\/produit\/kit-de-noel-anti-age-nelly-devuyst-toujours-jeune\/","title":{"rendered":"Kit de No\u00ebl Anti-\u00e2ge Nelly Devuyst (TOUJOURS JEUNE)"},"content":{"rendered":"<p>Superbe trousse de No\u00ebl NELLY DEVUYST comprenant 1 lait de nettoyant Matrix cellulaire 150ml et une cr\u00e8me Lifting Complex 50ml.<\/p>","protected":false},"excerpt":{"rendered":"<p>Superbe trousse de No\u00ebl NELLY DEVUYST comprenant 1 lait de nettoyant Matrix cellulaire 150ml et une cr\u00e8me Lifting Complex 50ml.<\/p>","protected":false},"featured_media":23112,"comment_status":"open","ping_status":"closed","template":"","meta":{"om_disable_all_campaigns":false,"_monsterinsights_skip_tracking":false,"_monsterinsights_sitenote_active":false,"_monsterinsights_sitenote_note":"","_monsterinsights_sitenote_category":0},"product_brand":[],"product_cat":[61],"product_tag":[173],"mwb_booking_cost":[],"mwb_booking_service":[],"class_list":{"0":"post-23042","1":"product","2":"type-product","3":"status-publish","4":"has-post-thumbnail","6":"product_cat-skin-care-products","7":"product_tag-nelly-de-vuyst","10":"instock","11":"shipping-taxable","12":"purchasable","13":"product-type-simple","14":"product-grid-view"},"aioseo_notices":[],"_links":{"self":[{"href":"https:\/\/posana.com\/fr\/wp-json\/wp\/v2\/product\/23042","targetHints":{"allow":["GET"]}}],"collection":[{"href":"https:\/\/posana.com\/fr\/wp-json\/wp\/v2\/product"}],"about":[{"href":"https:\/\/posana.com\/fr\/wp-json\/wp\/v2\/types\/product"}],"replies":[{"embeddable":true,"href":"https:\/\/posana.com\/fr\/wp-json\/wp\/v2\/comments?post=23042"}],"version-history":[{"count":2,"href":"https:\/\/posana.com\/fr\/wp-json\/wp\/v2\/product\/23042\/revisions"}],"predecessor-version":[{"id":23113,"href":"https:\/\/posana.com\/fr\/wp-json\/wp\/v2\/product\/23042\/revisions\/23113"}],"wp:featuredmedia":[{"embeddable":true,"href":"https:\/\/posana.com\/fr\/wp-json\/wp\/v2\/media\/23112"}],"wp:attachment":[{"href":"https:\/\/posana.com\/fr\/wp-json\/wp\/v2\/media?parent=23042"}],"wp:term":[{"taxonomy":"product_brand","embeddable":true,"href":"https:\/\/posana.com\/fr\/wp-json\/wp\/v2\/product_brand?post=23042"},{"taxonomy":"product_cat","embeddable":true,"href":"https:\/\/posana.com\/fr\/wp-json\/wp\/v2\/product_cat?post=23042"},{"taxonomy":"product_tag","embeddable":true,"href":"https:\/\/posana.com\/fr\/wp-json\/wp\/v2\/product_tag?post=23042"},{"taxonomy":"mwb_booking_cost","embeddable":true,"href":"https:\/\/posana.com\/fr\/wp-json\/wp\/v2\/mwb_booking_cost?post=23042"},{"taxonomy":"mwb_booking_service","embeddable":true,"href":"https:\/\/posana.com\/fr\/wp-json\/wp\/v2\/mwb_booking_service?post=23042"}],"curies":[{"name":"wp","href":"https:\/\/api.w.org\/{rel}","templated":true}]}}