{"id":23034,"date":"2024-12-25T19:24:51","date_gmt":"2024-12-25T19:24:51","guid":{"rendered":"https:\/\/posana.com\/?post_type=product&#038;p=23034"},"modified":"2025-01-07T18:24:22","modified_gmt":"2025-01-07T18:24:22","slug":"invigorating-face-massage-and-digitopuncture-30-mins","status":"publish","type":"product","link":"https:\/\/posana.com\/fr\/produit\/invigorating-face-massage-and-digitopuncture-30-mins\/","title":{"rendered":"Massage du Visage vivifiant avec digitoponcture. (30 min)"},"content":{"rendered":"<p>Pendant ce traitement, tout votre visage se fait masser pour dissoudre les tensions quotidiennes qui ont tendance \u00e0 \u00eatre pr\u00e9sentes dans vos joues et vos muscles de la m\u00e2choire. Bas\u00e9 sur la m\u00e9decine traditionnelle chinoise, des points d'acupression sont effectu\u00e9s sur le visage pour lib\u00e9rer certains m\u00e9ridiens. Cette \u00e9tape peut avoir un effet positif sur la digestion, le sommeil et les crampes menstruelles.<\/p>\n<p>Avantages :<\/p>\n<ul>\n<li>Diminution des niveaux de douleur et d'inflammation.<\/li>\n<li>Harmonisation du corps entier et m\u00e9ridien.<\/li>\n<li>Un sommeil profond et reposant<\/li>\n<li>Vous pouvez ajouter ce traitement \u00e0 votre visage pour un coup de pouce suppl\u00e9mentaire!<\/li>\n<\/ul>","protected":false},"excerpt":{"rendered":"<p>During this treatment, your whole face is getting massaged to dissolve daily tensions that tend to be present in your cheeks and jaw muscles. Based on traditional chinese medicine, acupressure points are performed on the face to release certain meridiands. This step can have a positive effect on digestion, sleep and menstrual cramps. Benefits: Decreased [&hellip;]<\/p>\n","protected":false},"featured_media":23136,"comment_status":"open","ping_status":"closed","template":"","meta":{"om_disable_all_campaigns":false,"_monsterinsights_skip_tracking":false,"_monsterinsights_sitenote_active":false,"_monsterinsights_sitenote_note":"","_monsterinsights_sitenote_category":0},"product_brand":[],"product_cat":[139,142],"product_tag":[],"mwb_booking_cost":[],"mwb_booking_service":[],"class_list":{"0":"post-23034","1":"product","2":"type-product","3":"status-publish","4":"has-post-thumbnail","6":"product_cat-services","7":"product_cat-skin-care-treatment","10":"instock","11":"shipping-taxable","12":"purchasable","13":"product-type-simple","14":"product-grid-view"},"aioseo_notices":[],"_links":{"self":[{"href":"https:\/\/posana.com\/fr\/wp-json\/wp\/v2\/product\/23034","targetHints":{"allow":["GET"]}}],"collection":[{"href":"https:\/\/posana.com\/fr\/wp-json\/wp\/v2\/product"}],"about":[{"href":"https:\/\/posana.com\/fr\/wp-json\/wp\/v2\/types\/product"}],"replies":[{"embeddable":true,"href":"https:\/\/posana.com\/fr\/wp-json\/wp\/v2\/comments?post=23034"}],"version-history":[{"count":2,"href":"https:\/\/posana.com\/fr\/wp-json\/wp\/v2\/product\/23034\/revisions"}],"predecessor-version":[{"id":23137,"href":"https:\/\/posana.com\/fr\/wp-json\/wp\/v2\/product\/23034\/revisions\/23137"}],"wp:featuredmedia":[{"embeddable":true,"href":"https:\/\/posana.com\/fr\/wp-json\/wp\/v2\/media\/23136"}],"wp:attachment":[{"href":"https:\/\/posana.com\/fr\/wp-json\/wp\/v2\/media?parent=23034"}],"wp:term":[{"taxonomy":"product_brand","embeddable":true,"href":"https:\/\/posana.com\/fr\/wp-json\/wp\/v2\/product_brand?post=23034"},{"taxonomy":"product_cat","embeddable":true,"href":"https:\/\/posana.com\/fr\/wp-json\/wp\/v2\/product_cat?post=23034"},{"taxonomy":"product_tag","embeddable":true,"href":"https:\/\/posana.com\/fr\/wp-json\/wp\/v2\/product_tag?post=23034"},{"taxonomy":"mwb_booking_cost","embeddable":true,"href":"https:\/\/posana.com\/fr\/wp-json\/wp\/v2\/mwb_booking_cost?post=23034"},{"taxonomy":"mwb_booking_service","embeddable":true,"href":"https:\/\/posana.com\/fr\/wp-json\/wp\/v2\/mwb_booking_service?post=23034"}],"curies":[{"name":"wp","href":"https:\/\/api.w.org\/{rel}","templated":true}]}}