{"id":23033,"date":"2024-12-25T19:24:51","date_gmt":"2024-12-25T19:24:51","guid":{"rendered":"https:\/\/posana.com\/?post_type=product&#038;p=23033"},"modified":"2024-12-26T16:42:41","modified_gmt":"2024-12-26T16:42:41","slug":"intense-hydra-gift-set","status":"publish","type":"product","link":"https:\/\/posana.com\/fr\/produit\/intense-hydra-gift-set\/","title":{"rendered":"Ensemble cadeau Hydra Intense"},"content":{"rendered":"<p>HYDRAC\u00c9RAMIDES \u00c9MULSION \u2013 50 ML<\/p>\n<p><span class=\"OYPEnA text-decoration-none text-strikethrough-none\">S\u00c9RUM ACIDE HYALURONIQUE \u2013 29 ML<\/span><\/p>","protected":false},"excerpt":{"rendered":"<p>HYDRAC\u00c9RAMIDES \u00c9MULSION &#8211; 50 ML S\u00c9RUM ACIDE HYALURONIQUE &#8211; 29 ML<\/p>","protected":false},"featured_media":23134,"comment_status":"open","ping_status":"closed","template":"","meta":{"om_disable_all_campaigns":false,"_monsterinsights_skip_tracking":false,"_monsterinsights_sitenote_active":false,"_monsterinsights_sitenote_note":"","_monsterinsights_sitenote_category":0},"product_brand":[],"product_cat":[61],"product_tag":[],"mwb_booking_cost":[],"mwb_booking_service":[],"class_list":{"0":"post-23033","1":"product","2":"type-product","3":"status-publish","4":"has-post-thumbnail","6":"product_cat-skin-care-products","9":"instock","10":"shipping-taxable","11":"purchasable","12":"product-type-simple","13":"product-grid-view"},"aioseo_notices":[],"_links":{"self":[{"href":"https:\/\/posana.com\/fr\/wp-json\/wp\/v2\/product\/23033","targetHints":{"allow":["GET"]}}],"collection":[{"href":"https:\/\/posana.com\/fr\/wp-json\/wp\/v2\/product"}],"about":[{"href":"https:\/\/posana.com\/fr\/wp-json\/wp\/v2\/types\/product"}],"replies":[{"embeddable":true,"href":"https:\/\/posana.com\/fr\/wp-json\/wp\/v2\/comments?post=23033"}],"version-history":[{"count":2,"href":"https:\/\/posana.com\/fr\/wp-json\/wp\/v2\/product\/23033\/revisions"}],"predecessor-version":[{"id":23135,"href":"https:\/\/posana.com\/fr\/wp-json\/wp\/v2\/product\/23033\/revisions\/23135"}],"wp:featuredmedia":[{"embeddable":true,"href":"https:\/\/posana.com\/fr\/wp-json\/wp\/v2\/media\/23134"}],"wp:attachment":[{"href":"https:\/\/posana.com\/fr\/wp-json\/wp\/v2\/media?parent=23033"}],"wp:term":[{"taxonomy":"product_brand","embeddable":true,"href":"https:\/\/posana.com\/fr\/wp-json\/wp\/v2\/product_brand?post=23033"},{"taxonomy":"product_cat","embeddable":true,"href":"https:\/\/posana.com\/fr\/wp-json\/wp\/v2\/product_cat?post=23033"},{"taxonomy":"product_tag","embeddable":true,"href":"https:\/\/posana.com\/fr\/wp-json\/wp\/v2\/product_tag?post=23033"},{"taxonomy":"mwb_booking_cost","embeddable":true,"href":"https:\/\/posana.com\/fr\/wp-json\/wp\/v2\/mwb_booking_cost?post=23033"},{"taxonomy":"mwb_booking_service","embeddable":true,"href":"https:\/\/posana.com\/fr\/wp-json\/wp\/v2\/mwb_booking_service?post=23033"}],"curies":[{"name":"wp","href":"https:\/\/api.w.org\/{rel}","templated":true}]}}