{"id":23030,"date":"2024-12-25T19:24:51","date_gmt":"2024-12-25T19:24:51","guid":{"rendered":"https:\/\/posana.com\/?post_type=product&#038;p=23030"},"modified":"2024-12-26T16:27:17","modified_gmt":"2024-12-26T16:27:17","slug":"hydro-tonifying-concentrate-50ml","status":"publish","type":"product","link":"https:\/\/posana.com\/fr\/produit\/hydro-tonifying-concentrate-50ml\/","title":{"rendered":"Concentr\u00e9 hydro-tonifiant 50ml"},"content":{"rendered":"<p>Pour la peau s\u00e8che, d\u00e9shydrat\u00e9e et endommag\u00e9e par le soleil teint hydratant, tonifiant et radiant. Riche en complexes hydratants et tonifiants, tels que l'acide hyaluronique et les glycosaminoglycanes. Laisse la peau plus compl\u00e8te, radieuse et soyeuse.<\/p>\n<p>50 ml | 1.70 fl.oz<\/p>","protected":false},"excerpt":{"rendered":"<p>For dry, dehydrated and sun damaged skin Hydrating, Tonifying and Radiating skin tone. Rich in hydrating and tonifying complexes, such as hyaluronic acid and glycosaminoglycans. Leaves the skin fuller, radiant, and silky soft. 50 ml | 1.70 fl.oz<\/p>","protected":false},"featured_media":23132,"comment_status":"open","ping_status":"closed","template":"","meta":{"om_disable_all_campaigns":false,"_monsterinsights_skip_tracking":false,"_monsterinsights_sitenote_active":false,"_monsterinsights_sitenote_note":"","_monsterinsights_sitenote_category":0},"product_brand":[],"product_cat":[61],"product_tag":[],"mwb_booking_cost":[],"mwb_booking_service":[],"class_list":{"0":"post-23030","1":"product","2":"type-product","3":"status-publish","4":"has-post-thumbnail","6":"product_cat-skin-care-products","9":"instock","10":"shipping-taxable","11":"purchasable","12":"product-type-simple","13":"product-grid-view"},"aioseo_notices":[],"_links":{"self":[{"href":"https:\/\/posana.com\/fr\/wp-json\/wp\/v2\/product\/23030","targetHints":{"allow":["GET"]}}],"collection":[{"href":"https:\/\/posana.com\/fr\/wp-json\/wp\/v2\/product"}],"about":[{"href":"https:\/\/posana.com\/fr\/wp-json\/wp\/v2\/types\/product"}],"replies":[{"embeddable":true,"href":"https:\/\/posana.com\/fr\/wp-json\/wp\/v2\/comments?post=23030"}],"version-history":[{"count":2,"href":"https:\/\/posana.com\/fr\/wp-json\/wp\/v2\/product\/23030\/revisions"}],"predecessor-version":[{"id":23133,"href":"https:\/\/posana.com\/fr\/wp-json\/wp\/v2\/product\/23030\/revisions\/23133"}],"wp:featuredmedia":[{"embeddable":true,"href":"https:\/\/posana.com\/fr\/wp-json\/wp\/v2\/media\/23132"}],"wp:attachment":[{"href":"https:\/\/posana.com\/fr\/wp-json\/wp\/v2\/media?parent=23030"}],"wp:term":[{"taxonomy":"product_brand","embeddable":true,"href":"https:\/\/posana.com\/fr\/wp-json\/wp\/v2\/product_brand?post=23030"},{"taxonomy":"product_cat","embeddable":true,"href":"https:\/\/posana.com\/fr\/wp-json\/wp\/v2\/product_cat?post=23030"},{"taxonomy":"product_tag","embeddable":true,"href":"https:\/\/posana.com\/fr\/wp-json\/wp\/v2\/product_tag?post=23030"},{"taxonomy":"mwb_booking_cost","embeddable":true,"href":"https:\/\/posana.com\/fr\/wp-json\/wp\/v2\/mwb_booking_cost?post=23030"},{"taxonomy":"mwb_booking_service","embeddable":true,"href":"https:\/\/posana.com\/fr\/wp-json\/wp\/v2\/mwb_booking_service?post=23030"}],"curies":[{"name":"wp","href":"https:\/\/api.w.org\/{rel}","templated":true}]}}