{"id":23029,"date":"2024-12-25T19:24:51","date_gmt":"2024-12-25T19:24:51","guid":{"rendered":"https:\/\/posana.com\/?post_type=product&#038;p=23029"},"modified":"2025-01-08T13:35:31","modified_gmt":"2025-01-08T13:35:31","slug":"hydro-control-cream-50ml","status":"publish","type":"product","link":"https:\/\/posana.com\/fr\/produit\/hydro-control-cream-50ml\/","title":{"rendered":"Hydro Control Cream 50ml"},"content":{"rendered":"<p>Cr\u00e8me hydratante pour d\u00e9shydrat\u00e9 \u00e0 des types de peau normaux Maintient l'\u00e9quilibre de l'eau dans la couche superficielle de l'\u00e9piderme, retardant ainsi le vieillissement cutan\u00e9. Restaure l'hydratation naturelle et aide \u00e0 r\u00e9duire l'apparence des rides. Donne un teint frais et lisse. Cr\u00e8me l\u00e9g\u00e8re pour tous les types de peau.<\/p>","protected":false},"excerpt":{"rendered":"<p>Cr\u00e8me hydratante pour d\u00e9shydrat\u00e9 \u00e0 des types de peau normaux Maintient l'\u00e9quilibre de l'eau dans la couche superficielle de l'\u00e9piderme, retardant ainsi le vieillissement cutan\u00e9. Restaure l'hydratation naturelle et aide \u00e0 r\u00e9duire l'apparence des rides. Donne un teint frais et lisse. Cr\u00e8me l\u00e9g\u00e8re pour tous les types de peau.<\/p>","protected":false},"featured_media":23130,"comment_status":"open","ping_status":"closed","template":"","meta":{"om_disable_all_campaigns":false,"_monsterinsights_skip_tracking":false,"_monsterinsights_sitenote_active":false,"_monsterinsights_sitenote_note":"","_monsterinsights_sitenote_category":0},"product_brand":[],"product_cat":[133,61],"product_tag":[],"mwb_booking_cost":[],"mwb_booking_service":[],"class_list":{"0":"post-23029","1":"product","2":"type-product","3":"status-publish","4":"has-post-thumbnail","6":"product_cat-emulsions","7":"product_cat-skin-care-products","10":"instock","11":"shipping-taxable","12":"purchasable","13":"product-type-simple","14":"product-grid-view"},"aioseo_notices":[],"_links":{"self":[{"href":"https:\/\/posana.com\/fr\/wp-json\/wp\/v2\/product\/23029","targetHints":{"allow":["GET"]}}],"collection":[{"href":"https:\/\/posana.com\/fr\/wp-json\/wp\/v2\/product"}],"about":[{"href":"https:\/\/posana.com\/fr\/wp-json\/wp\/v2\/types\/product"}],"replies":[{"embeddable":true,"href":"https:\/\/posana.com\/fr\/wp-json\/wp\/v2\/comments?post=23029"}],"version-history":[{"count":2,"href":"https:\/\/posana.com\/fr\/wp-json\/wp\/v2\/product\/23029\/revisions"}],"predecessor-version":[{"id":23131,"href":"https:\/\/posana.com\/fr\/wp-json\/wp\/v2\/product\/23029\/revisions\/23131"}],"wp:featuredmedia":[{"embeddable":true,"href":"https:\/\/posana.com\/fr\/wp-json\/wp\/v2\/media\/23130"}],"wp:attachment":[{"href":"https:\/\/posana.com\/fr\/wp-json\/wp\/v2\/media?parent=23029"}],"wp:term":[{"taxonomy":"product_brand","embeddable":true,"href":"https:\/\/posana.com\/fr\/wp-json\/wp\/v2\/product_brand?post=23029"},{"taxonomy":"product_cat","embeddable":true,"href":"https:\/\/posana.com\/fr\/wp-json\/wp\/v2\/product_cat?post=23029"},{"taxonomy":"product_tag","embeddable":true,"href":"https:\/\/posana.com\/fr\/wp-json\/wp\/v2\/product_tag?post=23029"},{"taxonomy":"mwb_booking_cost","embeddable":true,"href":"https:\/\/posana.com\/fr\/wp-json\/wp\/v2\/mwb_booking_cost?post=23029"},{"taxonomy":"mwb_booking_service","embeddable":true,"href":"https:\/\/posana.com\/fr\/wp-json\/wp\/v2\/mwb_booking_service?post=23029"}],"curies":[{"name":"wp","href":"https:\/\/api.w.org\/{rel}","templated":true}]}}