{"id":23028,"date":"2024-12-25T19:24:51","date_gmt":"2024-12-25T19:24:51","guid":{"rendered":"https:\/\/posana.com\/?post_type=product&#038;p=23028"},"modified":"2025-01-08T13:34:23","modified_gmt":"2025-01-08T13:34:23","slug":"hydro-control-cream-200ml","status":"publish","type":"product","link":"https:\/\/posana.com\/fr\/produit\/hydro-control-cream-200ml\/","title":{"rendered":"Hydro Control Cream 200ml"},"content":{"rendered":"<p>Cr\u00e8me hydratante pour d\u00e9shydrater aux types de peau normaux<br \/>\nMaintient l'\u00e9quilibre de l'eau dans la couche superficielle de l'\u00e9piderme, retardant ainsi le vieillissement cutan\u00e9. Restaure l'hydratation naturelle et aide \u00e0 r\u00e9duire l'apparence des rides. Donne un teint frais et lisse. Cr\u00e8me l\u00e9g\u00e8re pour tous les types de peau.<\/p>","protected":false},"excerpt":{"rendered":"<p>Cr\u00e8me hydratante pour d\u00e9shydrat\u00e9 \u00e0 des types de peau normaux Maintient l'\u00e9quilibre de l'eau dans la couche superficielle de l'\u00e9piderme, retardant ainsi le vieillissement cutan\u00e9. Restaure l'hydratation naturelle et aide \u00e0 r\u00e9duire l'apparence des rides. Donne un teint frais et lisse. Cr\u00e8me l\u00e9g\u00e8re pour tous les types de peau.<\/p>","protected":false},"featured_media":23129,"comment_status":"open","ping_status":"closed","template":"","meta":{"om_disable_all_campaigns":false,"_monsterinsights_skip_tracking":false,"_monsterinsights_sitenote_active":false,"_monsterinsights_sitenote_note":"","_monsterinsights_sitenote_category":0},"product_brand":[],"product_cat":[133,61],"product_tag":[],"mwb_booking_cost":[],"mwb_booking_service":[],"class_list":{"0":"post-23028","1":"product","2":"type-product","3":"status-publish","4":"has-post-thumbnail","6":"product_cat-emulsions","7":"product_cat-skin-care-products","10":"instock","11":"shipping-taxable","12":"purchasable","13":"product-type-simple","14":"product-grid-view"},"aioseo_notices":[],"_links":{"self":[{"href":"https:\/\/posana.com\/fr\/wp-json\/wp\/v2\/product\/23028","targetHints":{"allow":["GET"]}}],"collection":[{"href":"https:\/\/posana.com\/fr\/wp-json\/wp\/v2\/product"}],"about":[{"href":"https:\/\/posana.com\/fr\/wp-json\/wp\/v2\/types\/product"}],"replies":[{"embeddable":true,"href":"https:\/\/posana.com\/fr\/wp-json\/wp\/v2\/comments?post=23028"}],"version-history":[{"count":1,"href":"https:\/\/posana.com\/fr\/wp-json\/wp\/v2\/product\/23028\/revisions"}],"predecessor-version":[{"id":23058,"href":"https:\/\/posana.com\/fr\/wp-json\/wp\/v2\/product\/23028\/revisions\/23058"}],"wp:featuredmedia":[{"embeddable":true,"href":"https:\/\/posana.com\/fr\/wp-json\/wp\/v2\/media\/23129"}],"wp:attachment":[{"href":"https:\/\/posana.com\/fr\/wp-json\/wp\/v2\/media?parent=23028"}],"wp:term":[{"taxonomy":"product_brand","embeddable":true,"href":"https:\/\/posana.com\/fr\/wp-json\/wp\/v2\/product_brand?post=23028"},{"taxonomy":"product_cat","embeddable":true,"href":"https:\/\/posana.com\/fr\/wp-json\/wp\/v2\/product_cat?post=23028"},{"taxonomy":"product_tag","embeddable":true,"href":"https:\/\/posana.com\/fr\/wp-json\/wp\/v2\/product_tag?post=23028"},{"taxonomy":"mwb_booking_cost","embeddable":true,"href":"https:\/\/posana.com\/fr\/wp-json\/wp\/v2\/mwb_booking_cost?post=23028"},{"taxonomy":"mwb_booking_service","embeddable":true,"href":"https:\/\/posana.com\/fr\/wp-json\/wp\/v2\/mwb_booking_service?post=23028"}],"curies":[{"name":"wp","href":"https:\/\/api.w.org\/{rel}","templated":true}]}}