{"id":23027,"date":"2024-12-25T19:24:51","date_gmt":"2024-12-25T19:24:51","guid":{"rendered":"https:\/\/posana.com\/?post_type=product&#038;p=23027"},"modified":"2025-02-09T19:57:38","modified_gmt":"2025-02-09T19:57:38","slug":"hydrating-trio-set-by-physiodermie","status":"publish","type":"product","link":"https:\/\/posana.com\/fr\/produit\/hydrating-trio-set-by-physiodermie\/","title":{"rendered":"Trio hydratant Set par Physiodermie"},"content":{"rendered":"<p>\u2013 1 x Lotion stabilisatrice pH Balancement 200 ml : Apaise et purifie pour laisser votre peau parfaitement propre et fra\u00eeche. Id\u00e9al pour un nettoyage r\u00e9\u00e9quilibrant de la peau ainsi que pour un d\u00e9maquillage doux.<\/p>\n<p>\u2013 1 x acide hyaluronique bio-mol\u00e9culaire 29 ml : hydrate profond\u00e9ment la peau, assure un effet raffermissant, lissant et repulpant imm\u00e9diat et durable.<\/p>\n<p>\u2013 1 x Emulsion Hydro-Control 50 ml : Restaure l\u2019\u00e9quilibre, la souplesse et l\u2019hydratation naturelle de la peau, traitement pr\u00e9ventif anti-vieillissement.<\/p>","protected":false},"excerpt":{"rendered":"<p>&#8211; 1 x Stabilizing Lotion pH Balancing 200 ml: Soothes and purifies to leave your skin perfectly clean and fresh. Ideal for a rebalancing cleansing of the skin as well as for a soft make-up removal. &#8211; 1 x Bio-Molecular Hyaluronic Acid Organic 29 ml: Deeply moisturizes the skin, provides an immediate and long-lasting firming, [&hellip;]<\/p>\n","protected":false},"featured_media":23127,"comment_status":"open","ping_status":"closed","template":"","meta":{"om_disable_all_campaigns":false,"_monsterinsights_skip_tracking":false,"_monsterinsights_sitenote_active":false,"_monsterinsights_sitenote_note":"","_monsterinsights_sitenote_category":0},"product_brand":[186],"product_cat":[113],"product_tag":[170],"mwb_booking_cost":[],"mwb_booking_service":[],"class_list":{"0":"post-23027","1":"product","2":"type-product","3":"status-publish","4":"has-post-thumbnail","6":"product_brand-physiodermie","7":"product_cat-other-products","8":"product_tag-physiodermie","11":"instock","12":"shipping-taxable","13":"purchasable","14":"product-type-simple","15":"product-grid-view"},"aioseo_notices":[],"_links":{"self":[{"href":"https:\/\/posana.com\/fr\/wp-json\/wp\/v2\/product\/23027","targetHints":{"allow":["GET"]}}],"collection":[{"href":"https:\/\/posana.com\/fr\/wp-json\/wp\/v2\/product"}],"about":[{"href":"https:\/\/posana.com\/fr\/wp-json\/wp\/v2\/types\/product"}],"replies":[{"embeddable":true,"href":"https:\/\/posana.com\/fr\/wp-json\/wp\/v2\/comments?post=23027"}],"version-history":[{"count":2,"href":"https:\/\/posana.com\/fr\/wp-json\/wp\/v2\/product\/23027\/revisions"}],"predecessor-version":[{"id":23128,"href":"https:\/\/posana.com\/fr\/wp-json\/wp\/v2\/product\/23027\/revisions\/23128"}],"wp:featuredmedia":[{"embeddable":true,"href":"https:\/\/posana.com\/fr\/wp-json\/wp\/v2\/media\/23127"}],"wp:attachment":[{"href":"https:\/\/posana.com\/fr\/wp-json\/wp\/v2\/media?parent=23027"}],"wp:term":[{"taxonomy":"product_brand","embeddable":true,"href":"https:\/\/posana.com\/fr\/wp-json\/wp\/v2\/product_brand?post=23027"},{"taxonomy":"product_cat","embeddable":true,"href":"https:\/\/posana.com\/fr\/wp-json\/wp\/v2\/product_cat?post=23027"},{"taxonomy":"product_tag","embeddable":true,"href":"https:\/\/posana.com\/fr\/wp-json\/wp\/v2\/product_tag?post=23027"},{"taxonomy":"mwb_booking_cost","embeddable":true,"href":"https:\/\/posana.com\/fr\/wp-json\/wp\/v2\/mwb_booking_cost?post=23027"},{"taxonomy":"mwb_booking_service","embeddable":true,"href":"https:\/\/posana.com\/fr\/wp-json\/wp\/v2\/mwb_booking_service?post=23027"}],"curies":[{"name":"wp","href":"https:\/\/api.w.org\/{rel}","templated":true}]}}