{"id":23024,"date":"2024-12-25T19:24:51","date_gmt":"2024-12-25T19:24:51","guid":{"rendered":"https:\/\/posana.com\/?post_type=product&#038;p=23024"},"modified":"2024-12-25T22:10:14","modified_gmt":"2024-12-25T22:10:14","slug":"hyaluronic-day-night-serum","status":"publish","type":"product","link":"https:\/\/posana.com\/fr\/produit\/hyaluronic-day-night-serum\/","title":{"rendered":"S\u00e9rum de jour et de nuit hyaluronique"},"content":{"rendered":"<p>Serum de soin de la peau en peluche et lissant avec des complexes d'acide hyaluronique triple-actif et l'ingr\u00e9dient actif raffermissant Quicklift \u2122 . L\u2019acide hyaluronique contenu remplit les d\u00e9p\u00f4ts d\u2019humidit\u00e9 de la peau gr\u00e2ce \u00e0 un syst\u00e8me intelligent \u00e0 plusieurs \u00e9tages. La matrice invisible et resserrante contenue dans Quicklift \u2122 est rapidement absorb\u00e9e par la peau, la laissant avec un effet de serrage et de raffermissement imm\u00e9diat et durable.<\/p>","protected":false},"excerpt":{"rendered":"<p>Serum de soin de la peau en peluche et lissant avec des complexes d'acide hyaluronique triple-actif et l'ingr\u00e9dient actif raffermissant Quicklift \u2122 . L\u2019acide hyaluronique contenu remplit les d\u00e9p\u00f4ts d\u2019humidit\u00e9 de la peau gr\u00e2ce \u00e0 un syst\u00e8me intelligent \u00e0 plusieurs \u00e9tages. La matrice invisible et resserrante contenue dans Quicklift \u2122 est rapidement absorb\u00e9e par la peau, la laissant avec un effet de serrage et de raffermissement imm\u00e9diat et durable.<\/p>","protected":false},"featured_media":23120,"comment_status":"open","ping_status":"closed","template":"","meta":{"om_disable_all_campaigns":false,"_monsterinsights_skip_tracking":false,"_monsterinsights_sitenote_active":false,"_monsterinsights_sitenote_note":"","_monsterinsights_sitenote_category":0},"product_brand":[],"product_cat":[113],"product_tag":[],"mwb_booking_cost":[],"mwb_booking_service":[],"class_list":{"0":"post-23024","1":"product","2":"type-product","3":"status-publish","4":"has-post-thumbnail","6":"product_cat-other-products","9":"instock","10":"shipping-taxable","11":"purchasable","12":"product-type-simple","13":"product-grid-view"},"aioseo_notices":[],"_links":{"self":[{"href":"https:\/\/posana.com\/fr\/wp-json\/wp\/v2\/product\/23024","targetHints":{"allow":["GET"]}}],"collection":[{"href":"https:\/\/posana.com\/fr\/wp-json\/wp\/v2\/product"}],"about":[{"href":"https:\/\/posana.com\/fr\/wp-json\/wp\/v2\/types\/product"}],"replies":[{"embeddable":true,"href":"https:\/\/posana.com\/fr\/wp-json\/wp\/v2\/comments?post=23024"}],"version-history":[{"count":2,"href":"https:\/\/posana.com\/fr\/wp-json\/wp\/v2\/product\/23024\/revisions"}],"predecessor-version":[{"id":23121,"href":"https:\/\/posana.com\/fr\/wp-json\/wp\/v2\/product\/23024\/revisions\/23121"}],"wp:featuredmedia":[{"embeddable":true,"href":"https:\/\/posana.com\/fr\/wp-json\/wp\/v2\/media\/23120"}],"wp:attachment":[{"href":"https:\/\/posana.com\/fr\/wp-json\/wp\/v2\/media?parent=23024"}],"wp:term":[{"taxonomy":"product_brand","embeddable":true,"href":"https:\/\/posana.com\/fr\/wp-json\/wp\/v2\/product_brand?post=23024"},{"taxonomy":"product_cat","embeddable":true,"href":"https:\/\/posana.com\/fr\/wp-json\/wp\/v2\/product_cat?post=23024"},{"taxonomy":"product_tag","embeddable":true,"href":"https:\/\/posana.com\/fr\/wp-json\/wp\/v2\/product_tag?post=23024"},{"taxonomy":"mwb_booking_cost","embeddable":true,"href":"https:\/\/posana.com\/fr\/wp-json\/wp\/v2\/mwb_booking_cost?post=23024"},{"taxonomy":"mwb_booking_service","embeddable":true,"href":"https:\/\/posana.com\/fr\/wp-json\/wp\/v2\/mwb_booking_service?post=23024"}],"curies":[{"name":"wp","href":"https:\/\/api.w.org\/{rel}","templated":true}]}}