{"id":23023,"date":"2024-12-25T19:24:51","date_gmt":"2024-12-25T19:24:51","guid":{"rendered":"https:\/\/posana.com\/?post_type=product&#038;p=23023"},"modified":"2025-01-08T13:33:31","modified_gmt":"2025-01-08T13:33:31","slug":"hyaluronic-day-night-cream-50-ml","status":"publish","type":"product","link":"https:\/\/posana.com\/fr\/produit\/hyaluronic-day-night-cream-50-ml\/","title":{"rendered":"JOUR hyaluronique et CR\u00c9ATION DE NIGHT 50 ml"},"content":{"rendered":"<p>Cr\u00e8me hydratante intensive de jour et de nuit. Les complexes triples actifs d'acide hyaluronique agissent dans un syst\u00e8me intelligent \u00e0 plusieurs \u00e9tages, lib\u00e9rant peu \u00e0 peu l'acide hyaluronique dans les diff\u00e9rentes couches de la peau sup\u00e9rieure. L'huile de graine de raisin, riche en antioxydants, ainsi que l'huile de jojoba et de squalane compl\u00e8tent cette composition active. La peau semble plus lisse, plus abondante et plus ferme.<\/p>","protected":false},"excerpt":{"rendered":"<p>Intensive hydrating day and night cream. Triple-active hyaluronic acid complexes act in an intelligent multiple-stage system, releasing the hyaluronic acid bit by bit into the different layers of the upper skin. Grape seed oil, rich in antioxidants, as well as jojoba oil and squalane complete this active ingredient composition. The skin looks smoother, plumper and [&hellip;]<\/p>\n","protected":false},"featured_media":23118,"comment_status":"open","ping_status":"closed","template":"","meta":{"om_disable_all_campaigns":false,"_monsterinsights_skip_tracking":false,"_monsterinsights_sitenote_active":false,"_monsterinsights_sitenote_note":"","_monsterinsights_sitenote_category":0},"product_brand":[],"product_cat":[133,61],"product_tag":[],"mwb_booking_cost":[],"mwb_booking_service":[],"class_list":{"0":"post-23023","1":"product","2":"type-product","3":"status-publish","4":"has-post-thumbnail","6":"product_cat-emulsions","7":"product_cat-skin-care-products","10":"instock","11":"shipping-taxable","12":"purchasable","13":"product-type-simple","14":"product-grid-view"},"aioseo_notices":[],"_links":{"self":[{"href":"https:\/\/posana.com\/fr\/wp-json\/wp\/v2\/product\/23023","targetHints":{"allow":["GET"]}}],"collection":[{"href":"https:\/\/posana.com\/fr\/wp-json\/wp\/v2\/product"}],"about":[{"href":"https:\/\/posana.com\/fr\/wp-json\/wp\/v2\/types\/product"}],"replies":[{"embeddable":true,"href":"https:\/\/posana.com\/fr\/wp-json\/wp\/v2\/comments?post=23023"}],"version-history":[{"count":2,"href":"https:\/\/posana.com\/fr\/wp-json\/wp\/v2\/product\/23023\/revisions"}],"predecessor-version":[{"id":23119,"href":"https:\/\/posana.com\/fr\/wp-json\/wp\/v2\/product\/23023\/revisions\/23119"}],"wp:featuredmedia":[{"embeddable":true,"href":"https:\/\/posana.com\/fr\/wp-json\/wp\/v2\/media\/23118"}],"wp:attachment":[{"href":"https:\/\/posana.com\/fr\/wp-json\/wp\/v2\/media?parent=23023"}],"wp:term":[{"taxonomy":"product_brand","embeddable":true,"href":"https:\/\/posana.com\/fr\/wp-json\/wp\/v2\/product_brand?post=23023"},{"taxonomy":"product_cat","embeddable":true,"href":"https:\/\/posana.com\/fr\/wp-json\/wp\/v2\/product_cat?post=23023"},{"taxonomy":"product_tag","embeddable":true,"href":"https:\/\/posana.com\/fr\/wp-json\/wp\/v2\/product_tag?post=23023"},{"taxonomy":"mwb_booking_cost","embeddable":true,"href":"https:\/\/posana.com\/fr\/wp-json\/wp\/v2\/mwb_booking_cost?post=23023"},{"taxonomy":"mwb_booking_service","embeddable":true,"href":"https:\/\/posana.com\/fr\/wp-json\/wp\/v2\/mwb_booking_service?post=23023"}],"curies":[{"name":"wp","href":"https:\/\/api.w.org\/{rel}","templated":true}]}}