{"id":23020,"date":"2024-12-25T19:24:51","date_gmt":"2024-12-25T19:24:51","guid":{"rendered":"https:\/\/posana.com\/?post_type=product&#038;p=23020"},"modified":"2025-01-08T13:33:18","modified_gmt":"2025-01-08T13:33:18","slug":"hand-beauty-cream-75ml","status":"publish","type":"product","link":"https:\/\/posana.com\/fr\/produit\/hand-beauty-cream-75ml\/","title":{"rendered":"Cr\u00e8me Beaut\u00e9 Hand 75ml"},"content":{"rendered":"<p>Traitement hydratant pour les mains Nourrit et prot\u00e8ge la peau contre les facteurs environnementaux. Aide \u00e0 all\u00e9ger les taches de pigmentation et emp\u00eache le vieillissement pr\u00e9matur\u00e9 tout en laissant la peau douce, uniforme et hydrat\u00e9e.<\/p>","protected":false},"excerpt":{"rendered":"<p>Traitement hydratant pour les mains Nourrit et prot\u00e8ge la peau contre les facteurs environnementaux. Aide \u00e0 all\u00e9ger les taches de pigmentation et emp\u00eache le vieillissement pr\u00e9matur\u00e9 tout en laissant la peau douce, uniforme et hydrat\u00e9e.<\/p>","protected":false},"featured_media":23116,"comment_status":"open","ping_status":"closed","template":"","meta":{"om_disable_all_campaigns":false,"_monsterinsights_skip_tracking":false,"_monsterinsights_sitenote_active":false,"_monsterinsights_sitenote_note":"","_monsterinsights_sitenote_category":0},"product_brand":[],"product_cat":[133,61],"product_tag":[],"mwb_booking_cost":[],"mwb_booking_service":[],"class_list":{"0":"post-23020","1":"product","2":"type-product","3":"status-publish","4":"has-post-thumbnail","6":"product_cat-emulsions","7":"product_cat-skin-care-products","10":"instock","11":"shipping-taxable","12":"purchasable","13":"product-type-simple","14":"product-grid-view"},"aioseo_notices":[],"_links":{"self":[{"href":"https:\/\/posana.com\/fr\/wp-json\/wp\/v2\/product\/23020","targetHints":{"allow":["GET"]}}],"collection":[{"href":"https:\/\/posana.com\/fr\/wp-json\/wp\/v2\/product"}],"about":[{"href":"https:\/\/posana.com\/fr\/wp-json\/wp\/v2\/types\/product"}],"replies":[{"embeddable":true,"href":"https:\/\/posana.com\/fr\/wp-json\/wp\/v2\/comments?post=23020"}],"version-history":[{"count":1,"href":"https:\/\/posana.com\/fr\/wp-json\/wp\/v2\/product\/23020\/revisions"}],"predecessor-version":[{"id":23050,"href":"https:\/\/posana.com\/fr\/wp-json\/wp\/v2\/product\/23020\/revisions\/23050"}],"wp:featuredmedia":[{"embeddable":true,"href":"https:\/\/posana.com\/fr\/wp-json\/wp\/v2\/media\/23116"}],"wp:attachment":[{"href":"https:\/\/posana.com\/fr\/wp-json\/wp\/v2\/media?parent=23020"}],"wp:term":[{"taxonomy":"product_brand","embeddable":true,"href":"https:\/\/posana.com\/fr\/wp-json\/wp\/v2\/product_brand?post=23020"},{"taxonomy":"product_cat","embeddable":true,"href":"https:\/\/posana.com\/fr\/wp-json\/wp\/v2\/product_cat?post=23020"},{"taxonomy":"product_tag","embeddable":true,"href":"https:\/\/posana.com\/fr\/wp-json\/wp\/v2\/product_tag?post=23020"},{"taxonomy":"mwb_booking_cost","embeddable":true,"href":"https:\/\/posana.com\/fr\/wp-json\/wp\/v2\/mwb_booking_cost?post=23020"},{"taxonomy":"mwb_booking_service","embeddable":true,"href":"https:\/\/posana.com\/fr\/wp-json\/wp\/v2\/mwb_booking_service?post=23020"}],"curies":[{"name":"wp","href":"https:\/\/api.w.org\/{rel}","templated":true}]}}