{"id":22978,"date":"2024-12-25T19:24:47","date_gmt":"2024-12-25T19:24:47","guid":{"rendered":"https:\/\/posana.com\/?post_type=product&#038;p=22978"},"modified":"2024-12-26T20:39:54","modified_gmt":"2024-12-26T20:39:54","slug":"global-action-serum-eye-contour-15ml","status":"publish","type":"product","link":"https:\/\/posana.com\/fr\/produit\/global-action-serum-eye-contour-15ml\/","title":{"rendered":"Contour d'oeil s\u00e9rum d'action mondial 15ml"},"content":{"rendered":"<p>Pour le contour de l'\u0153il. Anti-vieillissement, soulevant Sa texture Micro-Gel offre une sensation unique sur l'application. Il a un effet de serrage et de lissage instantan\u00e9. La peau est visiblement plus lisse, la zone autour de l'\u0153il est plus ferme, la paupi\u00e8re plus tonique et les rides moins visibles apr\u00e8s les premi\u00e8res applications. Les yeux semblent avoir \u00e9t\u00e9 re-fa\u00e7onn\u00e9s et le contour des yeux est plus clair.<\/p>","protected":false},"excerpt":{"rendered":"<p>For the eye contour. Anti-aging, lifting Its Micro-Gel texture delivers a unique feel on application. It has an instant tightening and smoothing effect. Skin is visibly smoother, the area around the eye is firmer, the eyelid more toned and wrinkles less visible after the first couple of applications. The eyes seem to have been re-shaped [&hellip;]<\/p>\n","protected":false},"featured_media":23152,"comment_status":"open","ping_status":"closed","template":"","meta":{"om_disable_all_campaigns":false,"_monsterinsights_skip_tracking":false,"_monsterinsights_sitenote_active":false,"_monsterinsights_sitenote_note":"","_monsterinsights_sitenote_category":0},"product_brand":[],"product_cat":[61],"product_tag":[],"mwb_booking_cost":[],"mwb_booking_service":[],"class_list":{"0":"post-22978","1":"product","2":"type-product","3":"status-publish","4":"has-post-thumbnail","6":"product_cat-skin-care-products","9":"instock","10":"shipping-taxable","11":"purchasable","12":"product-type-simple","13":"product-grid-view"},"aioseo_notices":[],"_links":{"self":[{"href":"https:\/\/posana.com\/fr\/wp-json\/wp\/v2\/product\/22978","targetHints":{"allow":["GET"]}}],"collection":[{"href":"https:\/\/posana.com\/fr\/wp-json\/wp\/v2\/product"}],"about":[{"href":"https:\/\/posana.com\/fr\/wp-json\/wp\/v2\/types\/product"}],"replies":[{"embeddable":true,"href":"https:\/\/posana.com\/fr\/wp-json\/wp\/v2\/comments?post=22978"}],"version-history":[{"count":2,"href":"https:\/\/posana.com\/fr\/wp-json\/wp\/v2\/product\/22978\/revisions"}],"predecessor-version":[{"id":23153,"href":"https:\/\/posana.com\/fr\/wp-json\/wp\/v2\/product\/22978\/revisions\/23153"}],"wp:featuredmedia":[{"embeddable":true,"href":"https:\/\/posana.com\/fr\/wp-json\/wp\/v2\/media\/23152"}],"wp:attachment":[{"href":"https:\/\/posana.com\/fr\/wp-json\/wp\/v2\/media?parent=22978"}],"wp:term":[{"taxonomy":"product_brand","embeddable":true,"href":"https:\/\/posana.com\/fr\/wp-json\/wp\/v2\/product_brand?post=22978"},{"taxonomy":"product_cat","embeddable":true,"href":"https:\/\/posana.com\/fr\/wp-json\/wp\/v2\/product_cat?post=22978"},{"taxonomy":"product_tag","embeddable":true,"href":"https:\/\/posana.com\/fr\/wp-json\/wp\/v2\/product_tag?post=22978"},{"taxonomy":"mwb_booking_cost","embeddable":true,"href":"https:\/\/posana.com\/fr\/wp-json\/wp\/v2\/mwb_booking_cost?post=22978"},{"taxonomy":"mwb_booking_service","embeddable":true,"href":"https:\/\/posana.com\/fr\/wp-json\/wp\/v2\/mwb_booking_service?post=22978"}],"curies":[{"name":"wp","href":"https:\/\/api.w.org\/{rel}","templated":true}]}}