{"id":22973,"date":"2024-12-25T19:24:47","date_gmt":"2024-12-25T19:24:47","guid":{"rendered":"https:\/\/posana.com\/?post_type=product&#038;p=22973"},"modified":"2024-12-26T20:15:44","modified_gmt":"2024-12-26T20:15:44","slug":"gewhol-leg-vitality","status":"publish","type":"product","link":"https:\/\/posana.com\/fr\/produit\/gewhol-leg-vitality\/","title":{"rendered":"Vitalit\u00e9 de Gewhol Leg"},"content":{"rendered":"<p>Les jambes de la vitalit\u00e9 GEHWOL FUSSKRAFT est un baume pour le soin quotidien des jambes et des pieds. Absorbe rapidement, pas huileux. Fournit une sensation de fra\u00eecheur et rend une peau souple et douce. En massant l\u00e9g\u00e8rement les jambes avec des jambes Vitality, les ingr\u00e9dients naturels p\u00e9n\u00e8trent imm\u00e9diatement dans la peau et soulagent les jambes fatigu\u00e9es et lourdes.<\/p>","protected":false},"excerpt":{"rendered":"<p>Les jambes de la vitalit\u00e9 GEHWOL FUSSKRAFT est un baume pour le soin quotidien des jambes et des pieds. Absorbe rapidement, pas huileux. Fournit une sensation de fra\u00eecheur et rend une peau souple et douce. En massant l\u00e9g\u00e8rement les jambes avec des jambes Vitality, les ingr\u00e9dients naturels p\u00e9n\u00e8trent imm\u00e9diatement dans la peau et soulagent les jambes fatigu\u00e9es et lourdes.<\/p>","protected":false},"featured_media":23148,"comment_status":"open","ping_status":"closed","template":"","meta":{"om_disable_all_campaigns":false,"_monsterinsights_skip_tracking":false,"_monsterinsights_sitenote_active":false,"_monsterinsights_sitenote_note":"","_monsterinsights_sitenote_category":0},"product_brand":[],"product_cat":[102],"product_tag":[],"mwb_booking_cost":[],"mwb_booking_service":[],"class_list":{"0":"post-22973","1":"product","2":"type-product","3":"status-publish","4":"has-post-thumbnail","6":"product_cat-skin-care-products-body-care-products","9":"instock","10":"shipping-taxable","11":"purchasable","12":"product-type-simple","13":"product-grid-view"},"aioseo_notices":[],"_links":{"self":[{"href":"https:\/\/posana.com\/fr\/wp-json\/wp\/v2\/product\/22973","targetHints":{"allow":["GET"]}}],"collection":[{"href":"https:\/\/posana.com\/fr\/wp-json\/wp\/v2\/product"}],"about":[{"href":"https:\/\/posana.com\/fr\/wp-json\/wp\/v2\/types\/product"}],"replies":[{"embeddable":true,"href":"https:\/\/posana.com\/fr\/wp-json\/wp\/v2\/comments?post=22973"}],"version-history":[{"count":1,"href":"https:\/\/posana.com\/fr\/wp-json\/wp\/v2\/product\/22973\/revisions"}],"predecessor-version":[{"id":23003,"href":"https:\/\/posana.com\/fr\/wp-json\/wp\/v2\/product\/22973\/revisions\/23003"}],"wp:featuredmedia":[{"embeddable":true,"href":"https:\/\/posana.com\/fr\/wp-json\/wp\/v2\/media\/23148"}],"wp:attachment":[{"href":"https:\/\/posana.com\/fr\/wp-json\/wp\/v2\/media?parent=22973"}],"wp:term":[{"taxonomy":"product_brand","embeddable":true,"href":"https:\/\/posana.com\/fr\/wp-json\/wp\/v2\/product_brand?post=22973"},{"taxonomy":"product_cat","embeddable":true,"href":"https:\/\/posana.com\/fr\/wp-json\/wp\/v2\/product_cat?post=22973"},{"taxonomy":"product_tag","embeddable":true,"href":"https:\/\/posana.com\/fr\/wp-json\/wp\/v2\/product_tag?post=22973"},{"taxonomy":"mwb_booking_cost","embeddable":true,"href":"https:\/\/posana.com\/fr\/wp-json\/wp\/v2\/mwb_booking_cost?post=22973"},{"taxonomy":"mwb_booking_service","embeddable":true,"href":"https:\/\/posana.com\/fr\/wp-json\/wp\/v2\/mwb_booking_service?post=22973"}],"curies":[{"name":"wp","href":"https:\/\/api.w.org\/{rel}","templated":true}]}}